{"id":20614,"date":"2025-03-13T19:57:08","date_gmt":"2025-03-13T18:57:08","guid":{"rendered":"https:\/\/bibaardoak.eus\/biba-azoka-2025-fr\/"},"modified":"2025-03-26T10:08:06","modified_gmt":"2025-03-26T09:08:06","slug":"biba-azoka-2025-fr","status":"publish","type":"page","link":"https:\/\/bibaardoak.eus\/fr\/biba-azoka-2025-fr\/","title":{"rendered":"Biba Azoka 2025 FR"},"content":{"rendered":"<div class=\"wp-block-cover alignfull is-light\" style=\"min-height:433px;aspect-ratio:unset;\"><span aria-hidden=\"true\" class=\"wp-block-cover__background has-foreground-background-color has-background-dim-0 has-background-dim\"><\/span><img loading=\"lazy\" decoding=\"async\" width=\"1414\" height=\"2000\" class=\"wp-block-cover__image-background wp-image-20572\" alt=\"\" src=\"https:\/\/bibaardoak.eus\/app\/uploads\/2025\/03\/kartela-QR-gabe.jpg\" data-object-fit=\"cover\" srcset=\"https:\/\/bibaardoak.eus\/app\/uploads\/2025\/03\/kartela-QR-gabe.jpg 1414w, https:\/\/bibaardoak.eus\/app\/uploads\/2025\/03\/kartela-QR-gabe-354x500.jpg 354w, https:\/\/bibaardoak.eus\/app\/uploads\/2025\/03\/kartela-QR-gabe-724x1024.jpg 724w, https:\/\/bibaardoak.eus\/app\/uploads\/2025\/03\/kartela-QR-gabe-768x1086.jpg 768w, https:\/\/bibaardoak.eus\/app\/uploads\/2025\/03\/kartela-QR-gabe-1086x1536.jpg 1086w, https:\/\/bibaardoak.eus\/app\/uploads\/2025\/03\/kartela-QR-gabe-600x849.jpg 600w\" sizes=\"auto, (max-width: 1414px) 100vw, 1414px\" \/><div class=\"wp-block-cover__inner-container has-global-padding is-layout-constrained wp-block-cover-is-layout-constrained\"><p class=\"has-text-align-center has-large-font-size\"><\/p><\/div><\/div><h1 class=\"wp-block-heading has-text-align-center has-text-color has-link-color has-bitter-font-family wp-elements-327a120b631ad7c2bb2bd6ce9667637a\" style=\"color:#da3962;font-size:clamp(2.629rem, 2.629rem + ((1vw - 0.2rem) * 2.964), 5rem);font-style:normal;font-weight:700\">BIBA AZOKA 2025<\/h1><h1 class=\"wp-block-heading has-text-align-center\" style=\"font-size:clamp(1.837rem, 1.837rem + ((1vw - 0.2rem) * 1.704), 3.2rem);\">LE PROGRAMME<\/h1><p class=\"has-text-align-center has-large-font-size\">Sur cette page vous trouverez toutes les informations relatives \u00e0 Biba Azoka 2025.<\/p><div class=\"wp-block-columns is-layout-flex wp-container-core-columns-is-layout-1 wp-block-columns-is-layout-flex\" id=\"euskaraz\"><div class=\"wp-block-column is-layout-flow wp-block-column-is-layout-flow\"><figure class=\"wp-block-image size-full\"><img loading=\"lazy\" decoding=\"async\" width=\"1414\" height=\"2000\" src=\"https:\/\/bibaardoak.eus\/app\/uploads\/2025\/03\/kartela-QR-gabe.jpg\" alt=\"\" class=\"wp-image-20572\" srcset=\"https:\/\/bibaardoak.eus\/app\/uploads\/2025\/03\/kartela-QR-gabe.jpg 1414w, https:\/\/bibaardoak.eus\/app\/uploads\/2025\/03\/kartela-QR-gabe-354x500.jpg 354w, https:\/\/bibaardoak.eus\/app\/uploads\/2025\/03\/kartela-QR-gabe-724x1024.jpg 724w, https:\/\/bibaardoak.eus\/app\/uploads\/2025\/03\/kartela-QR-gabe-768x1086.jpg 768w, https:\/\/bibaardoak.eus\/app\/uploads\/2025\/03\/kartela-QR-gabe-1086x1536.jpg 1086w, https:\/\/bibaardoak.eus\/app\/uploads\/2025\/03\/kartela-QR-gabe-600x849.jpg 600w\" sizes=\"auto, (max-width: 1414px) 100vw, 1414px\" \/><\/figure><\/div>\n\n<div class=\"wp-block-column is-vertically-aligned-center is-layout-flow wp-block-column-is-layout-flow\"><div class=\"wp-block-group has-global-padding is-layout-constrained wp-block-group-is-layout-constrained\"><h2 class=\"wp-block-heading\">O\u00f9?<\/h2>\n\n<p>Kantina, rue Arroka 2, Plaza Easo, Donostia.<\/p><\/div>\n\n<h2 class=\"wp-block-heading\">Quand?<\/h2>\n\n<p>Samedi 5 avril.<\/p>\n\n<h2 class=\"wp-block-heading\">Quoi?<\/h2>\n\n<p><em>Kantina<\/em> ouvert toute la journ\u00e9e pour bien manger et boire du local, de saison, fait maison et bio.<\/p>\n\n<p>La librairie <em>Kaxilda<\/em> sera \u00e9galement ouverte avec une large offre de livres de pens\u00e9e critique, la souverainet\u00e9 alimentaire et l&#8217;\u00e9cologie.<\/p>\n\n<p><strong>De 11h \u00e0 18h :<\/strong> l&#8217;occasion de rencontrer une douzaine de vigneron.nes et de d\u00e9guster pr\u00e8s de 100 vins bio et naturels de tout le Pays Basque et de les acheter directement au prix du domaine (amene ton sac ou chariot!).<\/p>\n\n<p><strong>13h<\/strong> pr\u00e9sentation du r\u00e9seau <em>Biba Ardozaleak<\/em>.<\/p>\n\n<p><strong>De 18h \u00e0 23h<\/strong> f\u00eate avec les DJ Itzaletan Sua (Disco-Funk ann\u00e9es 70-80) et Mane Galinha (Disco-House).<\/p><\/div><\/div><div class=\"wp-block-columns is-layout-flex wp-container-core-columns-is-layout-2 wp-block-columns-is-layout-flex\"><div class=\"wp-block-column is-layout-flow wp-block-column-is-layout-flow\"><div class=\"wp-block-group has-background has-global-padding is-layout-constrained wp-container-core-group-is-layout-2 wp-block-group-is-layout-constrained\" style=\"border-radius:10px;background-color:#eed749;padding-top:var(--wp--preset--spacing--30);padding-right:var(--wp--preset--spacing--30);padding-bottom:var(--wp--preset--spacing--30);padding-left:var(--wp--preset--spacing--30)\"><h1 class=\"wp-block-heading\"><strong>SALON<\/strong><\/h1>\n\n<p>Verre offert + d\u00e9gustation des dizaines de vins bio et nature basques et option de les acheter au prix cave.<\/p>\n\n<h1 class=\"wp-block-heading\"><strong>10\u20ac<\/strong><\/h1>\n\n<div class=\"wp-block-buttons is-layout-flex wp-block-buttons-is-layout-flex\"><div class=\"wp-block-button\"><a class=\"wp-block-button__link has-background wp-element-button\" href=\"https:\/\/bibaardoak.eus\/fr\/producto\/biba-azoka-2025-entrada\/\" style=\"border-radius:15px;background-color:#da3962\">ACHETER ENTR\u00c9E<\/a><\/div><\/div><\/div><\/div>\n\n<div class=\"wp-block-column is-layout-flow wp-block-column-is-layout-flow\"><iframe src=\"https:\/\/www.google.com\/maps\/embed?pb=!1m18!1m12!1m3!1d2902.988604919159!2d-1.985370523159558!3d43.31449797112029!2m3!1f0!2f0!3f0!3m2!1i1024!2i768!4f13.1!3m3!1m2!1s0xd51a5006d93714d%3A0x39f530286d894075!2sKANTINA!5e0!3m2!1ses!2ses!4v1741888546323!5m2!1ses!2ses\" width=\"100%\" height=\"100%\" style=\"border:0;\" allowfullscreen=\"\" loading=\"lazy\" referrerpolicy=\"no-referrer-when-downgrade\"><\/iframe><\/div><\/div><p><\/p>","protected":false},"excerpt":{"rendered":"<p>BIBA AZOKA 2025 LE PROGRAMME Sur cette page vous trouverez toutes les informations relatives \u00e0 Biba Azoka 2025. O\u00f9? Kantina, rue Arroka 2, Plaza Easo, Donostia. Quand? Samedi 5 avril. Quoi? Kantina ouvert toute la journ\u00e9e pour bien manger et boire du local, de saison, fait maison et bio. La librairie Kaxilda sera \u00e9galement ouverte [&hellip;]<\/p>\n","protected":false},"author":24,"featured_media":20573,"parent":0,"menu_order":0,"comment_status":"closed","ping_status":"closed","template":"","meta":{"footnotes":""},"class_list":["post-20614","page","type-page","status-publish","has-post-thumbnail","hentry"],"yoast_head":"<!-- This site is optimized with the Yoast SEO plugin v22.2 - https:\/\/yoast.com\/wordpress\/plugins\/seo\/ -->\n<title>Biba Azoka 2025 FR - Biba Ardoak<\/title>\n<meta name=\"robots\" content=\"index, follow, max-snippet:-1, max-image-preview:large, max-video-preview:-1\" \/>\n<link rel=\"canonical\" href=\"https:\/\/bibaardoak.eus\/fr\/biba-azoka-2025-fr\/\" \/>\n<meta property=\"og:locale\" content=\"fr_FR\" \/>\n<meta property=\"og:type\" content=\"article\" \/>\n<meta property=\"og:title\" content=\"Biba Azoka 2025 FR - Biba Ardoak\" \/>\n<meta property=\"og:description\" content=\"BIBA AZOKA 2025 LE PROGRAMME Sur cette page vous trouverez toutes les informations relatives \u00e0 Biba Azoka 2025. O\u00f9? Kantina, rue Arroka 2, Plaza Easo, Donostia. Quand? Samedi 5 avril. Quoi? Kantina ouvert toute la journ\u00e9e pour bien manger et boire du local, de saison, fait maison et bio. La librairie Kaxilda sera \u00e9galement ouverte [&hellip;]\" \/>\n<meta property=\"og:url\" content=\"https:\/\/bibaardoak.eus\/fr\/biba-azoka-2025-fr\/\" \/>\n<meta property=\"og:site_name\" content=\"Biba Ardoak\" \/>\n<meta property=\"article:modified_time\" content=\"2025-03-26T09:08:06+00:00\" \/>\n<meta property=\"og:image\" content=\"https:\/\/bibaardoak.eus\/app\/uploads\/2025\/03\/kartela-QR-gabe.jpg\" \/>\n\t<meta property=\"og:image:width\" content=\"1414\" \/>\n\t<meta property=\"og:image:height\" content=\"2000\" \/>\n\t<meta property=\"og:image:type\" content=\"image\/jpeg\" \/>\n<meta name=\"twitter:card\" content=\"summary_large_image\" \/>\n<meta name=\"twitter:label1\" content=\"Est. reading time\" \/>\n\t<meta name=\"twitter:data1\" content=\"1 minute\" \/>\n<script type=\"application\/ld+json\" class=\"yoast-schema-graph\">{\"@context\":\"https:\/\/schema.org\",\"@graph\":[{\"@type\":\"WebPage\",\"@id\":\"https:\/\/bibaardoak.eus\/fr\/biba-azoka-2025-fr\/\",\"url\":\"https:\/\/bibaardoak.eus\/fr\/biba-azoka-2025-fr\/\",\"name\":\"Biba Azoka 2025 FR - Biba Ardoak\",\"isPartOf\":{\"@id\":\"https:\/\/bibaardoak.eus\/es\/#website\"},\"primaryImageOfPage\":{\"@id\":\"https:\/\/bibaardoak.eus\/fr\/biba-azoka-2025-fr\/#primaryimage\"},\"image\":{\"@id\":\"https:\/\/bibaardoak.eus\/fr\/biba-azoka-2025-fr\/#primaryimage\"},\"thumbnailUrl\":\"https:\/\/bibaardoak.eus\/app\/uploads\/2025\/03\/kartela-QR-gabe.jpg\",\"datePublished\":\"2025-03-13T18:57:08+00:00\",\"dateModified\":\"2025-03-26T09:08:06+00:00\",\"breadcrumb\":{\"@id\":\"https:\/\/bibaardoak.eus\/fr\/biba-azoka-2025-fr\/#breadcrumb\"},\"inLanguage\":\"fr-FR\",\"potentialAction\":[{\"@type\":\"ReadAction\",\"target\":[\"https:\/\/bibaardoak.eus\/fr\/biba-azoka-2025-fr\/\"]}]},{\"@type\":\"ImageObject\",\"inLanguage\":\"fr-FR\",\"@id\":\"https:\/\/bibaardoak.eus\/fr\/biba-azoka-2025-fr\/#primaryimage\",\"url\":\"https:\/\/bibaardoak.eus\/app\/uploads\/2025\/03\/kartela-QR-gabe.jpg\",\"contentUrl\":\"https:\/\/bibaardoak.eus\/app\/uploads\/2025\/03\/kartela-QR-gabe.jpg\",\"width\":1414,\"height\":2000},{\"@type\":\"BreadcrumbList\",\"@id\":\"https:\/\/bibaardoak.eus\/fr\/biba-azoka-2025-fr\/#breadcrumb\",\"itemListElement\":[{\"@type\":\"ListItem\",\"position\":1,\"name\":\"Home\",\"item\":\"https:\/\/bibaardoak.eus\/fr\/\"},{\"@type\":\"ListItem\",\"position\":2,\"name\":\"Biba Azoka 2025 FR\"}]},{\"@type\":\"WebSite\",\"@id\":\"https:\/\/bibaardoak.eus\/es\/#website\",\"url\":\"https:\/\/bibaardoak.eus\/es\/\",\"name\":\"Biba Ardoak\",\"description\":\"Euskal Mahastizainen Ardo Ekologikoak eta Naturalak\",\"publisher\":{\"@id\":\"https:\/\/bibaardoak.eus\/es\/#organization\"},\"potentialAction\":[{\"@type\":\"SearchAction\",\"target\":{\"@type\":\"EntryPoint\",\"urlTemplate\":\"https:\/\/bibaardoak.eus\/es\/?s={search_term_string}\"},\"query-input\":\"required name=search_term_string\"}],\"inLanguage\":\"fr-FR\"},{\"@type\":\"Organization\",\"@id\":\"https:\/\/bibaardoak.eus\/es\/#organization\",\"name\":\"Biba Ardoak\",\"url\":\"https:\/\/bibaardoak.eus\/es\/\",\"logo\":{\"@type\":\"ImageObject\",\"inLanguage\":\"fr-FR\",\"@id\":\"https:\/\/bibaardoak.eus\/es\/#\/schema\/logo\/image\/\",\"url\":\"https:\/\/bibaardoak.eus\/app\/uploads\/2020\/10\/logo.png\",\"contentUrl\":\"https:\/\/bibaardoak.eus\/app\/uploads\/2020\/10\/logo.png\",\"width\":165,\"height\":89,\"caption\":\"Biba Ardoak\"},\"image\":{\"@id\":\"https:\/\/bibaardoak.eus\/es\/#\/schema\/logo\/image\/\"}}]}<\/script>\n<!-- \/ Yoast SEO plugin. -->","yoast_head_json":{"title":"Biba Azoka 2025 FR - Biba Ardoak","robots":{"index":"index","follow":"follow","max-snippet":"max-snippet:-1","max-image-preview":"max-image-preview:large","max-video-preview":"max-video-preview:-1"},"canonical":"https:\/\/bibaardoak.eus\/fr\/biba-azoka-2025-fr\/","og_locale":"fr_FR","og_type":"article","og_title":"Biba Azoka 2025 FR - Biba Ardoak","og_description":"BIBA AZOKA 2025 LE PROGRAMME Sur cette page vous trouverez toutes les informations relatives \u00e0 Biba Azoka 2025. O\u00f9? Kantina, rue Arroka 2, Plaza Easo, Donostia. Quand? Samedi 5 avril. Quoi? Kantina ouvert toute la journ\u00e9e pour bien manger et boire du local, de saison, fait maison et bio. La librairie Kaxilda sera \u00e9galement ouverte [&hellip;]","og_url":"https:\/\/bibaardoak.eus\/fr\/biba-azoka-2025-fr\/","og_site_name":"Biba Ardoak","article_modified_time":"2025-03-26T09:08:06+00:00","og_image":[{"width":1414,"height":2000,"url":"https:\/\/bibaardoak.eus\/app\/uploads\/2025\/03\/kartela-QR-gabe.jpg","type":"image\/jpeg"}],"twitter_card":"summary_large_image","twitter_misc":{"Est. reading time":"1 minute"},"schema":{"@context":"https:\/\/schema.org","@graph":[{"@type":"WebPage","@id":"https:\/\/bibaardoak.eus\/fr\/biba-azoka-2025-fr\/","url":"https:\/\/bibaardoak.eus\/fr\/biba-azoka-2025-fr\/","name":"Biba Azoka 2025 FR - Biba Ardoak","isPartOf":{"@id":"https:\/\/bibaardoak.eus\/es\/#website"},"primaryImageOfPage":{"@id":"https:\/\/bibaardoak.eus\/fr\/biba-azoka-2025-fr\/#primaryimage"},"image":{"@id":"https:\/\/bibaardoak.eus\/fr\/biba-azoka-2025-fr\/#primaryimage"},"thumbnailUrl":"https:\/\/bibaardoak.eus\/app\/uploads\/2025\/03\/kartela-QR-gabe.jpg","datePublished":"2025-03-13T18:57:08+00:00","dateModified":"2025-03-26T09:08:06+00:00","breadcrumb":{"@id":"https:\/\/bibaardoak.eus\/fr\/biba-azoka-2025-fr\/#breadcrumb"},"inLanguage":"fr-FR","potentialAction":[{"@type":"ReadAction","target":["https:\/\/bibaardoak.eus\/fr\/biba-azoka-2025-fr\/"]}]},{"@type":"ImageObject","inLanguage":"fr-FR","@id":"https:\/\/bibaardoak.eus\/fr\/biba-azoka-2025-fr\/#primaryimage","url":"https:\/\/bibaardoak.eus\/app\/uploads\/2025\/03\/kartela-QR-gabe.jpg","contentUrl":"https:\/\/bibaardoak.eus\/app\/uploads\/2025\/03\/kartela-QR-gabe.jpg","width":1414,"height":2000},{"@type":"BreadcrumbList","@id":"https:\/\/bibaardoak.eus\/fr\/biba-azoka-2025-fr\/#breadcrumb","itemListElement":[{"@type":"ListItem","position":1,"name":"Home","item":"https:\/\/bibaardoak.eus\/fr\/"},{"@type":"ListItem","position":2,"name":"Biba Azoka 2025 FR"}]},{"@type":"WebSite","@id":"https:\/\/bibaardoak.eus\/es\/#website","url":"https:\/\/bibaardoak.eus\/es\/","name":"Biba Ardoak","description":"Euskal Mahastizainen Ardo Ekologikoak eta Naturalak","publisher":{"@id":"https:\/\/bibaardoak.eus\/es\/#organization"},"potentialAction":[{"@type":"SearchAction","target":{"@type":"EntryPoint","urlTemplate":"https:\/\/bibaardoak.eus\/es\/?s={search_term_string}"},"query-input":"required name=search_term_string"}],"inLanguage":"fr-FR"},{"@type":"Organization","@id":"https:\/\/bibaardoak.eus\/es\/#organization","name":"Biba Ardoak","url":"https:\/\/bibaardoak.eus\/es\/","logo":{"@type":"ImageObject","inLanguage":"fr-FR","@id":"https:\/\/bibaardoak.eus\/es\/#\/schema\/logo\/image\/","url":"https:\/\/bibaardoak.eus\/app\/uploads\/2020\/10\/logo.png","contentUrl":"https:\/\/bibaardoak.eus\/app\/uploads\/2020\/10\/logo.png","width":165,"height":89,"caption":"Biba Ardoak"},"image":{"@id":"https:\/\/bibaardoak.eus\/es\/#\/schema\/logo\/image\/"}}]}},"_links":{"self":[{"href":"https:\/\/bibaardoak.eus\/fr\/wp-json\/wp\/v2\/pages\/20614","targetHints":{"allow":["GET"]}}],"collection":[{"href":"https:\/\/bibaardoak.eus\/fr\/wp-json\/wp\/v2\/pages"}],"about":[{"href":"https:\/\/bibaardoak.eus\/fr\/wp-json\/wp\/v2\/types\/page"}],"author":[{"embeddable":true,"href":"https:\/\/bibaardoak.eus\/fr\/wp-json\/wp\/v2\/users\/24"}],"replies":[{"embeddable":true,"href":"https:\/\/bibaardoak.eus\/fr\/wp-json\/wp\/v2\/comments?post=20614"}],"version-history":[{"count":1,"href":"https:\/\/bibaardoak.eus\/fr\/wp-json\/wp\/v2\/pages\/20614\/revisions"}],"predecessor-version":[{"id":20615,"href":"https:\/\/bibaardoak.eus\/fr\/wp-json\/wp\/v2\/pages\/20614\/revisions\/20615"}],"wp:featuredmedia":[{"embeddable":true,"href":"https:\/\/bibaardoak.eus\/fr\/wp-json\/wp\/v2\/media\/20573"}],"wp:attachment":[{"href":"https:\/\/bibaardoak.eus\/fr\/wp-json\/wp\/v2\/media?parent=20614"}],"curies":[{"name":"wp","href":"https:\/\/api.w.org\/{rel}","templated":true}]}}