{"id":20438,"date":"2024-12-12T09:57:18","date_gmt":"2024-12-12T08:57:18","guid":{"rendered":"https:\/\/bibaardoak.eus\/blog\/"},"modified":"2024-12-12T09:57:18","modified_gmt":"2024-12-12T08:57:18","slug":"blog","status":"publish","type":"page","link":"https:\/\/bibaardoak.eus\/fr\/blog\/","title":{"rendered":"Blog"},"content":{"rendered":"<div class=\"wp-block-group alignwide has-global-padding is-layout-constrained wp-block-group-is-layout-constrained\"><div class=\"wp-block-columns alignwide is-layout-flex wp-container-core-columns-is-layout-1 wp-block-columns-is-layout-flex\"><div class=\"wp-block-column is-layout-flow wp-block-column-is-layout-flow\" style=\"flex-basis:66.66%\"><div class=\"wp-block-query eplus-wrapper is-layout-flow wp-block-query-is-layout-flow\"><ul class=\"columns-1 wp-block-post-template is-layout-grid wp-container-core-post-template-is-layout-1 wp-block-post-template-is-layout-grid\"><li class=\"wp-block-post post-9602 post type-post status-publish format-standard has-post-thumbnail hentry category-biba-blog-fr-2\"><div class=\"wp-block-cover has-custom-content-position is-position-bottom-left zoom_in--post eplus-wrapper\" style=\"border-radius:5px;padding-top:0;padding-right:0;padding-bottom:0;padding-left:0;min-height:650px;aspect-ratio:unset;\"><span aria-hidden=\"true\" class=\"wp-block-cover__background has-background-dim-60 has-background-dim has-background-gradient\" style=\"background:linear-gradient(0deg,rgb(0,0,0) 0%,rgba(255,255,255,0) 100%)\"><\/span><img loading=\"lazy\" decoding=\"async\" width=\"800\" height=\"533\" src=\"https:\/\/bibaardoak.eus\/app\/uploads\/2023\/03\/biba-azokaren-aurkezpen-agerraldia.jpg\" class=\"wp-block-cover__image-background wp-post-image\" alt=\"\" data-object-fit=\"cover\" srcset=\"https:\/\/bibaardoak.eus\/app\/uploads\/2023\/03\/biba-azokaren-aurkezpen-agerraldia.jpg 800w, https:\/\/bibaardoak.eus\/app\/uploads\/2023\/03\/biba-azokaren-aurkezpen-agerraldia-300x200.jpg 300w, https:\/\/bibaardoak.eus\/app\/uploads\/2023\/03\/biba-azokaren-aurkezpen-agerraldia-768x512.jpg 768w, https:\/\/bibaardoak.eus\/app\/uploads\/2023\/03\/biba-azokaren-aurkezpen-agerraldia-600x400.jpg 600w\" sizes=\"auto, (max-width: 800px) 100vw, 800px\" \/><div class=\"wp-block-cover__inner-container is-layout-flow wp-block-cover-is-layout-flow\"><div class=\"wp-block-group alignfull eplus-wrapper is-layout-flow wp-block-group-is-layout-flow\" style=\"padding-top:var(--wp--preset--spacing--80);padding-right:1rem;padding-bottom:1rem;padding-left:1rem\"><h2 style=\"font-size:0px;\" class=\"zoom_in--post--title wp-block-post-title\"><a href=\"https:\/\/bibaardoak.eus\/fr\/nous-avons-presente-biba-azoka-2023\/\" target=\"_self\" >Pr\u00e9sentation de Biba Azoka 2023<\/a><\/h2>\n\n<div class=\"taxonomy-category has-link-color  wp-elements-54254a673fb99f8e92dc0f45a74f3055 wp-block-post-terms\"><a href=\"https:\/\/bibaardoak.eus\/fr\/category\/biba-blog-fr-2\/\" rel=\"tag\">BIBA blog<\/a><\/div>\n\n<h2 style=\"padding-bottom:var(--wp--preset--spacing--50);margin-top:var(--wp--preset--spacing--30);\" class=\"has-link-color  wp-elements-0d894bb0f5f24cdf9530451c4d26bfa8 wp-block-post-title has-text-color has-background-color has-large-font-size\"><a href=\"https:\/\/bibaardoak.eus\/fr\/nous-avons-presente-biba-azoka-2023\/\" target=\"_self\" >Pr\u00e9sentation de Biba Azoka 2023<\/a><\/h2><\/div><\/div><\/div><\/li><\/ul><\/div>\n\n<div class=\"wp-block-query eplus-wrapper is-layout-flow wp-block-query-is-layout-flow\"><ul class=\"columns-2 wp-block-post-template is-layout-grid wp-container-core-post-template-is-layout-2 wp-block-post-template-is-layout-grid\"><li class=\"wp-block-post post-8228 post type-post status-publish format-standard has-post-thumbnail hentry category-non-classifiee\"><div class=\"wp-block-cover has-custom-content-position is-position-bottom-left zoom_in--post eplus-wrapper\" style=\"border-radius:5px;padding-top:0;padding-right:0;padding-bottom:0;padding-left:0;min-height:650px;aspect-ratio:unset;\"><span aria-hidden=\"true\" class=\"wp-block-cover__background has-background-dim-60 has-background-dim has-background-gradient\" style=\"background:linear-gradient(0deg,rgb(0,0,0) 0%,rgba(255,255,255,0) 100%)\"><\/span><img loading=\"lazy\" decoding=\"async\" width=\"424\" height=\"600\" src=\"https:\/\/bibaardoak.eus\/app\/uploads\/2022\/03\/korrikako-ardoa.jpg\" class=\"wp-block-cover__image-background wp-post-image\" alt=\"\" data-object-fit=\"cover\" srcset=\"https:\/\/bibaardoak.eus\/app\/uploads\/2022\/03\/korrikako-ardoa.jpg 424w, https:\/\/bibaardoak.eus\/app\/uploads\/2022\/03\/korrikako-ardoa-212x300.jpg 212w\" sizes=\"auto, (max-width: 424px) 100vw, 424px\" \/><div class=\"wp-block-cover__inner-container is-layout-flow wp-block-cover-is-layout-flow\"><div class=\"wp-block-group alignfull eplus-wrapper is-layout-flow wp-block-group-is-layout-flow\" style=\"padding-top:var(--wp--preset--spacing--80);padding-right:1rem;padding-bottom:1rem;padding-left:1rem\"><h2 style=\"font-size:0px;\" class=\"zoom_in--post--title wp-block-post-title\"><a href=\"https:\/\/bibaardoak.eus\/fr\/vin-officiel-de-korrika\/\" target=\"_self\" >Vin officiel de Korrika<\/a><\/h2>\n\n<div class=\"taxonomy-category has-link-color  wp-elements-54254a673fb99f8e92dc0f45a74f3055 wp-block-post-terms\"><a href=\"https:\/\/bibaardoak.eus\/fr\/category\/non-classifiee\/\" rel=\"tag\">Non classifi\u00e9(e)<\/a><\/div>\n\n<h2 style=\"padding-bottom:var(--wp--preset--spacing--50);margin-top:var(--wp--preset--spacing--30);\" class=\"has-link-color  wp-elements-0d894bb0f5f24cdf9530451c4d26bfa8 wp-block-post-title has-text-color has-background-color has-large-font-size\"><a href=\"https:\/\/bibaardoak.eus\/fr\/vin-officiel-de-korrika\/\" target=\"_self\" >Vin officiel de Korrika<\/a><\/h2><\/div><\/div><\/div><\/li><li class=\"wp-block-post post-8208 post type-post status-publish format-standard has-post-thumbnail hentry category-non-classifiee\"><div class=\"wp-block-cover has-custom-content-position is-position-bottom-left zoom_in--post eplus-wrapper\" style=\"border-radius:5px;padding-top:0;padding-right:0;padding-bottom:0;padding-left:0;min-height:650px;aspect-ratio:unset;\"><span aria-hidden=\"true\" class=\"wp-block-cover__background has-background-dim-60 has-background-dim has-background-gradient\" style=\"background:linear-gradient(0deg,rgb(0,0,0) 0%,rgba(255,255,255,0) 100%)\"><\/span><img loading=\"lazy\" decoding=\"async\" width=\"800\" height=\"524\" src=\"https:\/\/bibaardoak.eus\/app\/uploads\/2022\/03\/Biba-Azoka-Tabakalera.jpg\" class=\"wp-block-cover__image-background wp-post-image\" alt=\"Biba Azoka Tabakalera\" data-object-fit=\"cover\" srcset=\"https:\/\/bibaardoak.eus\/app\/uploads\/2022\/03\/Biba-Azoka-Tabakalera.jpg 800w, https:\/\/bibaardoak.eus\/app\/uploads\/2022\/03\/Biba-Azoka-Tabakalera-300x197.jpg 300w, https:\/\/bibaardoak.eus\/app\/uploads\/2022\/03\/Biba-Azoka-Tabakalera-768x503.jpg 768w, https:\/\/bibaardoak.eus\/app\/uploads\/2022\/03\/Biba-Azoka-Tabakalera-600x393.jpg 600w\" sizes=\"auto, (max-width: 800px) 100vw, 800px\" \/><div class=\"wp-block-cover__inner-container is-layout-flow wp-block-cover-is-layout-flow\"><div class=\"wp-block-group alignfull eplus-wrapper is-layout-flow wp-block-group-is-layout-flow\" style=\"padding-top:var(--wp--preset--spacing--80);padding-right:1rem;padding-bottom:1rem;padding-left:1rem\"><h2 style=\"font-size:0px;\" class=\"zoom_in--post--title wp-block-post-title\"><a href=\"https:\/\/bibaardoak.eus\/fr\/biba-azoka-culture-vivante-du-vin\/\" target=\"_self\" >Biba Azoka, culture vivante du vin<\/a><\/h2>\n\n<div class=\"taxonomy-category has-link-color  wp-elements-54254a673fb99f8e92dc0f45a74f3055 wp-block-post-terms\"><a href=\"https:\/\/bibaardoak.eus\/fr\/category\/non-classifiee\/\" rel=\"tag\">Non classifi\u00e9(e)<\/a><\/div>\n\n<h2 style=\"padding-bottom:var(--wp--preset--spacing--50);margin-top:var(--wp--preset--spacing--30);\" class=\"has-link-color  wp-elements-0d894bb0f5f24cdf9530451c4d26bfa8 wp-block-post-title has-text-color has-background-color has-large-font-size\"><a href=\"https:\/\/bibaardoak.eus\/fr\/biba-azoka-culture-vivante-du-vin\/\" target=\"_self\" >Biba Azoka, culture vivante du vin<\/a><\/h2><\/div><\/div><\/div><\/li><\/ul><\/div>\n\n<div class=\"wp-block-query eplus-wrapper is-layout-flow wp-block-query-is-layout-flow\"><ul class=\"columns-1 wp-block-post-template is-layout-grid wp-container-core-post-template-is-layout-3 wp-block-post-template-is-layout-grid\"><li class=\"wp-block-post post-4969 post type-post status-publish format-standard has-post-thumbnail hentry category-non-classifiee\"><div class=\"wp-block-cover has-custom-content-position is-position-bottom-left zoom_in--post eplus-wrapper\" style=\"border-radius:5px;padding-top:0;padding-right:0;padding-bottom:0;padding-left:0;min-height:650px;aspect-ratio:unset;\"><span aria-hidden=\"true\" class=\"wp-block-cover__background has-background-dim-60 has-background-dim has-background-gradient\" style=\"background:linear-gradient(0deg,rgb(0,0,0) 0%,rgba(255,255,255,0) 100%)\"><\/span><div class=\"wp-block-cover__inner-container is-layout-flow wp-block-cover-is-layout-flow\"><div class=\"wp-block-group alignfull eplus-wrapper is-layout-flow wp-block-group-is-layout-flow\" style=\"padding-top:var(--wp--preset--spacing--80);padding-right:1rem;padding-bottom:1rem;padding-left:1rem\"><h2 style=\"font-size:0px;\" class=\"zoom_in--post--title wp-block-post-title\"><a href=\"https:\/\/bibaardoak.eus\/fr\/biba-besta-un-vin-et-un-emballage-nouveau-pour-celebrer-la-vie\/\" target=\"_self\" >Biba besta! un vin et un packaging nouveaux pour c\u00e9l\u00e9brer la vie<\/a><\/h2>\n\n<div class=\"taxonomy-category has-link-color  wp-elements-54254a673fb99f8e92dc0f45a74f3055 wp-block-post-terms\"><a href=\"https:\/\/bibaardoak.eus\/fr\/category\/non-classifiee\/\" rel=\"tag\">Non classifi\u00e9(e)<\/a><\/div>\n\n<h2 style=\"padding-bottom:var(--wp--preset--spacing--50);margin-top:var(--wp--preset--spacing--30);\" class=\"has-link-color  wp-elements-0d894bb0f5f24cdf9530451c4d26bfa8 wp-block-post-title has-text-color has-background-color has-large-font-size\"><a href=\"https:\/\/bibaardoak.eus\/fr\/biba-besta-un-vin-et-un-emballage-nouveau-pour-celebrer-la-vie\/\" target=\"_self\" >Biba besta! un vin et un packaging nouveaux pour c\u00e9l\u00e9brer la vie<\/a><\/h2><\/div><\/div><\/div><\/li><\/ul><\/div>\n\n<div class=\"wp-block-query eplus-wrapper is-layout-flow wp-block-query-is-layout-flow\"><ul class=\"columns-2 wp-block-post-template is-layout-grid wp-container-core-post-template-is-layout-4 wp-block-post-template-is-layout-grid\"><li class=\"wp-block-post post-4910 post type-post status-publish format-standard has-post-thumbnail hentry category-non-classifiee\"><div class=\"wp-block-cover has-custom-content-position is-position-bottom-left zoom_in--post eplus-wrapper\" style=\"border-radius:5px;padding-top:0;padding-right:0;padding-bottom:0;padding-left:0;min-height:650px;aspect-ratio:unset;\"><span aria-hidden=\"true\" class=\"wp-block-cover__background has-background-dim-60 has-background-dim has-background-gradient\" style=\"background:linear-gradient(0deg,rgb(0,0,0) 0%,rgba(255,255,255,0) 100%)\"><\/span><div class=\"wp-block-cover__inner-container is-layout-flow wp-block-cover-is-layout-flow\"><div class=\"wp-block-group alignfull eplus-wrapper is-layout-flow wp-block-group-is-layout-flow\" style=\"padding-top:var(--wp--preset--spacing--80);padding-right:1rem;padding-bottom:1rem;padding-left:1rem\"><h2 style=\"font-size:0px;\" class=\"zoom_in--post--title wp-block-post-title\"><a href=\"https:\/\/bibaardoak.eus\/fr\/en-ce-jour-de-la-terre-mere\/\" target=\"_self\" >En ce jour de la Terre M\u00e8re<\/a><\/h2>\n\n<div class=\"taxonomy-category has-link-color  wp-elements-54254a673fb99f8e92dc0f45a74f3055 wp-block-post-terms\"><a href=\"https:\/\/bibaardoak.eus\/fr\/category\/non-classifiee\/\" rel=\"tag\">Non classifi\u00e9(e)<\/a><\/div>\n\n<h2 style=\"padding-bottom:var(--wp--preset--spacing--50);margin-top:var(--wp--preset--spacing--30);\" class=\"has-link-color  wp-elements-0d894bb0f5f24cdf9530451c4d26bfa8 wp-block-post-title has-text-color has-background-color has-large-font-size\"><a href=\"https:\/\/bibaardoak.eus\/fr\/en-ce-jour-de-la-terre-mere\/\" target=\"_self\" >En ce jour de la Terre M\u00e8re<\/a><\/h2><\/div><\/div><\/div><\/li><li class=\"wp-block-post post-4868 post type-post status-publish format-standard has-post-thumbnail hentry category-non-classifiee\"><div class=\"wp-block-cover has-custom-content-position is-position-bottom-left zoom_in--post eplus-wrapper\" style=\"border-radius:5px;padding-top:0;padding-right:0;padding-bottom:0;padding-left:0;min-height:650px;aspect-ratio:unset;\"><span aria-hidden=\"true\" class=\"wp-block-cover__background has-background-dim-60 has-background-dim has-background-gradient\" style=\"background:linear-gradient(0deg,rgb(0,0,0) 0%,rgba(255,255,255,0) 100%)\"><\/span><div class=\"wp-block-cover__inner-container is-layout-flow wp-block-cover-is-layout-flow\"><div class=\"wp-block-group alignfull eplus-wrapper is-layout-flow wp-block-group-is-layout-flow\" style=\"padding-top:var(--wp--preset--spacing--80);padding-right:1rem;padding-bottom:1rem;padding-left:1rem\"><h2 style=\"font-size:0px;\" class=\"zoom_in--post--title wp-block-post-title\"><a href=\"https:\/\/bibaardoak.eus\/fr\/presentation-de-biba-ardoak-a-donostia\/\" target=\"_self\" >Pr\u00e9sentation de Biba Ardoak \u00e0 Saint-S\u00e9bastien<\/a><\/h2>\n\n<div class=\"taxonomy-category has-link-color  wp-elements-54254a673fb99f8e92dc0f45a74f3055 wp-block-post-terms\"><a href=\"https:\/\/bibaardoak.eus\/fr\/category\/non-classifiee\/\" rel=\"tag\">Non classifi\u00e9(e)<\/a><\/div>\n\n<h2 style=\"padding-bottom:var(--wp--preset--spacing--50);margin-top:var(--wp--preset--spacing--30);\" class=\"has-link-color  wp-elements-0d894bb0f5f24cdf9530451c4d26bfa8 wp-block-post-title has-text-color has-background-color has-large-font-size\"><a href=\"https:\/\/bibaardoak.eus\/fr\/presentation-de-biba-ardoak-a-donostia\/\" target=\"_self\" >Pr\u00e9sentation de Biba Ardoak \u00e0 Saint-S\u00e9bastien<\/a><\/h2><\/div><\/div><\/div><\/li><\/ul><\/div>\n\n<div class=\"wp-block-query eplus-wrapper is-layout-flow wp-block-query-is-layout-flow\"><ul class=\"columns-1 wp-block-post-template is-layout-grid wp-container-core-post-template-is-layout-5 wp-block-post-template-is-layout-grid\"><li class=\"wp-block-post post-4848 post type-post status-publish format-standard has-post-thumbnail hentry category-non-classifiee\"><div class=\"wp-block-cover has-custom-content-position is-position-bottom-left zoom_in--post eplus-wrapper\" style=\"border-radius:5px;padding-top:0;padding-right:0;padding-bottom:0;padding-left:0;min-height:650px;aspect-ratio:unset;\"><span aria-hidden=\"true\" class=\"wp-block-cover__background has-background-dim-60 has-background-dim has-background-gradient\" style=\"background:linear-gradient(0deg,rgb(0,0,0) 0%,rgba(255,255,255,0) 100%)\"><\/span><div class=\"wp-block-cover__inner-container is-layout-flow wp-block-cover-is-layout-flow\"><div class=\"wp-block-group alignfull eplus-wrapper is-layout-flow wp-block-group-is-layout-flow\" style=\"padding-top:var(--wp--preset--spacing--80);padding-right:1rem;padding-bottom:1rem;padding-left:1rem\"><h2 style=\"font-size:0px;\" class=\"zoom_in--post--title wp-block-post-title\"><a href=\"https:\/\/bibaardoak.eus\/fr\/en-temps-de-crise-covid-19-sante-et-cooperation\/\" target=\"_self\" >En temps de crise Covid-19: sant\u00e9 et coop\u00e9ration<\/a><\/h2>\n\n<div class=\"taxonomy-category has-link-color  wp-elements-54254a673fb99f8e92dc0f45a74f3055 wp-block-post-terms\"><a href=\"https:\/\/bibaardoak.eus\/fr\/category\/non-classifiee\/\" rel=\"tag\">Non classifi\u00e9(e)<\/a><\/div>\n\n<h2 style=\"padding-bottom:var(--wp--preset--spacing--50);margin-top:var(--wp--preset--spacing--30);\" class=\"has-link-color  wp-elements-0d894bb0f5f24cdf9530451c4d26bfa8 wp-block-post-title has-text-color has-background-color has-large-font-size\"><a href=\"https:\/\/bibaardoak.eus\/fr\/en-temps-de-crise-covid-19-sante-et-cooperation\/\" target=\"_self\" >En temps de crise Covid-19: sant\u00e9 et coop\u00e9ration<\/a><\/h2><\/div><\/div><\/div><\/li><\/ul><\/div>\n\n<div class=\"wp-block-query eplus-wrapper is-layout-flow wp-block-query-is-layout-flow\"><ul class=\"columns-2 wp-block-post-template is-layout-grid wp-container-core-post-template-is-layout-6 wp-block-post-template-is-layout-grid\"><li class=\"wp-block-post post-4843 post type-post status-publish format-standard has-post-thumbnail hentry\"><div class=\"wp-block-cover has-custom-content-position is-position-bottom-left zoom_in--post eplus-wrapper\" style=\"border-radius:5px;padding-top:0;padding-right:0;padding-bottom:0;padding-left:0;min-height:650px;aspect-ratio:unset;\"><span aria-hidden=\"true\" class=\"wp-block-cover__background has-background-dim-60 has-background-dim has-background-gradient\" style=\"background:linear-gradient(0deg,rgb(0,0,0) 0%,rgba(255,255,255,0) 100%)\"><\/span><div class=\"wp-block-cover__inner-container is-layout-flow wp-block-cover-is-layout-flow\"><div class=\"wp-block-group alignfull eplus-wrapper is-layout-flow wp-block-group-is-layout-flow\" style=\"padding-top:var(--wp--preset--spacing--80);padding-right:1rem;padding-bottom:1rem;padding-left:1rem\"><h2 style=\"font-size:0px;\" class=\"zoom_in--post--title wp-block-post-title\"><a href=\"https:\/\/bibaardoak.eus\/fr\/en-tiempos-de-crisis-covid-19-salud-y-cooperacion\/\" target=\"_self\" >En tiempos de crisis Covid-19: salud y cooperaci\u00f3n<\/a><\/h2>\n\n\n\n<h2 style=\"padding-bottom:var(--wp--preset--spacing--50);margin-top:var(--wp--preset--spacing--30);\" class=\"has-link-color  wp-elements-0d894bb0f5f24cdf9530451c4d26bfa8 wp-block-post-title has-text-color has-background-color has-large-font-size\"><a href=\"https:\/\/bibaardoak.eus\/fr\/en-tiempos-de-crisis-covid-19-salud-y-cooperacion\/\" target=\"_self\" >En tiempos de crisis Covid-19: salud y cooperaci\u00f3n<\/a><\/h2><\/div><\/div><\/div><\/li><\/ul><\/div>\n\n<div class=\"wp-block-query eplus-wrapper is-layout-flow wp-block-query-is-layout-flow\"><\/div><\/div>\n\n<div class=\"wp-block-column has-link-color wp-elements-37b697d543a2042cabe9e17376714de3 is-layout-flow wp-block-column-is-layout-flow\" style=\"flex-basis:33.33%\"><div class=\"wp-block-group has-global-padding is-layout-constrained wp-block-group-is-layout-constrained\"><div class=\"wp-block-query is-layout-flow wp-block-query-is-layout-flow\"><ul class=\"wp-block-post-template is-layout-flow wp-block-post-template-is-layout-flow\"><li class=\"wp-block-post post-8208 post type-post status-publish format-standard has-post-thumbnail hentry category-non-classifiee\"><div class=\"wp-block-cover\" style=\"border-radius:5px;min-height:206px;aspect-ratio:unset;\"><span aria-hidden=\"true\" class=\"wp-block-cover__background has-background-dim\"><\/span><img loading=\"lazy\" decoding=\"async\" width=\"800\" height=\"524\" src=\"https:\/\/bibaardoak.eus\/app\/uploads\/2022\/03\/Biba-Azoka-Tabakalera.jpg\" class=\"wp-block-cover__image-background wp-post-image\" alt=\"Biba Azoka Tabakalera\" data-object-fit=\"cover\" srcset=\"https:\/\/bibaardoak.eus\/app\/uploads\/2022\/03\/Biba-Azoka-Tabakalera.jpg 800w, https:\/\/bibaardoak.eus\/app\/uploads\/2022\/03\/Biba-Azoka-Tabakalera-300x197.jpg 300w, https:\/\/bibaardoak.eus\/app\/uploads\/2022\/03\/Biba-Azoka-Tabakalera-768x503.jpg 768w, https:\/\/bibaardoak.eus\/app\/uploads\/2022\/03\/Biba-Azoka-Tabakalera-600x393.jpg 600w\" sizes=\"auto, (max-width: 800px) 100vw, 800px\" \/><div class=\"wp-block-cover__inner-container has-global-padding is-layout-constrained wp-block-cover-is-layout-constrained\"><div class=\"wp-block-post-date\"><time datetime=\"2022-03-07T12:04:38+01:00\">22\/03\/07<\/time><\/div>\n\n<h2 class=\"wp-block-post-title\">Biba Azoka, culture vivante du vin<\/h2><\/div><\/div><\/li><li class=\"wp-block-post post-4969 post type-post status-publish format-standard has-post-thumbnail hentry category-non-classifiee\"><div class=\"wp-block-cover\" style=\"border-radius:5px;min-height:206px;aspect-ratio:unset;\"><span aria-hidden=\"true\" class=\"wp-block-cover__background has-background-dim\"><\/span><div class=\"wp-block-cover__inner-container has-global-padding is-layout-constrained wp-block-cover-is-layout-constrained\"><div class=\"wp-block-post-date\"><time datetime=\"2020-07-28T15:17:35+02:00\">20\/07\/28<\/time><\/div>\n\n<h2 class=\"wp-block-post-title\">Biba besta! un vin et un packaging nouveaux pour c\u00e9l\u00e9brer la vie<\/h2><\/div><\/div><\/li><li class=\"wp-block-post post-4910 post type-post status-publish format-standard has-post-thumbnail hentry category-non-classifiee\"><div class=\"wp-block-cover\" style=\"border-radius:5px;min-height:206px;aspect-ratio:unset;\"><span aria-hidden=\"true\" class=\"wp-block-cover__background has-background-dim\"><\/span><div class=\"wp-block-cover__inner-container has-global-padding is-layout-constrained wp-block-cover-is-layout-constrained\"><div class=\"wp-block-post-date\"><time datetime=\"2020-04-22T07:32:24+02:00\">20\/04\/22<\/time><\/div>\n\n<h2 class=\"wp-block-post-title\">En ce jour de la Terre M\u00e8re<\/h2><\/div><\/div><\/li><\/ul><\/div>\n\n<div class=\"wp-block-buttons is-layout-flex wp-block-buttons-is-layout-flex\"><div class=\"wp-block-button\"><a class=\"wp-block-button__link has-secondary-background-color has-background wp-element-button\" href=\"\/magasin\">Acheter votre vin pr\u00e9f\u00e9r\u00e9<\/a><\/div><\/div><\/div><\/div><\/div><\/div>","protected":false},"excerpt":{"rendered":"","protected":false},"author":9,"featured_media":0,"parent":0,"menu_order":0,"comment_status":"closed","ping_status":"closed","template":"","meta":{"footnotes":""},"class_list":["post-20438","page","type-page","status-publish","hentry"],"yoast_head":"<!-- This site is optimized with the Yoast SEO plugin v22.2 - https:\/\/yoast.com\/wordpress\/plugins\/seo\/ -->\n<title>Blog - Biba Ardoak<\/title>\n<meta name=\"robots\" content=\"index, follow, max-snippet:-1, max-image-preview:large, max-video-preview:-1\" \/>\n<link rel=\"canonical\" href=\"https:\/\/bibaardoak.eus\/fr\/blog\/\" \/>\n<meta property=\"og:locale\" content=\"fr_FR\" \/>\n<meta property=\"og:type\" content=\"article\" \/>\n<meta property=\"og:title\" content=\"Blog - Biba Ardoak\" \/>\n<meta property=\"og:url\" content=\"https:\/\/bibaardoak.eus\/fr\/blog\/\" \/>\n<meta property=\"og:site_name\" content=\"Biba Ardoak\" \/>\n<meta name=\"twitter:card\" content=\"summary_large_image\" \/>\n<script type=\"application\/ld+json\" class=\"yoast-schema-graph\">{\"@context\":\"https:\/\/schema.org\",\"@graph\":[{\"@type\":\"WebPage\",\"@id\":\"https:\/\/bibaardoak.eus\/fr\/blog\/\",\"url\":\"https:\/\/bibaardoak.eus\/fr\/blog\/\",\"name\":\"Blog - Biba Ardoak\",\"isPartOf\":{\"@id\":\"https:\/\/bibaardoak.eus\/es\/#website\"},\"datePublished\":\"2024-12-12T08:57:18+00:00\",\"dateModified\":\"2024-12-12T08:57:18+00:00\",\"breadcrumb\":{\"@id\":\"https:\/\/bibaardoak.eus\/fr\/blog\/#breadcrumb\"},\"inLanguage\":\"fr-FR\",\"potentialAction\":[{\"@type\":\"ReadAction\",\"target\":[\"https:\/\/bibaardoak.eus\/fr\/blog\/\"]}]},{\"@type\":\"BreadcrumbList\",\"@id\":\"https:\/\/bibaardoak.eus\/fr\/blog\/#breadcrumb\",\"itemListElement\":[{\"@type\":\"ListItem\",\"position\":1,\"name\":\"Home\",\"item\":\"https:\/\/bibaardoak.eus\/fr\/\"},{\"@type\":\"ListItem\",\"position\":2,\"name\":\"Blog\"}]},{\"@type\":\"WebSite\",\"@id\":\"https:\/\/bibaardoak.eus\/es\/#website\",\"url\":\"https:\/\/bibaardoak.eus\/es\/\",\"name\":\"Biba Ardoak\",\"description\":\"Euskal Mahastizainen Ardo Ekologikoak eta Naturalak\",\"publisher\":{\"@id\":\"https:\/\/bibaardoak.eus\/es\/#organization\"},\"potentialAction\":[{\"@type\":\"SearchAction\",\"target\":{\"@type\":\"EntryPoint\",\"urlTemplate\":\"https:\/\/bibaardoak.eus\/es\/?s={search_term_string}\"},\"query-input\":\"required name=search_term_string\"}],\"inLanguage\":\"fr-FR\"},{\"@type\":\"Organization\",\"@id\":\"https:\/\/bibaardoak.eus\/es\/#organization\",\"name\":\"Biba Ardoak\",\"url\":\"https:\/\/bibaardoak.eus\/es\/\",\"logo\":{\"@type\":\"ImageObject\",\"inLanguage\":\"fr-FR\",\"@id\":\"https:\/\/bibaardoak.eus\/es\/#\/schema\/logo\/image\/\",\"url\":\"https:\/\/bibaardoak.eus\/app\/uploads\/2020\/10\/logo.png\",\"contentUrl\":\"https:\/\/bibaardoak.eus\/app\/uploads\/2020\/10\/logo.png\",\"width\":165,\"height\":89,\"caption\":\"Biba Ardoak\"},\"image\":{\"@id\":\"https:\/\/bibaardoak.eus\/es\/#\/schema\/logo\/image\/\"}}]}<\/script>\n<!-- \/ Yoast SEO plugin. -->","yoast_head_json":{"title":"Blog - Biba Ardoak","robots":{"index":"index","follow":"follow","max-snippet":"max-snippet:-1","max-image-preview":"max-image-preview:large","max-video-preview":"max-video-preview:-1"},"canonical":"https:\/\/bibaardoak.eus\/fr\/blog\/","og_locale":"fr_FR","og_type":"article","og_title":"Blog - Biba Ardoak","og_url":"https:\/\/bibaardoak.eus\/fr\/blog\/","og_site_name":"Biba Ardoak","twitter_card":"summary_large_image","schema":{"@context":"https:\/\/schema.org","@graph":[{"@type":"WebPage","@id":"https:\/\/bibaardoak.eus\/fr\/blog\/","url":"https:\/\/bibaardoak.eus\/fr\/blog\/","name":"Blog - Biba Ardoak","isPartOf":{"@id":"https:\/\/bibaardoak.eus\/es\/#website"},"datePublished":"2024-12-12T08:57:18+00:00","dateModified":"2024-12-12T08:57:18+00:00","breadcrumb":{"@id":"https:\/\/bibaardoak.eus\/fr\/blog\/#breadcrumb"},"inLanguage":"fr-FR","potentialAction":[{"@type":"ReadAction","target":["https:\/\/bibaardoak.eus\/fr\/blog\/"]}]},{"@type":"BreadcrumbList","@id":"https:\/\/bibaardoak.eus\/fr\/blog\/#breadcrumb","itemListElement":[{"@type":"ListItem","position":1,"name":"Home","item":"https:\/\/bibaardoak.eus\/fr\/"},{"@type":"ListItem","position":2,"name":"Blog"}]},{"@type":"WebSite","@id":"https:\/\/bibaardoak.eus\/es\/#website","url":"https:\/\/bibaardoak.eus\/es\/","name":"Biba Ardoak","description":"Euskal Mahastizainen Ardo Ekologikoak eta Naturalak","publisher":{"@id":"https:\/\/bibaardoak.eus\/es\/#organization"},"potentialAction":[{"@type":"SearchAction","target":{"@type":"EntryPoint","urlTemplate":"https:\/\/bibaardoak.eus\/es\/?s={search_term_string}"},"query-input":"required name=search_term_string"}],"inLanguage":"fr-FR"},{"@type":"Organization","@id":"https:\/\/bibaardoak.eus\/es\/#organization","name":"Biba Ardoak","url":"https:\/\/bibaardoak.eus\/es\/","logo":{"@type":"ImageObject","inLanguage":"fr-FR","@id":"https:\/\/bibaardoak.eus\/es\/#\/schema\/logo\/image\/","url":"https:\/\/bibaardoak.eus\/app\/uploads\/2020\/10\/logo.png","contentUrl":"https:\/\/bibaardoak.eus\/app\/uploads\/2020\/10\/logo.png","width":165,"height":89,"caption":"Biba Ardoak"},"image":{"@id":"https:\/\/bibaardoak.eus\/es\/#\/schema\/logo\/image\/"}}]}},"_links":{"self":[{"href":"https:\/\/bibaardoak.eus\/fr\/wp-json\/wp\/v2\/pages\/20438","targetHints":{"allow":["GET"]}}],"collection":[{"href":"https:\/\/bibaardoak.eus\/fr\/wp-json\/wp\/v2\/pages"}],"about":[{"href":"https:\/\/bibaardoak.eus\/fr\/wp-json\/wp\/v2\/types\/page"}],"author":[{"embeddable":true,"href":"https:\/\/bibaardoak.eus\/fr\/wp-json\/wp\/v2\/users\/9"}],"replies":[{"embeddable":true,"href":"https:\/\/bibaardoak.eus\/fr\/wp-json\/wp\/v2\/comments?post=20438"}],"version-history":[{"count":1,"href":"https:\/\/bibaardoak.eus\/fr\/wp-json\/wp\/v2\/pages\/20438\/revisions"}],"predecessor-version":[{"id":20439,"href":"https:\/\/bibaardoak.eus\/fr\/wp-json\/wp\/v2\/pages\/20438\/revisions\/20439"}],"wp:attachment":[{"href":"https:\/\/bibaardoak.eus\/fr\/wp-json\/wp\/v2\/media?parent=20438"}],"curies":[{"name":"wp","href":"https:\/\/api.w.org\/{rel}","templated":true}]}}