{"id":11059,"date":"2023-12-01T17:00:18","date_gmt":"2023-12-01T17:00:18","guid":{"rendered":"https:\/\/bibaardoak.eus\/vineronxs\/baztango-xurie\/"},"modified":"2023-12-01T17:00:43","modified_gmt":"2023-12-01T17:00:43","slug":"baztango-xurie","status":"publish","type":"page","link":"https:\/\/bibaardoak.eus\/es\/vineronxs\/baztango-xurie\/","title":{"rendered":"Baztango Xurie"},"content":{"rendered":"<div class=\"wp-block-group alignfull eplus-wrapper has-secondary-background-color has-background has-global-padding is-layout-constrained wp-container-core-group-is-layout-1 wp-block-group-is-layout-constrained\" style=\"padding-top:var(--wp--preset--spacing--50);padding-right:var(--wp--preset--spacing--30);padding-bottom:var(--wp--preset--spacing--50);padding-left:var(--wp--preset--spacing--30)\"><div class=\"wp-block-columns alignwide eplus-wrapper is-layout-flex wp-container-core-columns-is-layout-1 wp-block-columns-is-layout-flex\"><div class=\"wp-block-column eplus-wrapper is-layout-flow wp-block-column-is-layout-flow\"><figure class=\"wp-block-image size-large\"><img loading=\"lazy\" decoding=\"async\" width=\"1024\" height=\"683\" src=\"https:\/\/bibaardoak.eus\/app\/uploads\/2021\/01\/mahastizainak-home-baztango-xurie-1024x683.jpg\" alt=\"\" class=\"wp-image-7223\" srcset=\"https:\/\/bibaardoak.eus\/app\/uploads\/2021\/01\/mahastizainak-home-baztango-xurie-1024x683.jpg 1024w, https:\/\/bibaardoak.eus\/app\/uploads\/2021\/01\/mahastizainak-home-baztango-xurie-300x200.jpg 300w, https:\/\/bibaardoak.eus\/app\/uploads\/2021\/01\/mahastizainak-home-baztango-xurie-768x512.jpg 768w, https:\/\/bibaardoak.eus\/app\/uploads\/2021\/01\/mahastizainak-home-baztango-xurie-900x600.jpg 900w, https:\/\/bibaardoak.eus\/app\/uploads\/2021\/01\/mahastizainak-home-baztango-xurie-600x400.jpg 600w, https:\/\/bibaardoak.eus\/app\/uploads\/2021\/01\/mahastizainak-home-baztango-xurie.jpg 1536w\" sizes=\"auto, (max-width: 1024px) 100vw, 1024px\" \/><\/figure><\/div>\n\n<div class=\"wp-block-column eplus-wrapper is-layout-flow wp-block-column-is-layout-flow\" style=\"padding-top:var(--wp--preset--spacing--30);padding-bottom:var(--wp--preset--spacing--30)\"><h4 class=\"wp-block-heading has-small-font-size\" style=\"font-style:normal;font-weight:400\">Baztango Xurie<\/h4>\n\n<h3 class=\"wp-block-heading has-large-font-size\" style=\"margin-top:10px;margin-bottom:10px;font-style:normal;font-weight:400\">Ana Iriarte e I\u00f1aki Bengoetxea<\/h3>\n\n<h4 class=\"wp-block-heading has-small-font-size\" style=\"margin-top:0;margin-bottom:0;font-style:normal;font-weight:400\">Arizkun (Navarra)<\/h4>\n\n<p class=\"has-small-font-size\">En 2013, tras estar en paro, Ana e I\u00f1aki decidieron vivir y trabajar en el valle de Baztan, su lugar de nacimiento.<\/p>\n\n<div class=\"wp-block-buttons is-layout-flex wp-block-buttons-is-layout-flex\"><div class=\"wp-block-button has-custom-font-size has-small-font-size\"><a class=\"wp-block-button__link has-foreground-color has-background-background-color has-text-color has-background has-link-color wp-element-button\" href=\"#gehiago\" style=\"border-radius:3px\">Saber m\u00e1s<\/a><\/div><\/div>\n\n<h6 class=\"wp-block-heading\"><a href=\"https:\/\/bibaardoak.eus\/es\/vineronxs\/espila\/#infolezaun\">Saber m\u00e1s<\/a><\/h6><\/div><\/div><\/div><div class=\"wp-block-group alignfull has-global-padding is-layout-constrained wp-container-core-group-is-layout-2 wp-block-group-is-layout-constrained\" id=\"gehiago\" style=\"padding-top:var(--wp--preset--spacing--50);padding-right:var(--wp--preset--spacing--30);padding-bottom:var(--wp--preset--spacing--50);padding-left:var(--wp--preset--spacing--30)\"><div class=\"wp-block-columns alignwide are-vertically-aligned-center is-layout-flex wp-container-core-columns-is-layout-3 wp-block-columns-is-layout-flex\" style=\"padding-top:var(--wp--preset--spacing--50);padding-bottom:var(--wp--preset--spacing--50)\"><div class=\"wp-block-column is-vertically-aligned-center is-layout-flow wp-block-column-is-layout-flow\"><figure class=\"wp-block-image size-large\"><img loading=\"lazy\" decoding=\"async\" width=\"1024\" height=\"767\" src=\"https:\/\/bibaardoak.eus\/app\/uploads\/2020\/12\/Baztango-lurra-1-1024x767.jpg\" alt=\"baztango xurie mahatsondoak\" class=\"wp-image-7028\" srcset=\"https:\/\/bibaardoak.eus\/app\/uploads\/2020\/12\/Baztango-lurra-1-1024x767.jpg 1024w, https:\/\/bibaardoak.eus\/app\/uploads\/2020\/12\/Baztango-lurra-1-300x225.jpg 300w, https:\/\/bibaardoak.eus\/app\/uploads\/2020\/12\/Baztango-lurra-1-768x576.jpg 768w, https:\/\/bibaardoak.eus\/app\/uploads\/2020\/12\/Baztango-lurra-1-1536x1151.jpg 1536w, https:\/\/bibaardoak.eus\/app\/uploads\/2020\/12\/Baztango-lurra-1-2048x1535.jpg 2048w, https:\/\/bibaardoak.eus\/app\/uploads\/2020\/12\/Baztango-lurra-1-600x450.jpg 600w\" sizes=\"auto, (max-width: 1024px) 100vw, 1024px\" \/><\/figure>\n\n<div class=\"wp-block-columns is-layout-flex wp-container-core-columns-is-layout-2 wp-block-columns-is-layout-flex\"><div class=\"wp-block-column is-layout-flow wp-block-column-is-layout-flow\"><figure class=\"wp-block-image size-large\"><img loading=\"lazy\" decoding=\"async\" width=\"1024\" height=\"683\" src=\"https:\/\/bibaardoak.eus\/app\/uploads\/2020\/12\/Baztango-Xurie-mahasgintza-3-1024x683.jpg\" alt=\"baztango xurie mahatsak\" class=\"wp-image-7040\" srcset=\"https:\/\/bibaardoak.eus\/app\/uploads\/2020\/12\/Baztango-Xurie-mahasgintza-3-1024x683.jpg 1024w, https:\/\/bibaardoak.eus\/app\/uploads\/2020\/12\/Baztango-Xurie-mahasgintza-3-300x200.jpg 300w, https:\/\/bibaardoak.eus\/app\/uploads\/2020\/12\/Baztango-Xurie-mahasgintza-3-768x512.jpg 768w, https:\/\/bibaardoak.eus\/app\/uploads\/2020\/12\/Baztango-Xurie-mahasgintza-3-900x600.jpg 900w, https:\/\/bibaardoak.eus\/app\/uploads\/2020\/12\/Baztango-Xurie-mahasgintza-3-600x400.jpg 600w, https:\/\/bibaardoak.eus\/app\/uploads\/2020\/12\/Baztango-Xurie-mahasgintza-3.jpg 1440w\" sizes=\"auto, (max-width: 1024px) 100vw, 1024px\" \/><\/figure><\/div>\n\n<div class=\"wp-block-column is-layout-flow wp-block-column-is-layout-flow\"><\/div><\/div><\/div>\n\n<div class=\"wp-block-column is-vertically-aligned-center is-layout-flow wp-block-column-is-layout-flow\"><h2 class=\"wp-block-heading\">Tierra, clima y variedades de uva<\/h2>\n\n<p class=\"has-small-font-size\">As\u00ed, plantaron izkiriota handi y txiki, hondarribi zuri y vi\u00f1edos riesling para elaborar vino blanco ecol\u00f3gico.<\/p><\/div><\/div>\n\n<div class=\"wp-block-columns alignwide are-vertically-aligned-center is-layout-flex wp-container-core-columns-is-layout-5 wp-block-columns-is-layout-flex\" style=\"padding-top:var(--wp--preset--spacing--50);padding-bottom:var(--wp--preset--spacing--50)\"><div class=\"wp-block-column is-vertically-aligned-center is-layout-flow wp-block-column-is-layout-flow\"><h2 class=\"wp-block-heading\">Viticultura<\/h2>\n\n<p class=\"has-small-font-size\">Tomando como ejemplo los modelos cercanos de Irulegi y Getariako Txakolina, han puesto en marcha en Baztan un innovador proyecto de vino de 3 hect\u00e1reas.<\/p><\/div>\n\n<div class=\"wp-block-column is-vertically-aligned-center is-layout-flow wp-block-column-is-layout-flow\"><figure class=\"wp-block-image size-large\"><img loading=\"lazy\" decoding=\"async\" width=\"1024\" height=\"683\" src=\"https:\/\/bibaardoak.eus\/app\/uploads\/2020\/12\/Baztango-mahasgintza-1-1024x683.jpg\" alt=\"baztango xurie vino\" class=\"wp-image-7031\" srcset=\"https:\/\/bibaardoak.eus\/app\/uploads\/2020\/12\/Baztango-mahasgintza-1-1024x683.jpg 1024w, https:\/\/bibaardoak.eus\/app\/uploads\/2020\/12\/Baztango-mahasgintza-1-300x200.jpg 300w, https:\/\/bibaardoak.eus\/app\/uploads\/2020\/12\/Baztango-mahasgintza-1-768x512.jpg 768w, https:\/\/bibaardoak.eus\/app\/uploads\/2020\/12\/Baztango-mahasgintza-1-900x600.jpg 900w, https:\/\/bibaardoak.eus\/app\/uploads\/2020\/12\/Baztango-mahasgintza-1-600x400.jpg 600w, https:\/\/bibaardoak.eus\/app\/uploads\/2020\/12\/Baztango-mahasgintza-1.jpg 1440w\" sizes=\"auto, (max-width: 1024px) 100vw, 1024px\" \/><\/figure>\n\n<div class=\"wp-block-columns is-layout-flex wp-container-core-columns-is-layout-4 wp-block-columns-is-layout-flex\"><div class=\"wp-block-column is-layout-flow wp-block-column-is-layout-flow\"><figure class=\"wp-block-image size-large\"><img loading=\"lazy\" decoding=\"async\" width=\"1024\" height=\"683\" src=\"https:\/\/bibaardoak.eus\/app\/uploads\/2020\/12\/Baztango-Xurie-mahasgintza-2-1024x683.jpg\" alt=\"baztango xurie vi&#xF1;edo\" class=\"wp-image-7037\" srcset=\"https:\/\/bibaardoak.eus\/app\/uploads\/2020\/12\/Baztango-Xurie-mahasgintza-2-1024x683.jpg 1024w, https:\/\/bibaardoak.eus\/app\/uploads\/2020\/12\/Baztango-Xurie-mahasgintza-2-300x200.jpg 300w, https:\/\/bibaardoak.eus\/app\/uploads\/2020\/12\/Baztango-Xurie-mahasgintza-2-768x512.jpg 768w, https:\/\/bibaardoak.eus\/app\/uploads\/2020\/12\/Baztango-Xurie-mahasgintza-2-900x600.jpg 900w, https:\/\/bibaardoak.eus\/app\/uploads\/2020\/12\/Baztango-Xurie-mahasgintza-2-600x400.jpg 600w, https:\/\/bibaardoak.eus\/app\/uploads\/2020\/12\/Baztango-Xurie-mahasgintza-2.jpg 1440w\" sizes=\"auto, (max-width: 1024px) 100vw, 1024px\" \/><\/figure><\/div>\n\n<div class=\"wp-block-column is-layout-flow wp-block-column-is-layout-flow\"><figure class=\"wp-block-image size-large\"><img loading=\"lazy\" decoding=\"async\" width=\"1024\" height=\"683\" src=\"https:\/\/bibaardoak.eus\/app\/uploads\/2020\/12\/Baztango-Xurie-mahasgintza-3-1024x683.jpg\" alt=\"baztango xurie mahatsak\" class=\"wp-image-7040\" srcset=\"https:\/\/bibaardoak.eus\/app\/uploads\/2020\/12\/Baztango-Xurie-mahasgintza-3-1024x683.jpg 1024w, https:\/\/bibaardoak.eus\/app\/uploads\/2020\/12\/Baztango-Xurie-mahasgintza-3-300x200.jpg 300w, https:\/\/bibaardoak.eus\/app\/uploads\/2020\/12\/Baztango-Xurie-mahasgintza-3-768x512.jpg 768w, https:\/\/bibaardoak.eus\/app\/uploads\/2020\/12\/Baztango-Xurie-mahasgintza-3-900x600.jpg 900w, https:\/\/bibaardoak.eus\/app\/uploads\/2020\/12\/Baztango-Xurie-mahasgintza-3-600x400.jpg 600w, https:\/\/bibaardoak.eus\/app\/uploads\/2020\/12\/Baztango-Xurie-mahasgintza-3.jpg 1440w\" sizes=\"auto, (max-width: 1024px) 100vw, 1024px\" \/><\/figure><\/div><\/div><\/div><\/div>\n\n<div class=\"wp-block-columns alignwide are-vertically-aligned-center is-layout-flex wp-container-core-columns-is-layout-7 wp-block-columns-is-layout-flex\" style=\"padding-top:var(--wp--preset--spacing--50);padding-bottom:var(--wp--preset--spacing--50)\"><div class=\"wp-block-column is-vertically-aligned-center is-layout-flow wp-block-column-is-layout-flow\"><figure class=\"wp-block-image size-large\"><img loading=\"lazy\" decoding=\"async\" width=\"1024\" height=\"692\" src=\"https:\/\/bibaardoak.eus\/app\/uploads\/2020\/12\/Baztango-ardogintza-1-scaled-1-1024x692.jpeg\" alt=\"baztango xurie, biba ardoak\" class=\"wp-image-8342\" srcset=\"https:\/\/bibaardoak.eus\/app\/uploads\/2020\/12\/Baztango-ardogintza-1-scaled-1-1024x692.jpeg 1024w, https:\/\/bibaardoak.eus\/app\/uploads\/2020\/12\/Baztango-ardogintza-1-scaled-1-300x203.jpeg 300w, https:\/\/bibaardoak.eus\/app\/uploads\/2020\/12\/Baztango-ardogintza-1-scaled-1-768x519.jpeg 768w, https:\/\/bibaardoak.eus\/app\/uploads\/2020\/12\/Baztango-ardogintza-1-scaled-1-1536x1037.jpeg 1536w, https:\/\/bibaardoak.eus\/app\/uploads\/2020\/12\/Baztango-ardogintza-1-scaled-1-400x269.jpeg 400w, https:\/\/bibaardoak.eus\/app\/uploads\/2020\/12\/Baztango-ardogintza-1-scaled-1-600x405.jpeg 600w, https:\/\/bibaardoak.eus\/app\/uploads\/2020\/12\/Baztango-ardogintza-1-scaled-1.jpeg 2008w\" sizes=\"auto, (max-width: 1024px) 100vw, 1024px\" \/><\/figure>\n\n<div class=\"wp-block-columns is-layout-flex wp-container-core-columns-is-layout-6 wp-block-columns-is-layout-flex\"><div class=\"wp-block-column is-layout-flow wp-block-column-is-layout-flow\"><figure class=\"wp-block-image size-large\"><img loading=\"lazy\" decoding=\"async\" width=\"1024\" height=\"683\" src=\"https:\/\/bibaardoak.eus\/app\/uploads\/2020\/12\/Baztango-ardogintza-3-1024x683.jpg\" alt=\"baztango xurie ardo ekologikoa\" class=\"wp-image-7025\" srcset=\"https:\/\/bibaardoak.eus\/app\/uploads\/2020\/12\/Baztango-ardogintza-3-1024x683.jpg 1024w, https:\/\/bibaardoak.eus\/app\/uploads\/2020\/12\/Baztango-ardogintza-3-300x200.jpg 300w, https:\/\/bibaardoak.eus\/app\/uploads\/2020\/12\/Baztango-ardogintza-3-768x512.jpg 768w, https:\/\/bibaardoak.eus\/app\/uploads\/2020\/12\/Baztango-ardogintza-3-900x600.jpg 900w, https:\/\/bibaardoak.eus\/app\/uploads\/2020\/12\/Baztango-ardogintza-3-600x400.jpg 600w, https:\/\/bibaardoak.eus\/app\/uploads\/2020\/12\/Baztango-ardogintza-3.jpg 1440w\" sizes=\"auto, (max-width: 1024px) 100vw, 1024px\" \/><\/figure><\/div>\n\n<div class=\"wp-block-column is-layout-flow wp-block-column-is-layout-flow\"><figure class=\"wp-block-image size-large\"><img loading=\"lazy\" decoding=\"async\" width=\"1024\" height=\"683\" src=\"https:\/\/bibaardoak.eus\/app\/uploads\/2020\/12\/Baztango-Xurie-ardogintza-2-1024x683.jpg\" alt=\"baztango xurie ardogintza\" class=\"wp-image-7034\" srcset=\"https:\/\/bibaardoak.eus\/app\/uploads\/2020\/12\/Baztango-Xurie-ardogintza-2-1024x683.jpg 1024w, https:\/\/bibaardoak.eus\/app\/uploads\/2020\/12\/Baztango-Xurie-ardogintza-2-300x200.jpg 300w, https:\/\/bibaardoak.eus\/app\/uploads\/2020\/12\/Baztango-Xurie-ardogintza-2-768x512.jpg 768w, https:\/\/bibaardoak.eus\/app\/uploads\/2020\/12\/Baztango-Xurie-ardogintza-2-900x600.jpg 900w, https:\/\/bibaardoak.eus\/app\/uploads\/2020\/12\/Baztango-Xurie-ardogintza-2-600x400.jpg 600w, https:\/\/bibaardoak.eus\/app\/uploads\/2020\/12\/Baztango-Xurie-ardogintza-2.jpg 1420w\" sizes=\"auto, (max-width: 1024px) 100vw, 1024px\" \/><\/figure><\/div><\/div><\/div>\n\n<div class=\"wp-block-column is-vertically-aligned-center is-layout-flow wp-block-column-is-layout-flow\"><h2 class=\"wp-block-heading\">Vinicultura<\/h2>\n\n<p class=\"has-small-font-size\">Han querido ofrecer una oportunidad a la vinicultura de monta\u00f1a atl\u00e1ntica en una comarca donde la ganader\u00eda es la principal actividad del sector primario.<\/p><\/div><\/div><\/div><div class=\"wp-block-cover alignfull has-parallax has-background-color has-text-color has-link-color wp-elements-97148f3d1eeaf2b3e8ab927ae7e594c2\" style=\"padding-right:var(--wp--preset--spacing--30);padding-left:var(--wp--preset--spacing--30);min-height:559px;aspect-ratio:unset;\"><span aria-hidden=\"true\" class=\"wp-block-cover__background has-background-dim-0 has-background-dim\"><\/span><div role=\"img\" class=\"wp-block-cover__image-background wp-image-7040 has-parallax\" style=\"background-position:50% 50%;background-image:url(https:\/\/bibaardoak.eus\/app\/uploads\/2020\/12\/Baztango-Xurie-mahasgintza-3.jpg)\"><\/div><div class=\"wp-block-cover__inner-container has-global-padding is-layout-constrained wp-container-core-cover-is-layout-1 wp-block-cover-is-layout-constrained\"><h3 class=\"wp-block-heading has-text-align-center\" style=\"font-style:normal;font-weight:400\">Ana Iriarte &amp; I\u00f1aki Bengoetxea, Baztango Xurie<\/h3>\n\n<div class=\"wp-block-buttons is-content-justification-center is-layout-flex wp-container-core-buttons-is-layout-2 wp-block-buttons-is-layout-flex\"><div class=\"wp-block-button is-style-outline is-style-outline--2\"><a class=\"wp-block-button__link wp-element-button\" href=\"https:\/\/www.youtube.com\/watch?v=RO3mu70v8gs\" target=\"_blank\" rel=\"noreferrer noopener\">Ver v\u00eddeo<\/a><\/div><\/div><\/div><\/div><div class=\"wp-block-group alignfull has-background has-global-padding is-layout-constrained wp-container-core-group-is-layout-3 wp-block-group-is-layout-constrained\" style=\"background:linear-gradient(0deg,rgb(255,255,255) 58%,rgb(230,245,234) 58%);margin-top:0;margin-bottom:0;padding-top:var(--wp--preset--spacing--40);padding-right:var(--wp--preset--spacing--30);padding-bottom:var(--wp--preset--spacing--40);padding-left:var(--wp--preset--spacing--30)\"><h3 class=\"wp-block-heading has-text-align-center\" style=\"font-style:normal;font-weight:400\">Los vinos de Ana Iriarte e I\u00f1aki Bengoetxea<\/h3>\n\n<div class=\"wp-block-buttons is-content-justification-center is-layout-flex wp-container-core-buttons-is-layout-3 wp-block-buttons-is-layout-flex\"><div class=\"wp-block-button\"><a class=\"wp-block-button__link has-background-color has-secondary-background-color has-text-color has-background has-link-color wp-element-button\" href=\"\/tienda\" style=\"border-radius:3px\">Ver todos<\/a><\/div><\/div>\n\n<\/div>","protected":false},"excerpt":{"rendered":"<p>Baztango Xurie Ana Iriarte e I\u00f1aki Bengoetxea Arizkun (Navarra) En 2013, tras estar en paro, Ana e I\u00f1aki decidieron vivir y trabajar en el valle de Baztan, su lugar de nacimiento. Saber m\u00e1s Tierra, clima y variedades de uva As\u00ed, plantaron izkiriota handi y txiki, hondarribi zuri y vi\u00f1edos riesling para elaborar vino blanco ecol\u00f3gico. [&hellip;]<\/p>\n","protected":false},"author":9,"featured_media":0,"parent":10185,"menu_order":0,"comment_status":"closed","ping_status":"closed","template":"","meta":{"footnotes":""},"class_list":["post-11059","page","type-page","status-publish","hentry"],"yoast_head":"<!-- This site is optimized with the Yoast SEO plugin v22.2 - https:\/\/yoast.com\/wordpress\/plugins\/seo\/ -->\n<title>Baztango Xurie - Biba Ardoak<\/title>\n<meta name=\"robots\" content=\"index, follow, max-snippet:-1, max-image-preview:large, max-video-preview:-1\" \/>\n<link rel=\"canonical\" href=\"https:\/\/bibaardoak.eus\/mahastizainak\/baztango-xurie\/\" \/>\n<meta property=\"og:locale\" content=\"es_ES\" \/>\n<meta property=\"og:type\" content=\"article\" \/>\n<meta property=\"og:title\" content=\"Baztango Xurie - Biba Ardoak\" \/>\n<meta property=\"og:description\" content=\"Baztango Xurie Ana Iriarte e I\u00f1aki Bengoetxea Arizkun (Navarra) En 2013, tras estar en paro, Ana e I\u00f1aki decidieron vivir y trabajar en el valle de Baztan, su lugar de nacimiento. Saber m\u00e1s Tierra, clima y variedades de uva As\u00ed, plantaron izkiriota handi y txiki, hondarribi zuri y vi\u00f1edos riesling para elaborar vino blanco ecol\u00f3gico. [&hellip;]\" \/>\n<meta property=\"og:url\" content=\"https:\/\/bibaardoak.eus\/mahastizainak\/baztango-xurie\/\" \/>\n<meta property=\"og:site_name\" content=\"Biba Ardoak\" \/>\n<meta property=\"article:modified_time\" content=\"2023-12-01T17:00:43+00:00\" \/>\n<meta property=\"og:image\" content=\"https:\/\/bibaardoak.eus\/app\/uploads\/2021\/01\/mahastizainak-home-baztango-xurie-1024x683.jpg\" \/>\n<meta name=\"twitter:card\" content=\"summary_large_image\" \/>\n<meta name=\"twitter:label1\" content=\"Est. reading time\" \/>\n\t<meta name=\"twitter:data1\" content=\"1 minute\" \/>\n<script type=\"application\/ld+json\" class=\"yoast-schema-graph\">{\"@context\":\"https:\/\/schema.org\",\"@graph\":[{\"@type\":\"WebPage\",\"@id\":\"https:\/\/bibaardoak.eus\/mahastizainak\/baztango-xurie\/\",\"url\":\"https:\/\/bibaardoak.eus\/mahastizainak\/baztango-xurie\/\",\"name\":\"Baztango Xurie - Biba Ardoak\",\"isPartOf\":{\"@id\":\"https:\/\/bibaardoak.eus\/es\/#website\"},\"primaryImageOfPage\":{\"@id\":\"https:\/\/bibaardoak.eus\/mahastizainak\/baztango-xurie\/#primaryimage\"},\"image\":{\"@id\":\"https:\/\/bibaardoak.eus\/mahastizainak\/baztango-xurie\/#primaryimage\"},\"thumbnailUrl\":\"https:\/\/bibaardoak.eus\/app\/uploads\/2021\/01\/mahastizainak-home-baztango-xurie-1024x683.jpg\",\"datePublished\":\"2023-12-01T17:00:18+00:00\",\"dateModified\":\"2023-12-01T17:00:43+00:00\",\"breadcrumb\":{\"@id\":\"https:\/\/bibaardoak.eus\/mahastizainak\/baztango-xurie\/#breadcrumb\"},\"inLanguage\":\"es-ES\",\"potentialAction\":[{\"@type\":\"ReadAction\",\"target\":[\"https:\/\/bibaardoak.eus\/mahastizainak\/baztango-xurie\/\"]}]},{\"@type\":\"ImageObject\",\"inLanguage\":\"es-ES\",\"@id\":\"https:\/\/bibaardoak.eus\/mahastizainak\/baztango-xurie\/#primaryimage\",\"url\":\"https:\/\/bibaardoak.eus\/app\/uploads\/2021\/01\/mahastizainak-home-baztango-xurie.jpg\",\"contentUrl\":\"https:\/\/bibaardoak.eus\/app\/uploads\/2021\/01\/mahastizainak-home-baztango-xurie.jpg\",\"width\":1536,\"height\":1024},{\"@type\":\"BreadcrumbList\",\"@id\":\"https:\/\/bibaardoak.eus\/mahastizainak\/baztango-xurie\/#breadcrumb\",\"itemListElement\":[{\"@type\":\"ListItem\",\"position\":1,\"name\":\"Home\",\"item\":\"https:\/\/bibaardoak.eus\/es\/\"},{\"@type\":\"ListItem\",\"position\":2,\"name\":\"Vi\u00f1eronxs\",\"item\":\"https:\/\/bibaardoak.eus\/mahastizainak\/\"},{\"@type\":\"ListItem\",\"position\":3,\"name\":\"Baztango Xurie\"}]},{\"@type\":\"WebSite\",\"@id\":\"https:\/\/bibaardoak.eus\/es\/#website\",\"url\":\"https:\/\/bibaardoak.eus\/es\/\",\"name\":\"Biba Ardoak\",\"description\":\"Euskal Mahastizainen Ardo Ekologikoak eta Naturalak\",\"publisher\":{\"@id\":\"https:\/\/bibaardoak.eus\/es\/#organization\"},\"potentialAction\":[{\"@type\":\"SearchAction\",\"target\":{\"@type\":\"EntryPoint\",\"urlTemplate\":\"https:\/\/bibaardoak.eus\/es\/?s={search_term_string}\"},\"query-input\":\"required name=search_term_string\"}],\"inLanguage\":\"es-ES\"},{\"@type\":\"Organization\",\"@id\":\"https:\/\/bibaardoak.eus\/es\/#organization\",\"name\":\"Biba Ardoak\",\"url\":\"https:\/\/bibaardoak.eus\/es\/\",\"logo\":{\"@type\":\"ImageObject\",\"inLanguage\":\"es-ES\",\"@id\":\"https:\/\/bibaardoak.eus\/es\/#\/schema\/logo\/image\/\",\"url\":\"https:\/\/bibaardoak.eus\/app\/uploads\/2020\/10\/logo.png\",\"contentUrl\":\"https:\/\/bibaardoak.eus\/app\/uploads\/2020\/10\/logo.png\",\"width\":165,\"height\":89,\"caption\":\"Biba Ardoak\"},\"image\":{\"@id\":\"https:\/\/bibaardoak.eus\/es\/#\/schema\/logo\/image\/\"}}]}<\/script>\n<!-- \/ Yoast SEO plugin. -->","yoast_head_json":{"title":"Baztango Xurie - Biba Ardoak","robots":{"index":"index","follow":"follow","max-snippet":"max-snippet:-1","max-image-preview":"max-image-preview:large","max-video-preview":"max-video-preview:-1"},"canonical":"https:\/\/bibaardoak.eus\/mahastizainak\/baztango-xurie\/","og_locale":"es_ES","og_type":"article","og_title":"Baztango Xurie - Biba Ardoak","og_description":"Baztango Xurie Ana Iriarte e I\u00f1aki Bengoetxea Arizkun (Navarra) En 2013, tras estar en paro, Ana e I\u00f1aki decidieron vivir y trabajar en el valle de Baztan, su lugar de nacimiento. Saber m\u00e1s Tierra, clima y variedades de uva As\u00ed, plantaron izkiriota handi y txiki, hondarribi zuri y vi\u00f1edos riesling para elaborar vino blanco ecol\u00f3gico. [&hellip;]","og_url":"https:\/\/bibaardoak.eus\/mahastizainak\/baztango-xurie\/","og_site_name":"Biba Ardoak","article_modified_time":"2023-12-01T17:00:43+00:00","og_image":[{"url":"https:\/\/bibaardoak.eus\/app\/uploads\/2021\/01\/mahastizainak-home-baztango-xurie-1024x683.jpg"}],"twitter_card":"summary_large_image","twitter_misc":{"Est. reading time":"1 minute"},"schema":{"@context":"https:\/\/schema.org","@graph":[{"@type":"WebPage","@id":"https:\/\/bibaardoak.eus\/mahastizainak\/baztango-xurie\/","url":"https:\/\/bibaardoak.eus\/mahastizainak\/baztango-xurie\/","name":"Baztango Xurie - Biba Ardoak","isPartOf":{"@id":"https:\/\/bibaardoak.eus\/es\/#website"},"primaryImageOfPage":{"@id":"https:\/\/bibaardoak.eus\/mahastizainak\/baztango-xurie\/#primaryimage"},"image":{"@id":"https:\/\/bibaardoak.eus\/mahastizainak\/baztango-xurie\/#primaryimage"},"thumbnailUrl":"https:\/\/bibaardoak.eus\/app\/uploads\/2021\/01\/mahastizainak-home-baztango-xurie-1024x683.jpg","datePublished":"2023-12-01T17:00:18+00:00","dateModified":"2023-12-01T17:00:43+00:00","breadcrumb":{"@id":"https:\/\/bibaardoak.eus\/mahastizainak\/baztango-xurie\/#breadcrumb"},"inLanguage":"es-ES","potentialAction":[{"@type":"ReadAction","target":["https:\/\/bibaardoak.eus\/mahastizainak\/baztango-xurie\/"]}]},{"@type":"ImageObject","inLanguage":"es-ES","@id":"https:\/\/bibaardoak.eus\/mahastizainak\/baztango-xurie\/#primaryimage","url":"https:\/\/bibaardoak.eus\/app\/uploads\/2021\/01\/mahastizainak-home-baztango-xurie.jpg","contentUrl":"https:\/\/bibaardoak.eus\/app\/uploads\/2021\/01\/mahastizainak-home-baztango-xurie.jpg","width":1536,"height":1024},{"@type":"BreadcrumbList","@id":"https:\/\/bibaardoak.eus\/mahastizainak\/baztango-xurie\/#breadcrumb","itemListElement":[{"@type":"ListItem","position":1,"name":"Home","item":"https:\/\/bibaardoak.eus\/es\/"},{"@type":"ListItem","position":2,"name":"Vi\u00f1eronxs","item":"https:\/\/bibaardoak.eus\/mahastizainak\/"},{"@type":"ListItem","position":3,"name":"Baztango Xurie"}]},{"@type":"WebSite","@id":"https:\/\/bibaardoak.eus\/es\/#website","url":"https:\/\/bibaardoak.eus\/es\/","name":"Biba Ardoak","description":"Euskal Mahastizainen Ardo Ekologikoak eta Naturalak","publisher":{"@id":"https:\/\/bibaardoak.eus\/es\/#organization"},"potentialAction":[{"@type":"SearchAction","target":{"@type":"EntryPoint","urlTemplate":"https:\/\/bibaardoak.eus\/es\/?s={search_term_string}"},"query-input":"required name=search_term_string"}],"inLanguage":"es-ES"},{"@type":"Organization","@id":"https:\/\/bibaardoak.eus\/es\/#organization","name":"Biba Ardoak","url":"https:\/\/bibaardoak.eus\/es\/","logo":{"@type":"ImageObject","inLanguage":"es-ES","@id":"https:\/\/bibaardoak.eus\/es\/#\/schema\/logo\/image\/","url":"https:\/\/bibaardoak.eus\/app\/uploads\/2020\/10\/logo.png","contentUrl":"https:\/\/bibaardoak.eus\/app\/uploads\/2020\/10\/logo.png","width":165,"height":89,"caption":"Biba Ardoak"},"image":{"@id":"https:\/\/bibaardoak.eus\/es\/#\/schema\/logo\/image\/"}}]}},"_links":{"self":[{"href":"https:\/\/bibaardoak.eus\/es\/wp-json\/wp\/v2\/pages\/11059","targetHints":{"allow":["GET"]}}],"collection":[{"href":"https:\/\/bibaardoak.eus\/es\/wp-json\/wp\/v2\/pages"}],"about":[{"href":"https:\/\/bibaardoak.eus\/es\/wp-json\/wp\/v2\/types\/page"}],"author":[{"embeddable":true,"href":"https:\/\/bibaardoak.eus\/es\/wp-json\/wp\/v2\/users\/9"}],"replies":[{"embeddable":true,"href":"https:\/\/bibaardoak.eus\/es\/wp-json\/wp\/v2\/comments?post=11059"}],"version-history":[{"count":1,"href":"https:\/\/bibaardoak.eus\/es\/wp-json\/wp\/v2\/pages\/11059\/revisions"}],"predecessor-version":[{"id":11060,"href":"https:\/\/bibaardoak.eus\/es\/wp-json\/wp\/v2\/pages\/11059\/revisions\/11060"}],"up":[{"embeddable":true,"href":"https:\/\/bibaardoak.eus\/es\/wp-json\/wp\/v2\/pages\/10185"}],"wp:attachment":[{"href":"https:\/\/bibaardoak.eus\/es\/wp-json\/wp\/v2\/media?parent=11059"}],"curies":[{"name":"wp","href":"https:\/\/api.w.org\/{rel}","templated":true}]}}