{"id":11057,"date":"2023-12-01T16:48:14","date_gmt":"2023-12-01T16:48:14","guid":{"rendered":"https:\/\/bibaardoak.eus\/vineronxs\/lezaun\/"},"modified":"2023-12-01T16:48:28","modified_gmt":"2023-12-01T16:48:28","slug":"lezaun","status":"publish","type":"page","link":"https:\/\/bibaardoak.eus\/es\/vineronxs\/lezaun\/","title":{"rendered":"Lezaun"},"content":{"rendered":"<div class=\"wp-block-group alignfull eplus-wrapper has-secondary-background-color has-background has-global-padding is-layout-constrained wp-container-core-group-is-layout-1 wp-block-group-is-layout-constrained\" style=\"padding-top:var(--wp--preset--spacing--50);padding-right:var(--wp--preset--spacing--30);padding-bottom:var(--wp--preset--spacing--50);padding-left:var(--wp--preset--spacing--30)\"><div class=\"wp-block-columns alignwide eplus-wrapper is-layout-flex wp-container-core-columns-is-layout-1 wp-block-columns-is-layout-flex\"><div class=\"wp-block-column eplus-wrapper is-layout-flow wp-block-column-is-layout-flow\"><figure class=\"wp-block-image size-large\"><img loading=\"lazy\" decoding=\"async\" width=\"1024\" height=\"912\" src=\"https:\/\/bibaardoak.eus\/app\/uploads\/2022\/09\/Lezaun-1024x912.png\" alt=\"Lezaun\" class=\"wp-image-9397\" srcset=\"https:\/\/bibaardoak.eus\/app\/uploads\/2022\/09\/Lezaun-1024x912.png 1024w, https:\/\/bibaardoak.eus\/app\/uploads\/2022\/09\/Lezaun-300x267.png 300w, https:\/\/bibaardoak.eus\/app\/uploads\/2022\/09\/Lezaun-768x684.png 768w, https:\/\/bibaardoak.eus\/app\/uploads\/2022\/09\/Lezaun-600x534.png 600w, https:\/\/bibaardoak.eus\/app\/uploads\/2022\/09\/Lezaun.png 1536w\" sizes=\"auto, (max-width: 1024px) 100vw, 1024px\" \/><\/figure><\/div>\n\n<div class=\"wp-block-column eplus-wrapper is-layout-flow wp-block-column-is-layout-flow\" style=\"padding-top:var(--wp--preset--spacing--30);padding-bottom:var(--wp--preset--spacing--30)\"><h4 class=\"wp-block-heading has-small-font-size\" style=\"font-style:normal;font-weight:400\">Bodegas Lezaun<\/h4>\n\n<h3 class=\"wp-block-heading has-large-font-size\" style=\"margin-top:10px;margin-bottom:10px;font-style:normal;font-weight:400\">Edorta y Raul Lezaun<\/h3>\n\n<h4 class=\"wp-block-heading has-medium-font-size\" style=\"margin-top:0;margin-bottom:0;font-style:normal;font-weight:400\">Lakar (Navarra)<\/h4>\n\n<p class=\"has-small-font-size\">El conocimiento y la cultura del vino de la familia Lezaun se ha transmitido de generaci\u00f3n en generaci\u00f3n, al menos desde 1790, teniendo en cuenta los primeros documentos que describen la bodega.<\/p>\n\n<div class=\"wp-block-buttons is-layout-flex wp-block-buttons-is-layout-flex\"><div class=\"wp-block-button has-custom-font-size has-small-font-size\"><a class=\"wp-block-button__link has-foreground-color has-background-background-color has-text-color has-background has-link-color wp-element-button\" href=\"#gehiago\" style=\"border-radius:3px\">Saber m\u00e1s<\/a><\/div><\/div><\/div><\/div><\/div><div class=\"wp-block-group alignfull has-global-padding is-layout-constrained wp-container-core-group-is-layout-2 wp-block-group-is-layout-constrained\" id=\"gehiago\" style=\"padding-top:var(--wp--preset--spacing--50);padding-right:var(--wp--preset--spacing--30);padding-bottom:var(--wp--preset--spacing--50);padding-left:var(--wp--preset--spacing--30)\"><div class=\"wp-block-columns alignwide are-vertically-aligned-center is-layout-flex wp-container-core-columns-is-layout-3 wp-block-columns-is-layout-flex\" style=\"padding-top:var(--wp--preset--spacing--50);padding-bottom:var(--wp--preset--spacing--50)\"><div class=\"wp-block-column is-vertically-aligned-center is-layout-flow wp-block-column-is-layout-flow\"><figure class=\"wp-block-image size-large\"><img loading=\"lazy\" decoding=\"async\" width=\"1024\" height=\"683\" src=\"https:\/\/bibaardoak.eus\/app\/uploads\/2020\/12\/Lezaun-lurra-1-1024x683.jpg\" alt=\"lezaun upategia, nafarroa\" class=\"wp-image-7105\" srcset=\"https:\/\/bibaardoak.eus\/app\/uploads\/2020\/12\/Lezaun-lurra-1-1024x683.jpg 1024w, https:\/\/bibaardoak.eus\/app\/uploads\/2020\/12\/Lezaun-lurra-1-300x200.jpg 300w, https:\/\/bibaardoak.eus\/app\/uploads\/2020\/12\/Lezaun-lurra-1-768x512.jpg 768w, https:\/\/bibaardoak.eus\/app\/uploads\/2020\/12\/Lezaun-lurra-1-1536x1024.jpg 1536w, https:\/\/bibaardoak.eus\/app\/uploads\/2020\/12\/Lezaun-lurra-1-2048x1365.jpg 2048w, https:\/\/bibaardoak.eus\/app\/uploads\/2020\/12\/Lezaun-lurra-1-900x600.jpg 900w, https:\/\/bibaardoak.eus\/app\/uploads\/2020\/12\/Lezaun-lurra-1-600x400.jpg 600w\" sizes=\"auto, (max-width: 1024px) 100vw, 1024px\" \/><\/figure>\n\n<div class=\"wp-block-columns is-layout-flex wp-container-core-columns-is-layout-2 wp-block-columns-is-layout-flex\"><div class=\"wp-block-column is-layout-flow wp-block-column-is-layout-flow\"><figure class=\"wp-block-image size-large\"><img loading=\"lazy\" decoding=\"async\" width=\"1012\" height=\"1024\" src=\"https:\/\/bibaardoak.eus\/app\/uploads\/2018\/08\/lezaun-1012x1024.jpg\" alt=\"\" class=\"wp-image-6056\" srcset=\"https:\/\/bibaardoak.eus\/app\/uploads\/2018\/08\/lezaun-1012x1024.jpg 1012w, https:\/\/bibaardoak.eus\/app\/uploads\/2018\/08\/lezaun-296x300.jpg 296w, https:\/\/bibaardoak.eus\/app\/uploads\/2018\/08\/lezaun-768x777.jpg 768w, https:\/\/bibaardoak.eus\/app\/uploads\/2018\/08\/lezaun-1518x1536.jpg 1518w, https:\/\/bibaardoak.eus\/app\/uploads\/2018\/08\/lezaun-100x100.jpg 100w, https:\/\/bibaardoak.eus\/app\/uploads\/2018\/08\/lezaun-600x607.jpg 600w, https:\/\/bibaardoak.eus\/app\/uploads\/2018\/08\/lezaun.jpg 1664w\" sizes=\"auto, (max-width: 1012px) 100vw, 1012px\" \/><\/figure><\/div>\n\n<div class=\"wp-block-column is-layout-flow wp-block-column-is-layout-flow\"><\/div><\/div><\/div>\n\n<div class=\"wp-block-column is-vertically-aligned-center is-layout-flow wp-block-column-is-layout-flow\"><h2 class=\"wp-block-heading\">Tierra, clima y variedades de uva<\/h2>\n\n<p class=\"has-small-font-size\">Son vi\u00f1edos protegidos por las sierras de Urbasa y And\u00eda. Un clima de transici\u00f3n entre el Atl\u00e1ntico y el Mediterr\u00e1neo les llena de biodiversidad. <\/p><\/div><\/div>\n\n<div class=\"wp-block-columns alignwide are-vertically-aligned-center is-layout-flex wp-container-core-columns-is-layout-5 wp-block-columns-is-layout-flex\" style=\"padding-top:var(--wp--preset--spacing--50);padding-bottom:var(--wp--preset--spacing--50)\"><div class=\"wp-block-column is-vertically-aligned-center is-layout-flow wp-block-column-is-layout-flow\"><h2 class=\"wp-block-heading\">Viticultura<\/h2>\n\n<p class=\"has-small-font-size\">Los vi\u00f1edos de 18 hect\u00e1reas de la familia Lezaun est\u00e1n ubicados en Lakar, un valle de Deierri donde hasta hace 100 a\u00f1os contaban con 2.000 hect\u00e1reas y m\u00e1s de 300 bodegas. Actualmente s\u00f3lo se cultivan 50 hect\u00e1reas. Los lezaundarras siguen haciendo resistencia con raz\u00f3n.  <\/p><\/div>\n\n<div class=\"wp-block-column is-vertically-aligned-center is-layout-flow wp-block-column-is-layout-flow\"><figure class=\"wp-block-image size-large\"><img loading=\"lazy\" decoding=\"async\" width=\"1024\" height=\"683\" src=\"https:\/\/bibaardoak.eus\/app\/uploads\/2020\/12\/Lezaun-mahasgintza-1-1024x683.jpg\" alt=\"vi&#xF1;edos lezaun\" class=\"wp-image-7111\" srcset=\"https:\/\/bibaardoak.eus\/app\/uploads\/2020\/12\/Lezaun-mahasgintza-1-1024x683.jpg 1024w, https:\/\/bibaardoak.eus\/app\/uploads\/2020\/12\/Lezaun-mahasgintza-1-300x200.jpg 300w, https:\/\/bibaardoak.eus\/app\/uploads\/2020\/12\/Lezaun-mahasgintza-1-768x512.jpg 768w, https:\/\/bibaardoak.eus\/app\/uploads\/2020\/12\/Lezaun-mahasgintza-1-1536x1024.jpg 1536w, https:\/\/bibaardoak.eus\/app\/uploads\/2020\/12\/Lezaun-mahasgintza-1-2048x1365.jpg 2048w, https:\/\/bibaardoak.eus\/app\/uploads\/2020\/12\/Lezaun-mahasgintza-1-900x600.jpg 900w, https:\/\/bibaardoak.eus\/app\/uploads\/2020\/12\/Lezaun-mahasgintza-1-600x400.jpg 600w\" sizes=\"auto, (max-width: 1024px) 100vw, 1024px\" \/><\/figure>\n\n<div class=\"wp-block-columns is-layout-flex wp-container-core-columns-is-layout-4 wp-block-columns-is-layout-flex\"><div class=\"wp-block-column is-layout-flow wp-block-column-is-layout-flow\"><figure class=\"wp-block-image size-large\"><img loading=\"lazy\" decoding=\"async\" width=\"1024\" height=\"768\" src=\"https:\/\/bibaardoak.eus\/app\/uploads\/2020\/12\/Lezaun-mahasgintza-2-1024x768.jpg\" alt=\"vi&#xF1;edos biba ardoak lezaun\" class=\"wp-image-7114\" srcset=\"https:\/\/bibaardoak.eus\/app\/uploads\/2020\/12\/Lezaun-mahasgintza-2-1024x768.jpg 1024w, https:\/\/bibaardoak.eus\/app\/uploads\/2020\/12\/Lezaun-mahasgintza-2-300x225.jpg 300w, https:\/\/bibaardoak.eus\/app\/uploads\/2020\/12\/Lezaun-mahasgintza-2-768x576.jpg 768w, https:\/\/bibaardoak.eus\/app\/uploads\/2020\/12\/Lezaun-mahasgintza-2-1536x1152.jpg 1536w, https:\/\/bibaardoak.eus\/app\/uploads\/2020\/12\/Lezaun-mahasgintza-2-2048x1536.jpg 2048w, https:\/\/bibaardoak.eus\/app\/uploads\/2020\/12\/Lezaun-mahasgintza-2-600x450.jpg 600w\" sizes=\"auto, (max-width: 1024px) 100vw, 1024px\" \/><\/figure><\/div>\n\n<div class=\"wp-block-column is-layout-flow wp-block-column-is-layout-flow\"><figure class=\"wp-block-image size-large is-resized\"><img loading=\"lazy\" decoding=\"async\" width=\"1024\" height=\"656\" src=\"https:\/\/bibaardoak.eus\/app\/uploads\/2020\/12\/Lezaun-mahasgintza-3-scaled-1-1024x656.jpeg\" alt=\"lezaun, mahatsgintza\" class=\"wp-image-8354\" style=\"width:390px;height:auto\" srcset=\"https:\/\/bibaardoak.eus\/app\/uploads\/2020\/12\/Lezaun-mahasgintza-3-scaled-1-1024x656.jpeg 1024w, https:\/\/bibaardoak.eus\/app\/uploads\/2020\/12\/Lezaun-mahasgintza-3-scaled-1-300x192.jpeg 300w, https:\/\/bibaardoak.eus\/app\/uploads\/2020\/12\/Lezaun-mahasgintza-3-scaled-1-768x492.jpeg 768w, https:\/\/bibaardoak.eus\/app\/uploads\/2020\/12\/Lezaun-mahasgintza-3-scaled-1-1536x984.jpeg 1536w, https:\/\/bibaardoak.eus\/app\/uploads\/2020\/12\/Lezaun-mahasgintza-3-scaled-1-600x385.jpeg 600w, https:\/\/bibaardoak.eus\/app\/uploads\/2020\/12\/Lezaun-mahasgintza-3-scaled-1.jpeg 2030w\" sizes=\"auto, (max-width: 1024px) 100vw, 1024px\" \/><\/figure><\/div><\/div><\/div><\/div>\n\n<div class=\"wp-block-columns alignwide are-vertically-aligned-center is-layout-flex wp-container-core-columns-is-layout-7 wp-block-columns-is-layout-flex\" style=\"padding-top:var(--wp--preset--spacing--50);padding-bottom:var(--wp--preset--spacing--50)\"><div class=\"wp-block-column is-vertically-aligned-center is-layout-flow wp-block-column-is-layout-flow\"><figure class=\"wp-block-image size-large\"><img loading=\"lazy\" decoding=\"async\" width=\"1024\" height=\"683\" src=\"https:\/\/bibaardoak.eus\/app\/uploads\/2020\/12\/Lezaun-ardogintza-3-1024x683.jpg\" alt=\"bodegas lezaun, navarra, biba ardoak\" class=\"wp-image-7102\" srcset=\"https:\/\/bibaardoak.eus\/app\/uploads\/2020\/12\/Lezaun-ardogintza-3-1024x683.jpg 1024w, https:\/\/bibaardoak.eus\/app\/uploads\/2020\/12\/Lezaun-ardogintza-3-300x200.jpg 300w, https:\/\/bibaardoak.eus\/app\/uploads\/2020\/12\/Lezaun-ardogintza-3-768x512.jpg 768w, https:\/\/bibaardoak.eus\/app\/uploads\/2020\/12\/Lezaun-ardogintza-3-1536x1024.jpg 1536w, https:\/\/bibaardoak.eus\/app\/uploads\/2020\/12\/Lezaun-ardogintza-3-2048x1365.jpg 2048w, https:\/\/bibaardoak.eus\/app\/uploads\/2020\/12\/Lezaun-ardogintza-3-900x600.jpg 900w, https:\/\/bibaardoak.eus\/app\/uploads\/2020\/12\/Lezaun-ardogintza-3-600x400.jpg 600w\" sizes=\"auto, (max-width: 1024px) 100vw, 1024px\" \/><\/figure>\n\n<div class=\"wp-block-columns is-layout-flex wp-container-core-columns-is-layout-6 wp-block-columns-is-layout-flex\"><div class=\"wp-block-column is-layout-flow wp-block-column-is-layout-flow\"><figure class=\"wp-block-image size-large\"><img loading=\"lazy\" decoding=\"async\" width=\"1024\" height=\"683\" src=\"https:\/\/bibaardoak.eus\/app\/uploads\/2020\/12\/Lezaun-ardogintza-1-1024x683.jpg\" alt=\"vinos org&#xE1;nicos lezaun, biba ardoak\" class=\"wp-image-7096\" srcset=\"https:\/\/bibaardoak.eus\/app\/uploads\/2020\/12\/Lezaun-ardogintza-1-1024x683.jpg 1024w, https:\/\/bibaardoak.eus\/app\/uploads\/2020\/12\/Lezaun-ardogintza-1-300x200.jpg 300w, https:\/\/bibaardoak.eus\/app\/uploads\/2020\/12\/Lezaun-ardogintza-1-768x512.jpg 768w, https:\/\/bibaardoak.eus\/app\/uploads\/2020\/12\/Lezaun-ardogintza-1-1536x1024.jpg 1536w, https:\/\/bibaardoak.eus\/app\/uploads\/2020\/12\/Lezaun-ardogintza-1-2048x1365.jpg 2048w, https:\/\/bibaardoak.eus\/app\/uploads\/2020\/12\/Lezaun-ardogintza-1-900x600.jpg 900w, https:\/\/bibaardoak.eus\/app\/uploads\/2020\/12\/Lezaun-ardogintza-1-600x400.jpg 600w\" sizes=\"auto, (max-width: 1024px) 100vw, 1024px\" \/><\/figure><\/div>\n\n<div class=\"wp-block-column is-layout-flow wp-block-column-is-layout-flow\"><figure class=\"wp-block-image size-large\"><img loading=\"lazy\" decoding=\"async\" width=\"1024\" height=\"665\" src=\"https:\/\/bibaardoak.eus\/app\/uploads\/2020\/12\/Lezaun-ardogintza-2-scaled-1-1024x665.jpeg\" alt=\"lezaun upategia\" class=\"wp-image-8351\" srcset=\"https:\/\/bibaardoak.eus\/app\/uploads\/2020\/12\/Lezaun-ardogintza-2-scaled-1-1024x665.jpeg 1024w, https:\/\/bibaardoak.eus\/app\/uploads\/2020\/12\/Lezaun-ardogintza-2-scaled-1-300x195.jpeg 300w, https:\/\/bibaardoak.eus\/app\/uploads\/2020\/12\/Lezaun-ardogintza-2-scaled-1-768x499.jpeg 768w, https:\/\/bibaardoak.eus\/app\/uploads\/2020\/12\/Lezaun-ardogintza-2-scaled-1-1536x997.jpeg 1536w, https:\/\/bibaardoak.eus\/app\/uploads\/2020\/12\/Lezaun-ardogintza-2-scaled-1-600x390.jpeg 600w, https:\/\/bibaardoak.eus\/app\/uploads\/2020\/12\/Lezaun-ardogintza-2-scaled-1.jpeg 1899w\" sizes=\"auto, (max-width: 1024px) 100vw, 1024px\" \/><\/figure><\/div><\/div><\/div>\n\n<div class=\"wp-block-column is-vertically-aligned-center is-layout-flow wp-block-column-is-layout-flow\"><h2 class=\"wp-block-heading\">Vinicultura<\/h2>\n\n<p class=\"has-small-font-size\">En 1981 los hermanos Edorta y Ra\u00fal Lezaun recuperaron las costumbres tradicionales y en 1990 apostaron por la agricultura ecol\u00f3gica y despu\u00e9s por la biodin\u00e1mica.<\/p><\/div><\/div><\/div><div class=\"wp-block-cover alignfull has-parallax has-background-color has-text-color has-link-color wp-elements-b34d4848aa53d49cba70ab7981054e49\" style=\"padding-right:var(--wp--preset--spacing--30);padding-left:var(--wp--preset--spacing--30);min-height:559px;aspect-ratio:unset;\"><span aria-hidden=\"true\" class=\"wp-block-cover__background has-background-dim-0 has-background-dim\"><\/span><div role=\"img\" class=\"wp-block-cover__image-background wp-image-8354 has-parallax\" style=\"background-position:50% 50%;background-image:url(https:\/\/bibaardoak.eus\/app\/uploads\/2020\/12\/Lezaun-mahasgintza-3-scaled-1.jpeg)\"><\/div><div class=\"wp-block-cover__inner-container has-global-padding is-layout-constrained wp-container-core-cover-is-layout-1 wp-block-cover-is-layout-constrained\"><p class=\"has-text-align-center has-large-font-size\">Raul &amp; Edorta Lezaun, Bodegas Lezaun<\/p>\n\n<div class=\"wp-block-buttons is-content-justification-center is-layout-flex wp-container-core-buttons-is-layout-2 wp-block-buttons-is-layout-flex\"><div class=\"wp-block-button is-style-outline is-style-outline--2\"><a class=\"wp-block-button__link wp-element-button\" href=\"https:\/\/www.youtube.com\/watch?v=4GcWnrJvyOI\" target=\"_blank\" rel=\"noreferrer noopener\">Ver v\u00eddeo<\/a><\/div><\/div><\/div><\/div><div class=\"wp-block-group alignfull has-background has-global-padding is-layout-constrained wp-container-core-group-is-layout-3 wp-block-group-is-layout-constrained\" style=\"background:linear-gradient(0deg,rgb(255,255,255) 58%,rgb(230,245,234) 58%);margin-top:0;margin-bottom:0;padding-top:var(--wp--preset--spacing--40);padding-right:var(--wp--preset--spacing--30);padding-bottom:var(--wp--preset--spacing--40);padding-left:var(--wp--preset--spacing--30)\"><h3 class=\"wp-block-heading has-text-align-center\" style=\"font-style:normal;font-weight:400\">Los vinos de Edorta y Raul Lezaun<\/h3>\n\n<div class=\"wp-block-buttons is-content-justification-center is-layout-flex wp-container-core-buttons-is-layout-3 wp-block-buttons-is-layout-flex\"><div class=\"wp-block-button\"><a class=\"wp-block-button__link has-background-color has-secondary-background-color has-text-color has-background has-link-color wp-element-button\" href=\"\/tienda\" style=\"border-radius:3px\">Ver todos<\/a><\/div><\/div>\n\n<\/div>","protected":false},"excerpt":{"rendered":"<p>Bodegas Lezaun Edorta y Raul Lezaun Lakar (Navarra) El conocimiento y la cultura del vino de la familia Lezaun se ha transmitido de generaci\u00f3n en generaci\u00f3n, al menos desde 1790, teniendo en cuenta los primeros documentos que describen la bodega. Tierra, clima y variedades de uva Son vi\u00f1edos protegidos por las sierras de Urbasa y [&hellip;]<\/p>\n","protected":false},"author":9,"featured_media":0,"parent":10185,"menu_order":0,"comment_status":"closed","ping_status":"closed","template":"","meta":{"footnotes":""},"class_list":["post-11057","page","type-page","status-publish","hentry"],"yoast_head":"<!-- This site is optimized with the Yoast SEO plugin v22.2 - https:\/\/yoast.com\/wordpress\/plugins\/seo\/ -->\n<title>Lezaun - Biba Ardoak<\/title>\n<meta name=\"robots\" content=\"index, follow, max-snippet:-1, max-image-preview:large, max-video-preview:-1\" \/>\n<link rel=\"canonical\" href=\"https:\/\/bibaardoak.eus\/mahastizainak\/lezaun\/\" \/>\n<meta property=\"og:locale\" content=\"es_ES\" \/>\n<meta property=\"og:type\" content=\"article\" \/>\n<meta property=\"og:title\" content=\"Lezaun - Biba Ardoak\" \/>\n<meta property=\"og:description\" content=\"Bodegas Lezaun Edorta y Raul Lezaun Lakar (Navarra) El conocimiento y la cultura del vino de la familia Lezaun se ha transmitido de generaci\u00f3n en generaci\u00f3n, al menos desde 1790, teniendo en cuenta los primeros documentos que describen la bodega. Tierra, clima y variedades de uva Son vi\u00f1edos protegidos por las sierras de Urbasa y [&hellip;]\" \/>\n<meta property=\"og:url\" content=\"https:\/\/bibaardoak.eus\/mahastizainak\/lezaun\/\" \/>\n<meta property=\"og:site_name\" content=\"Biba Ardoak\" \/>\n<meta property=\"article:modified_time\" content=\"2023-12-01T16:48:28+00:00\" \/>\n<meta property=\"og:image\" content=\"https:\/\/bibaardoak.eus\/app\/uploads\/2022\/09\/Lezaun-1024x912.png\" \/>\n<meta name=\"twitter:card\" content=\"summary_large_image\" \/>\n<meta name=\"twitter:label1\" content=\"Est. reading time\" \/>\n\t<meta name=\"twitter:data1\" content=\"1 minute\" \/>\n<script type=\"application\/ld+json\" class=\"yoast-schema-graph\">{\"@context\":\"https:\/\/schema.org\",\"@graph\":[{\"@type\":\"WebPage\",\"@id\":\"https:\/\/bibaardoak.eus\/mahastizainak\/lezaun\/\",\"url\":\"https:\/\/bibaardoak.eus\/mahastizainak\/lezaun\/\",\"name\":\"Lezaun - Biba Ardoak\",\"isPartOf\":{\"@id\":\"https:\/\/bibaardoak.eus\/es\/#website\"},\"primaryImageOfPage\":{\"@id\":\"https:\/\/bibaardoak.eus\/mahastizainak\/lezaun\/#primaryimage\"},\"image\":{\"@id\":\"https:\/\/bibaardoak.eus\/mahastizainak\/lezaun\/#primaryimage\"},\"thumbnailUrl\":\"https:\/\/bibaardoak.eus\/app\/uploads\/2022\/09\/Lezaun-1024x912.png\",\"datePublished\":\"2023-12-01T16:48:14+00:00\",\"dateModified\":\"2023-12-01T16:48:28+00:00\",\"breadcrumb\":{\"@id\":\"https:\/\/bibaardoak.eus\/mahastizainak\/lezaun\/#breadcrumb\"},\"inLanguage\":\"es-ES\",\"potentialAction\":[{\"@type\":\"ReadAction\",\"target\":[\"https:\/\/bibaardoak.eus\/mahastizainak\/lezaun\/\"]}]},{\"@type\":\"ImageObject\",\"inLanguage\":\"es-ES\",\"@id\":\"https:\/\/bibaardoak.eus\/mahastizainak\/lezaun\/#primaryimage\",\"url\":\"https:\/\/bibaardoak.eus\/app\/uploads\/2022\/09\/Lezaun.png\",\"contentUrl\":\"https:\/\/bibaardoak.eus\/app\/uploads\/2022\/09\/Lezaun.png\",\"width\":1536,\"height\":1368,\"caption\":\"Lezaun\"},{\"@type\":\"BreadcrumbList\",\"@id\":\"https:\/\/bibaardoak.eus\/mahastizainak\/lezaun\/#breadcrumb\",\"itemListElement\":[{\"@type\":\"ListItem\",\"position\":1,\"name\":\"Home\",\"item\":\"https:\/\/bibaardoak.eus\/es\/\"},{\"@type\":\"ListItem\",\"position\":2,\"name\":\"Vi\u00f1eronxs\",\"item\":\"https:\/\/bibaardoak.eus\/mahastizainak\/\"},{\"@type\":\"ListItem\",\"position\":3,\"name\":\"Lezaun\"}]},{\"@type\":\"WebSite\",\"@id\":\"https:\/\/bibaardoak.eus\/es\/#website\",\"url\":\"https:\/\/bibaardoak.eus\/es\/\",\"name\":\"Biba Ardoak\",\"description\":\"Euskal Mahastizainen Ardo Ekologikoak eta Naturalak\",\"publisher\":{\"@id\":\"https:\/\/bibaardoak.eus\/es\/#organization\"},\"potentialAction\":[{\"@type\":\"SearchAction\",\"target\":{\"@type\":\"EntryPoint\",\"urlTemplate\":\"https:\/\/bibaardoak.eus\/es\/?s={search_term_string}\"},\"query-input\":\"required name=search_term_string\"}],\"inLanguage\":\"es-ES\"},{\"@type\":\"Organization\",\"@id\":\"https:\/\/bibaardoak.eus\/es\/#organization\",\"name\":\"Biba Ardoak\",\"url\":\"https:\/\/bibaardoak.eus\/es\/\",\"logo\":{\"@type\":\"ImageObject\",\"inLanguage\":\"es-ES\",\"@id\":\"https:\/\/bibaardoak.eus\/es\/#\/schema\/logo\/image\/\",\"url\":\"https:\/\/bibaardoak.eus\/app\/uploads\/2020\/10\/logo.png\",\"contentUrl\":\"https:\/\/bibaardoak.eus\/app\/uploads\/2020\/10\/logo.png\",\"width\":165,\"height\":89,\"caption\":\"Biba Ardoak\"},\"image\":{\"@id\":\"https:\/\/bibaardoak.eus\/es\/#\/schema\/logo\/image\/\"}}]}<\/script>\n<!-- \/ Yoast SEO plugin. -->","yoast_head_json":{"title":"Lezaun - Biba Ardoak","robots":{"index":"index","follow":"follow","max-snippet":"max-snippet:-1","max-image-preview":"max-image-preview:large","max-video-preview":"max-video-preview:-1"},"canonical":"https:\/\/bibaardoak.eus\/mahastizainak\/lezaun\/","og_locale":"es_ES","og_type":"article","og_title":"Lezaun - Biba Ardoak","og_description":"Bodegas Lezaun Edorta y Raul Lezaun Lakar (Navarra) El conocimiento y la cultura del vino de la familia Lezaun se ha transmitido de generaci\u00f3n en generaci\u00f3n, al menos desde 1790, teniendo en cuenta los primeros documentos que describen la bodega. Tierra, clima y variedades de uva Son vi\u00f1edos protegidos por las sierras de Urbasa y [&hellip;]","og_url":"https:\/\/bibaardoak.eus\/mahastizainak\/lezaun\/","og_site_name":"Biba Ardoak","article_modified_time":"2023-12-01T16:48:28+00:00","og_image":[{"url":"https:\/\/bibaardoak.eus\/app\/uploads\/2022\/09\/Lezaun-1024x912.png"}],"twitter_card":"summary_large_image","twitter_misc":{"Est. reading time":"1 minute"},"schema":{"@context":"https:\/\/schema.org","@graph":[{"@type":"WebPage","@id":"https:\/\/bibaardoak.eus\/mahastizainak\/lezaun\/","url":"https:\/\/bibaardoak.eus\/mahastizainak\/lezaun\/","name":"Lezaun - Biba Ardoak","isPartOf":{"@id":"https:\/\/bibaardoak.eus\/es\/#website"},"primaryImageOfPage":{"@id":"https:\/\/bibaardoak.eus\/mahastizainak\/lezaun\/#primaryimage"},"image":{"@id":"https:\/\/bibaardoak.eus\/mahastizainak\/lezaun\/#primaryimage"},"thumbnailUrl":"https:\/\/bibaardoak.eus\/app\/uploads\/2022\/09\/Lezaun-1024x912.png","datePublished":"2023-12-01T16:48:14+00:00","dateModified":"2023-12-01T16:48:28+00:00","breadcrumb":{"@id":"https:\/\/bibaardoak.eus\/mahastizainak\/lezaun\/#breadcrumb"},"inLanguage":"es-ES","potentialAction":[{"@type":"ReadAction","target":["https:\/\/bibaardoak.eus\/mahastizainak\/lezaun\/"]}]},{"@type":"ImageObject","inLanguage":"es-ES","@id":"https:\/\/bibaardoak.eus\/mahastizainak\/lezaun\/#primaryimage","url":"https:\/\/bibaardoak.eus\/app\/uploads\/2022\/09\/Lezaun.png","contentUrl":"https:\/\/bibaardoak.eus\/app\/uploads\/2022\/09\/Lezaun.png","width":1536,"height":1368,"caption":"Lezaun"},{"@type":"BreadcrumbList","@id":"https:\/\/bibaardoak.eus\/mahastizainak\/lezaun\/#breadcrumb","itemListElement":[{"@type":"ListItem","position":1,"name":"Home","item":"https:\/\/bibaardoak.eus\/es\/"},{"@type":"ListItem","position":2,"name":"Vi\u00f1eronxs","item":"https:\/\/bibaardoak.eus\/mahastizainak\/"},{"@type":"ListItem","position":3,"name":"Lezaun"}]},{"@type":"WebSite","@id":"https:\/\/bibaardoak.eus\/es\/#website","url":"https:\/\/bibaardoak.eus\/es\/","name":"Biba Ardoak","description":"Euskal Mahastizainen Ardo Ekologikoak eta Naturalak","publisher":{"@id":"https:\/\/bibaardoak.eus\/es\/#organization"},"potentialAction":[{"@type":"SearchAction","target":{"@type":"EntryPoint","urlTemplate":"https:\/\/bibaardoak.eus\/es\/?s={search_term_string}"},"query-input":"required name=search_term_string"}],"inLanguage":"es-ES"},{"@type":"Organization","@id":"https:\/\/bibaardoak.eus\/es\/#organization","name":"Biba Ardoak","url":"https:\/\/bibaardoak.eus\/es\/","logo":{"@type":"ImageObject","inLanguage":"es-ES","@id":"https:\/\/bibaardoak.eus\/es\/#\/schema\/logo\/image\/","url":"https:\/\/bibaardoak.eus\/app\/uploads\/2020\/10\/logo.png","contentUrl":"https:\/\/bibaardoak.eus\/app\/uploads\/2020\/10\/logo.png","width":165,"height":89,"caption":"Biba Ardoak"},"image":{"@id":"https:\/\/bibaardoak.eus\/es\/#\/schema\/logo\/image\/"}}]}},"_links":{"self":[{"href":"https:\/\/bibaardoak.eus\/es\/wp-json\/wp\/v2\/pages\/11057","targetHints":{"allow":["GET"]}}],"collection":[{"href":"https:\/\/bibaardoak.eus\/es\/wp-json\/wp\/v2\/pages"}],"about":[{"href":"https:\/\/bibaardoak.eus\/es\/wp-json\/wp\/v2\/types\/page"}],"author":[{"embeddable":true,"href":"https:\/\/bibaardoak.eus\/es\/wp-json\/wp\/v2\/users\/9"}],"replies":[{"embeddable":true,"href":"https:\/\/bibaardoak.eus\/es\/wp-json\/wp\/v2\/comments?post=11057"}],"version-history":[{"count":1,"href":"https:\/\/bibaardoak.eus\/es\/wp-json\/wp\/v2\/pages\/11057\/revisions"}],"predecessor-version":[{"id":11058,"href":"https:\/\/bibaardoak.eus\/es\/wp-json\/wp\/v2\/pages\/11057\/revisions\/11058"}],"up":[{"embeddable":true,"href":"https:\/\/bibaardoak.eus\/es\/wp-json\/wp\/v2\/pages\/10185"}],"wp:attachment":[{"href":"https:\/\/bibaardoak.eus\/es\/wp-json\/wp\/v2\/media?parent=11057"}],"curies":[{"name":"wp","href":"https:\/\/api.w.org\/{rel}","templated":true}]}}