{"id":11055,"date":"2023-12-01T16:42:57","date_gmt":"2023-12-01T16:42:57","guid":{"rendered":"https:\/\/bibaardoak.eus\/vineronxs\/mendiko\/"},"modified":"2023-12-01T16:43:12","modified_gmt":"2023-12-01T16:43:12","slug":"mendiko","status":"publish","type":"page","link":"https:\/\/bibaardoak.eus\/es\/vineronxs\/mendiko\/","title":{"rendered":"Mendiko"},"content":{"rendered":"<div class=\"wp-block-group alignfull eplus-wrapper has-secondary-background-color has-background has-global-padding is-layout-constrained wp-container-core-group-is-layout-1 wp-block-group-is-layout-constrained\" style=\"padding-top:var(--wp--preset--spacing--50);padding-right:var(--wp--preset--spacing--30);padding-bottom:var(--wp--preset--spacing--50);padding-left:var(--wp--preset--spacing--30)\"><div class=\"wp-block-columns alignwide eplus-wrapper is-layout-flex wp-container-core-columns-is-layout-1 wp-block-columns-is-layout-flex\"><div class=\"wp-block-column eplus-wrapper is-layout-flow wp-block-column-is-layout-flow\"><figure class=\"wp-block-image size-large\"><img loading=\"lazy\" decoding=\"async\" width=\"1024\" height=\"912\" src=\"https:\/\/bibaardoak.eus\/app\/uploads\/2022\/09\/Mendiko-1024x912.png\" alt=\"Mendiko\" class=\"wp-image-9400\" srcset=\"https:\/\/bibaardoak.eus\/app\/uploads\/2022\/09\/Mendiko-1024x912.png 1024w, https:\/\/bibaardoak.eus\/app\/uploads\/2022\/09\/Mendiko-300x267.png 300w, https:\/\/bibaardoak.eus\/app\/uploads\/2022\/09\/Mendiko-768x684.png 768w, https:\/\/bibaardoak.eus\/app\/uploads\/2022\/09\/Mendiko-600x534.png 600w, https:\/\/bibaardoak.eus\/app\/uploads\/2022\/09\/Mendiko.png 1536w\" sizes=\"auto, (max-width: 1024px) 100vw, 1024px\" \/><\/figure><\/div>\n\n<div class=\"wp-block-column eplus-wrapper is-layout-flow wp-block-column-is-layout-flow\" style=\"padding-top:var(--wp--preset--spacing--30);padding-bottom:var(--wp--preset--spacing--30)\"><h4 class=\"wp-block-heading has-small-font-size\" style=\"font-style:normal;font-weight:400\">Mendiko<\/h4>\n\n<h3 class=\"wp-block-heading has-large-font-size\" style=\"margin-top:10px;margin-bottom:10px;font-style:normal;font-weight:400\">Victorino e Imanol Ibero<\/h3>\n\n<h4 class=\"wp-block-heading has-small-font-size\" style=\"margin-top:0;margin-bottom:0;font-style:normal;font-weight:400\">Oibar (Navarra)<\/h4>\n\n<p class=\"has-small-font-size\">La familia Ibero ha heredado siglos de tradici\u00f3n en Oibar\/Aibar, donde se mezclan la producci\u00f3n de vi\u00f1edos cereales y frutales de secano.<\/p>\n\n<div class=\"wp-block-buttons is-layout-flex wp-block-buttons-is-layout-flex\"><div class=\"wp-block-button has-custom-font-size has-small-font-size\"><a class=\"wp-block-button__link has-foreground-color has-background-background-color has-text-color has-background has-link-color wp-element-button\" href=\"#gehiago\" style=\"border-radius:3px\">Saber m\u00e1s<\/a><\/div><\/div>\n\n<h6 class=\"wp-block-heading\"><a href=\"https:\/\/bibaardoak.eus\/es\/vineronxs\/espila\/#infolezaun\">Saber m\u00e1s<\/a><\/h6><\/div><\/div><\/div><div class=\"wp-block-group alignfull has-global-padding is-layout-constrained wp-container-core-group-is-layout-2 wp-block-group-is-layout-constrained\" id=\"gehiago\" style=\"padding-top:var(--wp--preset--spacing--50);padding-right:var(--wp--preset--spacing--30);padding-bottom:var(--wp--preset--spacing--50);padding-left:var(--wp--preset--spacing--30)\"><div class=\"wp-block-columns alignwide are-vertically-aligned-center is-layout-flex wp-container-core-columns-is-layout-3 wp-block-columns-is-layout-flex\" style=\"padding-top:var(--wp--preset--spacing--50);padding-bottom:var(--wp--preset--spacing--50)\"><div class=\"wp-block-column is-vertically-aligned-center is-layout-flow wp-block-column-is-layout-flow\"><figure class=\"wp-block-image size-large\"><img loading=\"lazy\" decoding=\"async\" width=\"1024\" height=\"768\" src=\"https:\/\/bibaardoak.eus\/app\/uploads\/2020\/12\/Mendiko-lurra-1-1024x768.jpg\" alt=\"mendiko mahastiak\" class=\"wp-image-7063\" srcset=\"https:\/\/bibaardoak.eus\/app\/uploads\/2020\/12\/Mendiko-lurra-1-1024x768.jpg 1024w, https:\/\/bibaardoak.eus\/app\/uploads\/2020\/12\/Mendiko-lurra-1-300x225.jpg 300w, https:\/\/bibaardoak.eus\/app\/uploads\/2020\/12\/Mendiko-lurra-1-768x576.jpg 768w, https:\/\/bibaardoak.eus\/app\/uploads\/2020\/12\/Mendiko-lurra-1-1536x1152.jpg 1536w, https:\/\/bibaardoak.eus\/app\/uploads\/2020\/12\/Mendiko-lurra-1-2048x1536.jpg 2048w, https:\/\/bibaardoak.eus\/app\/uploads\/2020\/12\/Mendiko-lurra-1-600x450.jpg 600w\" sizes=\"auto, (max-width: 1024px) 100vw, 1024px\" \/><\/figure>\n\n<div class=\"wp-block-columns is-layout-flex wp-container-core-columns-is-layout-2 wp-block-columns-is-layout-flex\"><div class=\"wp-block-column is-layout-flow wp-block-column-is-layout-flow\"><figure class=\"wp-block-image size-large\"><img loading=\"lazy\" decoding=\"async\" width=\"1024\" height=\"683\" src=\"https:\/\/bibaardoak.eus\/app\/uploads\/2020\/12\/Mendiko-lurra-2-1024x683.jpg\" alt=\"\" class=\"wp-image-7066\" srcset=\"https:\/\/bibaardoak.eus\/app\/uploads\/2020\/12\/Mendiko-lurra-2-1024x683.jpg 1024w, https:\/\/bibaardoak.eus\/app\/uploads\/2020\/12\/Mendiko-lurra-2-300x200.jpg 300w, https:\/\/bibaardoak.eus\/app\/uploads\/2020\/12\/Mendiko-lurra-2-768x512.jpg 768w, https:\/\/bibaardoak.eus\/app\/uploads\/2020\/12\/Mendiko-lurra-2-1536x1024.jpg 1536w, https:\/\/bibaardoak.eus\/app\/uploads\/2020\/12\/Mendiko-lurra-2-2048x1365.jpg 2048w, https:\/\/bibaardoak.eus\/app\/uploads\/2020\/12\/Mendiko-lurra-2-900x600.jpg 900w, https:\/\/bibaardoak.eus\/app\/uploads\/2020\/12\/Mendiko-lurra-2-600x400.jpg 600w\" sizes=\"auto, (max-width: 1024px) 100vw, 1024px\" \/><\/figure><\/div>\n\n<div class=\"wp-block-column is-layout-flow wp-block-column-is-layout-flow\"><\/div><\/div><\/div>\n\n<div class=\"wp-block-column is-vertically-aligned-center is-layout-flow wp-block-column-is-layout-flow\"><h2 class=\"wp-block-heading\">Tierra, clima y variedades de uva<\/h2>\n\n<p class=\"has-small-font-size\">Actualmente tienen 14 hect\u00e1reas de vi\u00f1edo, en m\u00e1s de nueve parcelas, donde crecen las variedades Garnacha, Cabernet-Sauvignon, Tempranillo y Syrah.<\/p><\/div><\/div>\n\n<div class=\"wp-block-columns alignwide are-vertically-aligned-center is-layout-flex wp-container-core-columns-is-layout-5 wp-block-columns-is-layout-flex\" style=\"padding-top:var(--wp--preset--spacing--50);padding-bottom:var(--wp--preset--spacing--50)\"><div class=\"wp-block-column is-vertically-aligned-center is-layout-flow wp-block-column-is-layout-flow\"><h2 class=\"wp-block-heading\">Viticultura<\/h2>\n\n<p class=\"has-small-font-size\">De generaci\u00f3n en generaci\u00f3n han aprendido a cuidar cuidadosamente las vi\u00f1as, a abonarlas, a crecer y a recoger sus uvas, lo mismo que hac\u00edan los abuelos de sus abuelos.<\/p><\/div>\n\n<div class=\"wp-block-column is-vertically-aligned-center is-layout-flow wp-block-column-is-layout-flow\"><figure class=\"wp-block-image size-large\"><img loading=\"lazy\" decoding=\"async\" width=\"1024\" height=\"683\" src=\"https:\/\/bibaardoak.eus\/app\/uploads\/2020\/12\/Mendiko-mahasgintza-1-1024x683.jpg\" alt=\"Bodega mendiko\" class=\"wp-image-7069\" srcset=\"https:\/\/bibaardoak.eus\/app\/uploads\/2020\/12\/Mendiko-mahasgintza-1-1024x683.jpg 1024w, https:\/\/bibaardoak.eus\/app\/uploads\/2020\/12\/Mendiko-mahasgintza-1-300x200.jpg 300w, https:\/\/bibaardoak.eus\/app\/uploads\/2020\/12\/Mendiko-mahasgintza-1-768x512.jpg 768w, https:\/\/bibaardoak.eus\/app\/uploads\/2020\/12\/Mendiko-mahasgintza-1-1536x1024.jpg 1536w, https:\/\/bibaardoak.eus\/app\/uploads\/2020\/12\/Mendiko-mahasgintza-1-2048x1365.jpg 2048w, https:\/\/bibaardoak.eus\/app\/uploads\/2020\/12\/Mendiko-mahasgintza-1-900x600.jpg 900w, https:\/\/bibaardoak.eus\/app\/uploads\/2020\/12\/Mendiko-mahasgintza-1-600x400.jpg 600w\" sizes=\"auto, (max-width: 1024px) 100vw, 1024px\" \/><\/figure>\n\n<div class=\"wp-block-columns is-layout-flex wp-container-core-columns-is-layout-4 wp-block-columns-is-layout-flex\"><div class=\"wp-block-column is-layout-flow wp-block-column-is-layout-flow\"><figure class=\"wp-block-image size-large\"><img loading=\"lazy\" decoding=\"async\" width=\"1024\" height=\"734\" src=\"https:\/\/bibaardoak.eus\/app\/uploads\/2020\/12\/Mendiko-mahasgintza-2-scaled-1-1024x734.jpeg\" alt=\"mendiko mahastiak\" class=\"wp-image-8361\" srcset=\"https:\/\/bibaardoak.eus\/app\/uploads\/2020\/12\/Mendiko-mahasgintza-2-scaled-1-1024x734.jpeg 1024w, https:\/\/bibaardoak.eus\/app\/uploads\/2020\/12\/Mendiko-mahasgintza-2-scaled-1-300x215.jpeg 300w, https:\/\/bibaardoak.eus\/app\/uploads\/2020\/12\/Mendiko-mahasgintza-2-scaled-1-768x551.jpeg 768w, https:\/\/bibaardoak.eus\/app\/uploads\/2020\/12\/Mendiko-mahasgintza-2-scaled-1-1536x1101.jpeg 1536w, https:\/\/bibaardoak.eus\/app\/uploads\/2020\/12\/Mendiko-mahasgintza-2-scaled-1-600x430.jpeg 600w, https:\/\/bibaardoak.eus\/app\/uploads\/2020\/12\/Mendiko-mahasgintza-2-scaled-1.jpeg 1695w\" sizes=\"auto, (max-width: 1024px) 100vw, 1024px\" \/><\/figure><\/div>\n\n<div class=\"wp-block-column is-layout-flow wp-block-column-is-layout-flow\"><figure class=\"wp-block-image size-large is-resized\"><img loading=\"lazy\" decoding=\"async\" width=\"1024\" height=\"683\" src=\"https:\/\/bibaardoak.eus\/app\/uploads\/2023\/07\/Mendiko-mahasgintza-3-1-scaled-1-1024x683.jpg\" alt=\"\" class=\"wp-image-9775\" style=\"width:363px;height:auto\" srcset=\"https:\/\/bibaardoak.eus\/app\/uploads\/2023\/07\/Mendiko-mahasgintza-3-1-scaled-1-1024x683.jpg 1024w, https:\/\/bibaardoak.eus\/app\/uploads\/2023\/07\/Mendiko-mahasgintza-3-1-scaled-1-300x200.jpg 300w, https:\/\/bibaardoak.eus\/app\/uploads\/2023\/07\/Mendiko-mahasgintza-3-1-scaled-1-768x512.jpg 768w, https:\/\/bibaardoak.eus\/app\/uploads\/2023\/07\/Mendiko-mahasgintza-3-1-scaled-1-1536x1024.jpg 1536w, https:\/\/bibaardoak.eus\/app\/uploads\/2023\/07\/Mendiko-mahasgintza-3-1-scaled-1-2048x1366.jpg 2048w, https:\/\/bibaardoak.eus\/app\/uploads\/2023\/07\/Mendiko-mahasgintza-3-1-scaled-1-1320x880.jpg 1320w, https:\/\/bibaardoak.eus\/app\/uploads\/2023\/07\/Mendiko-mahasgintza-3-1-scaled-1-600x400.jpg 600w\" sizes=\"auto, (max-width: 1024px) 100vw, 1024px\" \/><\/figure><\/div><\/div><\/div><\/div>\n\n<div class=\"wp-block-columns alignwide are-vertically-aligned-center is-layout-flex wp-container-core-columns-is-layout-7 wp-block-columns-is-layout-flex\" style=\"padding-top:var(--wp--preset--spacing--50);padding-bottom:var(--wp--preset--spacing--50)\"><div class=\"wp-block-column is-vertically-aligned-center is-layout-flow wp-block-column-is-layout-flow\"><figure class=\"wp-block-image size-large\"><img loading=\"lazy\" decoding=\"async\" width=\"1024\" height=\"683\" src=\"https:\/\/bibaardoak.eus\/app\/uploads\/2020\/12\/Mendiko-ardogintza-3-1024x683.jpg\" alt=\"biba ardoak mendiko, ardo naturalak\" class=\"wp-image-7057\" srcset=\"https:\/\/bibaardoak.eus\/app\/uploads\/2020\/12\/Mendiko-ardogintza-3-1024x683.jpg 1024w, https:\/\/bibaardoak.eus\/app\/uploads\/2020\/12\/Mendiko-ardogintza-3-300x200.jpg 300w, https:\/\/bibaardoak.eus\/app\/uploads\/2020\/12\/Mendiko-ardogintza-3-768x512.jpg 768w, https:\/\/bibaardoak.eus\/app\/uploads\/2020\/12\/Mendiko-ardogintza-3-1536x1024.jpg 1536w, https:\/\/bibaardoak.eus\/app\/uploads\/2020\/12\/Mendiko-ardogintza-3-2048x1365.jpg 2048w, https:\/\/bibaardoak.eus\/app\/uploads\/2020\/12\/Mendiko-ardogintza-3-900x600.jpg 900w, https:\/\/bibaardoak.eus\/app\/uploads\/2020\/12\/Mendiko-ardogintza-3-600x400.jpg 600w\" sizes=\"auto, (max-width: 1024px) 100vw, 1024px\" \/><\/figure>\n\n<div class=\"wp-block-columns is-layout-flex wp-container-core-columns-is-layout-6 wp-block-columns-is-layout-flex\"><div class=\"wp-block-column is-layout-flow wp-block-column-is-layout-flow\"><figure class=\"wp-block-image size-large\"><img loading=\"lazy\" decoding=\"async\" width=\"1024\" height=\"683\" src=\"https:\/\/bibaardoak.eus\/app\/uploads\/2020\/12\/Mendiko-ardogintza-1-1024x683.jpg\" alt=\"mendiko ardo ekologikoak\" class=\"wp-image-7051\" srcset=\"https:\/\/bibaardoak.eus\/app\/uploads\/2020\/12\/Mendiko-ardogintza-1-1024x683.jpg 1024w, https:\/\/bibaardoak.eus\/app\/uploads\/2020\/12\/Mendiko-ardogintza-1-300x200.jpg 300w, https:\/\/bibaardoak.eus\/app\/uploads\/2020\/12\/Mendiko-ardogintza-1-768x512.jpg 768w, https:\/\/bibaardoak.eus\/app\/uploads\/2020\/12\/Mendiko-ardogintza-1-1536x1024.jpg 1536w, https:\/\/bibaardoak.eus\/app\/uploads\/2020\/12\/Mendiko-ardogintza-1-2048x1365.jpg 2048w, https:\/\/bibaardoak.eus\/app\/uploads\/2020\/12\/Mendiko-ardogintza-1-900x600.jpg 900w, https:\/\/bibaardoak.eus\/app\/uploads\/2020\/12\/Mendiko-ardogintza-1-600x400.jpg 600w\" sizes=\"auto, (max-width: 1024px) 100vw, 1024px\" \/><\/figure><\/div>\n\n<div class=\"wp-block-column is-layout-flow wp-block-column-is-layout-flow\"><figure class=\"wp-block-image size-large\"><img loading=\"lazy\" decoding=\"async\" width=\"1024\" height=\"683\" src=\"https:\/\/bibaardoak.eus\/app\/uploads\/2020\/12\/Mendiko-ardogintza-2-1024x683.jpg\" alt=\"mendiko, biba ardo ekologikoak\" class=\"wp-image-7054\" srcset=\"https:\/\/bibaardoak.eus\/app\/uploads\/2020\/12\/Mendiko-ardogintza-2-1024x683.jpg 1024w, https:\/\/bibaardoak.eus\/app\/uploads\/2020\/12\/Mendiko-ardogintza-2-300x200.jpg 300w, https:\/\/bibaardoak.eus\/app\/uploads\/2020\/12\/Mendiko-ardogintza-2-768x512.jpg 768w, https:\/\/bibaardoak.eus\/app\/uploads\/2020\/12\/Mendiko-ardogintza-2-1536x1024.jpg 1536w, https:\/\/bibaardoak.eus\/app\/uploads\/2020\/12\/Mendiko-ardogintza-2-2048x1365.jpg 2048w, https:\/\/bibaardoak.eus\/app\/uploads\/2020\/12\/Mendiko-ardogintza-2-900x600.jpg 900w, https:\/\/bibaardoak.eus\/app\/uploads\/2020\/12\/Mendiko-ardogintza-2-600x400.jpg 600w\" sizes=\"auto, (max-width: 1024px) 100vw, 1024px\" \/><\/figure><\/div><\/div><\/div>\n\n<div class=\"wp-block-column is-vertically-aligned-center is-layout-flow wp-block-column-is-layout-flow\"><h2 class=\"wp-block-heading\">Vinicultura<\/h2>\n\n<p class=\"has-small-font-size\">2000. En el a\u00f1o 2008 Vitorino y m\u00e1s tarde su hijo Imanol apostaron por el vino ecol\u00f3gico limpiando hect\u00e1reas de tierra y plantando nuevos vi\u00f1edos.<\/p><\/div><\/div><\/div><div class=\"wp-block-cover alignfull has-parallax has-background-color has-text-color has-link-color wp-elements-6da36aac92d392246e57e3d88bb42ecf\" style=\"padding-right:var(--wp--preset--spacing--30);padding-left:var(--wp--preset--spacing--30);min-height:559px;aspect-ratio:unset;\"><span aria-hidden=\"true\" class=\"wp-block-cover__background has-background-dim-0 has-background-dim\"><\/span><div role=\"img\" class=\"wp-block-cover__image-background wp-image-8361 has-parallax\" style=\"background-position:50% 50%;background-image:url(https:\/\/bibaardoak.eus\/app\/uploads\/2020\/12\/Mendiko-mahasgintza-2-scaled-1.jpeg)\"><\/div><div class=\"wp-block-cover__inner-container has-global-padding is-layout-constrained wp-container-core-cover-is-layout-1 wp-block-cover-is-layout-constrained\"><p class=\"has-text-align-center has-large-font-size\">Victorino &amp; Imanol Ibero, Bodega Mendiko<\/p>\n\n<div class=\"wp-block-buttons is-content-justification-center is-layout-flex wp-container-core-buttons-is-layout-2 wp-block-buttons-is-layout-flex\"><div class=\"wp-block-button is-style-outline is-style-outline--2\"><a class=\"wp-block-button__link wp-element-button\" href=\"https:\/\/www.youtube.com\/watch?v=zCaqBJiySzM\" target=\"_blank\" rel=\"noreferrer noopener\">Ver v\u00eddeo<\/a><\/div><\/div><\/div><\/div><div class=\"wp-block-group alignfull has-background has-global-padding is-layout-constrained wp-container-core-group-is-layout-3 wp-block-group-is-layout-constrained\" style=\"background:linear-gradient(0deg,rgb(255,255,255) 58%,rgb(230,245,234) 58%);margin-top:0;margin-bottom:0;padding-top:var(--wp--preset--spacing--40);padding-right:var(--wp--preset--spacing--30);padding-bottom:var(--wp--preset--spacing--40);padding-left:var(--wp--preset--spacing--30)\"><h3 class=\"wp-block-heading has-text-align-center\" style=\"font-style:normal;font-weight:400\">Los vinos de Victorino e Imanolen<\/h3>\n\n<div class=\"wp-block-buttons is-content-justification-center is-layout-flex wp-container-core-buttons-is-layout-3 wp-block-buttons-is-layout-flex\"><div class=\"wp-block-button\"><a class=\"wp-block-button__link has-background-color has-secondary-background-color has-text-color has-background has-link-color wp-element-button\" href=\"\/tienda\" style=\"border-radius:3px\">Ver todos<\/a><\/div><\/div>\n\n<\/div>","protected":false},"excerpt":{"rendered":"<p>Mendiko Victorino e Imanol Ibero Oibar (Navarra) La familia Ibero ha heredado siglos de tradici\u00f3n en Oibar\/Aibar, donde se mezclan la producci\u00f3n de vi\u00f1edos cereales y frutales de secano. Saber m\u00e1s Tierra, clima y variedades de uva Actualmente tienen 14 hect\u00e1reas de vi\u00f1edo, en m\u00e1s de nueve parcelas, donde crecen las variedades Garnacha, Cabernet-Sauvignon, Tempranillo [&hellip;]<\/p>\n","protected":false},"author":9,"featured_media":0,"parent":10185,"menu_order":0,"comment_status":"closed","ping_status":"closed","template":"","meta":{"footnotes":""},"class_list":["post-11055","page","type-page","status-publish","hentry"],"yoast_head":"<!-- This site is optimized with the Yoast SEO plugin v22.2 - https:\/\/yoast.com\/wordpress\/plugins\/seo\/ -->\n<title>Mendiko - Biba Ardoak<\/title>\n<meta name=\"robots\" content=\"index, follow, max-snippet:-1, max-image-preview:large, max-video-preview:-1\" \/>\n<link rel=\"canonical\" href=\"https:\/\/bibaardoak.eus\/mahastizainak\/mendiko\/\" \/>\n<meta property=\"og:locale\" content=\"es_ES\" \/>\n<meta property=\"og:type\" content=\"article\" \/>\n<meta property=\"og:title\" content=\"Mendiko - Biba Ardoak\" \/>\n<meta property=\"og:description\" content=\"Mendiko Victorino e Imanol Ibero Oibar (Navarra) La familia Ibero ha heredado siglos de tradici\u00f3n en Oibar\/Aibar, donde se mezclan la producci\u00f3n de vi\u00f1edos cereales y frutales de secano. Saber m\u00e1s Tierra, clima y variedades de uva Actualmente tienen 14 hect\u00e1reas de vi\u00f1edo, en m\u00e1s de nueve parcelas, donde crecen las variedades Garnacha, Cabernet-Sauvignon, Tempranillo [&hellip;]\" \/>\n<meta property=\"og:url\" content=\"https:\/\/bibaardoak.eus\/mahastizainak\/mendiko\/\" \/>\n<meta property=\"og:site_name\" content=\"Biba Ardoak\" \/>\n<meta property=\"article:modified_time\" content=\"2023-12-01T16:43:12+00:00\" \/>\n<meta property=\"og:image\" content=\"https:\/\/bibaardoak.eus\/app\/uploads\/2022\/09\/Mendiko-1024x912.png\" \/>\n<meta name=\"twitter:card\" content=\"summary_large_image\" \/>\n<meta name=\"twitter:label1\" content=\"Est. reading time\" \/>\n\t<meta name=\"twitter:data1\" content=\"1 minute\" \/>\n<script type=\"application\/ld+json\" class=\"yoast-schema-graph\">{\"@context\":\"https:\/\/schema.org\",\"@graph\":[{\"@type\":\"WebPage\",\"@id\":\"https:\/\/bibaardoak.eus\/mahastizainak\/mendiko\/\",\"url\":\"https:\/\/bibaardoak.eus\/mahastizainak\/mendiko\/\",\"name\":\"Mendiko - Biba Ardoak\",\"isPartOf\":{\"@id\":\"https:\/\/bibaardoak.eus\/es\/#website\"},\"primaryImageOfPage\":{\"@id\":\"https:\/\/bibaardoak.eus\/mahastizainak\/mendiko\/#primaryimage\"},\"image\":{\"@id\":\"https:\/\/bibaardoak.eus\/mahastizainak\/mendiko\/#primaryimage\"},\"thumbnailUrl\":\"https:\/\/bibaardoak.eus\/app\/uploads\/2022\/09\/Mendiko-1024x912.png\",\"datePublished\":\"2023-12-01T16:42:57+00:00\",\"dateModified\":\"2023-12-01T16:43:12+00:00\",\"breadcrumb\":{\"@id\":\"https:\/\/bibaardoak.eus\/mahastizainak\/mendiko\/#breadcrumb\"},\"inLanguage\":\"es-ES\",\"potentialAction\":[{\"@type\":\"ReadAction\",\"target\":[\"https:\/\/bibaardoak.eus\/mahastizainak\/mendiko\/\"]}]},{\"@type\":\"ImageObject\",\"inLanguage\":\"es-ES\",\"@id\":\"https:\/\/bibaardoak.eus\/mahastizainak\/mendiko\/#primaryimage\",\"url\":\"https:\/\/bibaardoak.eus\/app\/uploads\/2022\/09\/Mendiko.png\",\"contentUrl\":\"https:\/\/bibaardoak.eus\/app\/uploads\/2022\/09\/Mendiko.png\",\"width\":1536,\"height\":1368,\"caption\":\"Mendiko\"},{\"@type\":\"BreadcrumbList\",\"@id\":\"https:\/\/bibaardoak.eus\/mahastizainak\/mendiko\/#breadcrumb\",\"itemListElement\":[{\"@type\":\"ListItem\",\"position\":1,\"name\":\"Home\",\"item\":\"https:\/\/bibaardoak.eus\/es\/\"},{\"@type\":\"ListItem\",\"position\":2,\"name\":\"Vi\u00f1eronxs\",\"item\":\"https:\/\/bibaardoak.eus\/mahastizainak\/\"},{\"@type\":\"ListItem\",\"position\":3,\"name\":\"Mendiko\"}]},{\"@type\":\"WebSite\",\"@id\":\"https:\/\/bibaardoak.eus\/es\/#website\",\"url\":\"https:\/\/bibaardoak.eus\/es\/\",\"name\":\"Biba Ardoak\",\"description\":\"Euskal Mahastizainen Ardo Ekologikoak eta Naturalak\",\"publisher\":{\"@id\":\"https:\/\/bibaardoak.eus\/es\/#organization\"},\"potentialAction\":[{\"@type\":\"SearchAction\",\"target\":{\"@type\":\"EntryPoint\",\"urlTemplate\":\"https:\/\/bibaardoak.eus\/es\/?s={search_term_string}\"},\"query-input\":\"required name=search_term_string\"}],\"inLanguage\":\"es-ES\"},{\"@type\":\"Organization\",\"@id\":\"https:\/\/bibaardoak.eus\/es\/#organization\",\"name\":\"Biba Ardoak\",\"url\":\"https:\/\/bibaardoak.eus\/es\/\",\"logo\":{\"@type\":\"ImageObject\",\"inLanguage\":\"es-ES\",\"@id\":\"https:\/\/bibaardoak.eus\/es\/#\/schema\/logo\/image\/\",\"url\":\"https:\/\/bibaardoak.eus\/app\/uploads\/2020\/10\/logo.png\",\"contentUrl\":\"https:\/\/bibaardoak.eus\/app\/uploads\/2020\/10\/logo.png\",\"width\":165,\"height\":89,\"caption\":\"Biba Ardoak\"},\"image\":{\"@id\":\"https:\/\/bibaardoak.eus\/es\/#\/schema\/logo\/image\/\"}}]}<\/script>\n<!-- \/ Yoast SEO plugin. -->","yoast_head_json":{"title":"Mendiko - Biba Ardoak","robots":{"index":"index","follow":"follow","max-snippet":"max-snippet:-1","max-image-preview":"max-image-preview:large","max-video-preview":"max-video-preview:-1"},"canonical":"https:\/\/bibaardoak.eus\/mahastizainak\/mendiko\/","og_locale":"es_ES","og_type":"article","og_title":"Mendiko - Biba Ardoak","og_description":"Mendiko Victorino e Imanol Ibero Oibar (Navarra) La familia Ibero ha heredado siglos de tradici\u00f3n en Oibar\/Aibar, donde se mezclan la producci\u00f3n de vi\u00f1edos cereales y frutales de secano. Saber m\u00e1s Tierra, clima y variedades de uva Actualmente tienen 14 hect\u00e1reas de vi\u00f1edo, en m\u00e1s de nueve parcelas, donde crecen las variedades Garnacha, Cabernet-Sauvignon, Tempranillo [&hellip;]","og_url":"https:\/\/bibaardoak.eus\/mahastizainak\/mendiko\/","og_site_name":"Biba Ardoak","article_modified_time":"2023-12-01T16:43:12+00:00","og_image":[{"url":"https:\/\/bibaardoak.eus\/app\/uploads\/2022\/09\/Mendiko-1024x912.png"}],"twitter_card":"summary_large_image","twitter_misc":{"Est. reading time":"1 minute"},"schema":{"@context":"https:\/\/schema.org","@graph":[{"@type":"WebPage","@id":"https:\/\/bibaardoak.eus\/mahastizainak\/mendiko\/","url":"https:\/\/bibaardoak.eus\/mahastizainak\/mendiko\/","name":"Mendiko - Biba Ardoak","isPartOf":{"@id":"https:\/\/bibaardoak.eus\/es\/#website"},"primaryImageOfPage":{"@id":"https:\/\/bibaardoak.eus\/mahastizainak\/mendiko\/#primaryimage"},"image":{"@id":"https:\/\/bibaardoak.eus\/mahastizainak\/mendiko\/#primaryimage"},"thumbnailUrl":"https:\/\/bibaardoak.eus\/app\/uploads\/2022\/09\/Mendiko-1024x912.png","datePublished":"2023-12-01T16:42:57+00:00","dateModified":"2023-12-01T16:43:12+00:00","breadcrumb":{"@id":"https:\/\/bibaardoak.eus\/mahastizainak\/mendiko\/#breadcrumb"},"inLanguage":"es-ES","potentialAction":[{"@type":"ReadAction","target":["https:\/\/bibaardoak.eus\/mahastizainak\/mendiko\/"]}]},{"@type":"ImageObject","inLanguage":"es-ES","@id":"https:\/\/bibaardoak.eus\/mahastizainak\/mendiko\/#primaryimage","url":"https:\/\/bibaardoak.eus\/app\/uploads\/2022\/09\/Mendiko.png","contentUrl":"https:\/\/bibaardoak.eus\/app\/uploads\/2022\/09\/Mendiko.png","width":1536,"height":1368,"caption":"Mendiko"},{"@type":"BreadcrumbList","@id":"https:\/\/bibaardoak.eus\/mahastizainak\/mendiko\/#breadcrumb","itemListElement":[{"@type":"ListItem","position":1,"name":"Home","item":"https:\/\/bibaardoak.eus\/es\/"},{"@type":"ListItem","position":2,"name":"Vi\u00f1eronxs","item":"https:\/\/bibaardoak.eus\/mahastizainak\/"},{"@type":"ListItem","position":3,"name":"Mendiko"}]},{"@type":"WebSite","@id":"https:\/\/bibaardoak.eus\/es\/#website","url":"https:\/\/bibaardoak.eus\/es\/","name":"Biba Ardoak","description":"Euskal Mahastizainen Ardo Ekologikoak eta Naturalak","publisher":{"@id":"https:\/\/bibaardoak.eus\/es\/#organization"},"potentialAction":[{"@type":"SearchAction","target":{"@type":"EntryPoint","urlTemplate":"https:\/\/bibaardoak.eus\/es\/?s={search_term_string}"},"query-input":"required name=search_term_string"}],"inLanguage":"es-ES"},{"@type":"Organization","@id":"https:\/\/bibaardoak.eus\/es\/#organization","name":"Biba Ardoak","url":"https:\/\/bibaardoak.eus\/es\/","logo":{"@type":"ImageObject","inLanguage":"es-ES","@id":"https:\/\/bibaardoak.eus\/es\/#\/schema\/logo\/image\/","url":"https:\/\/bibaardoak.eus\/app\/uploads\/2020\/10\/logo.png","contentUrl":"https:\/\/bibaardoak.eus\/app\/uploads\/2020\/10\/logo.png","width":165,"height":89,"caption":"Biba Ardoak"},"image":{"@id":"https:\/\/bibaardoak.eus\/es\/#\/schema\/logo\/image\/"}}]}},"_links":{"self":[{"href":"https:\/\/bibaardoak.eus\/es\/wp-json\/wp\/v2\/pages\/11055","targetHints":{"allow":["GET"]}}],"collection":[{"href":"https:\/\/bibaardoak.eus\/es\/wp-json\/wp\/v2\/pages"}],"about":[{"href":"https:\/\/bibaardoak.eus\/es\/wp-json\/wp\/v2\/types\/page"}],"author":[{"embeddable":true,"href":"https:\/\/bibaardoak.eus\/es\/wp-json\/wp\/v2\/users\/9"}],"replies":[{"embeddable":true,"href":"https:\/\/bibaardoak.eus\/es\/wp-json\/wp\/v2\/comments?post=11055"}],"version-history":[{"count":1,"href":"https:\/\/bibaardoak.eus\/es\/wp-json\/wp\/v2\/pages\/11055\/revisions"}],"predecessor-version":[{"id":11056,"href":"https:\/\/bibaardoak.eus\/es\/wp-json\/wp\/v2\/pages\/11055\/revisions\/11056"}],"up":[{"embeddable":true,"href":"https:\/\/bibaardoak.eus\/es\/wp-json\/wp\/v2\/pages\/10185"}],"wp:attachment":[{"href":"https:\/\/bibaardoak.eus\/es\/wp-json\/wp\/v2\/media?parent=11055"}],"curies":[{"name":"wp","href":"https:\/\/api.w.org\/{rel}","templated":true}]}}