{"id":11053,"date":"2023-12-01T16:38:42","date_gmt":"2023-12-01T16:38:42","guid":{"rendered":"https:\/\/bibaardoak.eus\/vineronxs\/urkizahar\/"},"modified":"2023-12-18T17:43:56","modified_gmt":"2023-12-18T16:43:56","slug":"urkizahar","status":"publish","type":"page","link":"https:\/\/bibaardoak.eus\/es\/vineronxs\/urkizahar\/","title":{"rendered":"Urkizahar"},"content":{"rendered":"<div class=\"wp-block-group alignfull eplus-wrapper has-secondary-background-color has-background has-global-padding is-layout-constrained wp-container-core-group-is-layout-1 wp-block-group-is-layout-constrained\" style=\"padding-top:var(--wp--preset--spacing--50);padding-right:var(--wp--preset--spacing--30);padding-bottom:var(--wp--preset--spacing--50);padding-left:var(--wp--preset--spacing--30)\"><div class=\"wp-block-columns alignwide eplus-wrapper is-layout-flex wp-container-core-columns-is-layout-1 wp-block-columns-is-layout-flex\"><div class=\"wp-block-column eplus-wrapper is-layout-flow wp-block-column-is-layout-flow\"><figure class=\"wp-block-image size-large\"><img loading=\"lazy\" decoding=\"async\" width=\"1024\" height=\"912\" src=\"https:\/\/bibaardoak.eus\/app\/uploads\/2022\/09\/urkizahar-1024x912.png\" alt=\"urkizahar\" class=\"wp-image-9409\" srcset=\"https:\/\/bibaardoak.eus\/app\/uploads\/2022\/09\/urkizahar-1024x912.png 1024w, https:\/\/bibaardoak.eus\/app\/uploads\/2022\/09\/urkizahar-300x267.png 300w, https:\/\/bibaardoak.eus\/app\/uploads\/2022\/09\/urkizahar-768x684.png 768w, https:\/\/bibaardoak.eus\/app\/uploads\/2022\/09\/urkizahar-600x534.png 600w, https:\/\/bibaardoak.eus\/app\/uploads\/2022\/09\/urkizahar.png 1536w\" sizes=\"auto, (max-width: 1024px) 100vw, 1024px\" \/><\/figure><\/div>\n\n<div class=\"wp-block-column eplus-wrapper is-layout-flow wp-block-column-is-layout-flow\" style=\"padding-top:var(--wp--preset--spacing--30);padding-bottom:var(--wp--preset--spacing--30)\"><h4 class=\"wp-block-heading has-open-sans-font-family has-small-font-size\" style=\"font-style:normal;font-weight:400\">Urkizahar<\/h4>\n\n<h3 class=\"wp-block-heading has-large-font-size\" style=\"margin-top:10px;margin-bottom:10px;font-style:normal;font-weight:400\">Luisja Oregi<\/h3>\n\n<h4 class=\"wp-block-heading has-open-sans-font-family has-small-font-size\" style=\"margin-top:0;margin-bottom:0;font-style:normal;font-weight:400\">Beizama (Gipuzkoa)<\/h4>\n\n<p class=\"has-small-font-size\">En 2008 Luisja Oregi recuper\u00f3 el antiguo caser\u00edo Urkizahar situado en Beizama y plant\u00f3 en su entorno 2,5 hect\u00e1reas de uva Hondarribi Zuria y Chardonnay repartidas en dos parcelas, una orientada al sur y otra sobre el embalse de Ibai Eder, en el municipio de Beizama.<\/p>\n\n<div class=\"wp-block-buttons is-layout-flex wp-block-buttons-is-layout-flex\"><div class=\"wp-block-button has-custom-font-size has-small-font-size\"><a class=\"wp-block-button__link has-foreground-color has-background-background-color has-text-color has-background has-link-color wp-element-button\" href=\"#gehiago\" style=\"border-radius:3px\">Saber m\u00e1s<\/a><\/div><\/div>\n\n<h6 class=\"wp-block-heading\"><a href=\"https:\/\/bibaardoak.eus\/es\/vineronxs\/espila\/#infolezaun\">Saber m\u00e1s<\/a><\/h6><\/div><\/div><\/div><div class=\"wp-block-group alignfull has-global-padding is-layout-constrained wp-container-core-group-is-layout-2 wp-block-group-is-layout-constrained\" id=\"gehiago\" style=\"padding-top:var(--wp--preset--spacing--50);padding-right:var(--wp--preset--spacing--30);padding-bottom:var(--wp--preset--spacing--50);padding-left:var(--wp--preset--spacing--30)\"><div class=\"wp-block-columns alignwide are-vertically-aligned-center is-layout-flex wp-container-core-columns-is-layout-3 wp-block-columns-is-layout-flex\" style=\"padding-top:var(--wp--preset--spacing--50);padding-bottom:var(--wp--preset--spacing--50)\"><div class=\"wp-block-column is-vertically-aligned-center is-layout-flow wp-block-column-is-layout-flow\"><figure class=\"wp-block-image size-large\"><img loading=\"lazy\" decoding=\"async\" width=\"1024\" height=\"768\" src=\"https:\/\/bibaardoak.eus\/app\/uploads\/2020\/12\/Urkizahar-lurra-1-1024x768.jpg\" alt=\"Urkizahar, mahastiak\" class=\"wp-image-7189\" srcset=\"https:\/\/bibaardoak.eus\/app\/uploads\/2020\/12\/Urkizahar-lurra-1-1024x768.jpg 1024w, https:\/\/bibaardoak.eus\/app\/uploads\/2020\/12\/Urkizahar-lurra-1-300x225.jpg 300w, https:\/\/bibaardoak.eus\/app\/uploads\/2020\/12\/Urkizahar-lurra-1-768x576.jpg 768w, https:\/\/bibaardoak.eus\/app\/uploads\/2020\/12\/Urkizahar-lurra-1-1536x1151.jpg 1536w, https:\/\/bibaardoak.eus\/app\/uploads\/2020\/12\/Urkizahar-lurra-1-2048x1535.jpg 2048w, https:\/\/bibaardoak.eus\/app\/uploads\/2020\/12\/Urkizahar-lurra-1-600x450.jpg 600w\" sizes=\"auto, (max-width: 1024px) 100vw, 1024px\" \/><\/figure>\n\n<div class=\"wp-block-columns is-layout-flex wp-container-core-columns-is-layout-2 wp-block-columns-is-layout-flex\"><div class=\"wp-block-column is-layout-flow wp-block-column-is-layout-flow\"><figure class=\"wp-block-image size-large\"><img loading=\"lazy\" decoding=\"async\" width=\"1024\" height=\"678\" src=\"https:\/\/bibaardoak.eus\/app\/uploads\/2021\/01\/Urkizahar-lurra-2-scaled-1-1024x678.jpeg\" alt=\"urkizahar lurra\" class=\"wp-image-8376\" srcset=\"https:\/\/bibaardoak.eus\/app\/uploads\/2021\/01\/Urkizahar-lurra-2-scaled-1-1024x678.jpeg 1024w, https:\/\/bibaardoak.eus\/app\/uploads\/2021\/01\/Urkizahar-lurra-2-scaled-1-300x199.jpeg 300w, https:\/\/bibaardoak.eus\/app\/uploads\/2021\/01\/Urkizahar-lurra-2-scaled-1-768x509.jpeg 768w, https:\/\/bibaardoak.eus\/app\/uploads\/2021\/01\/Urkizahar-lurra-2-scaled-1-1536x1017.jpeg 1536w, https:\/\/bibaardoak.eus\/app\/uploads\/2021\/01\/Urkizahar-lurra-2-scaled-1-600x397.jpeg 600w, https:\/\/bibaardoak.eus\/app\/uploads\/2021\/01\/Urkizahar-lurra-2-scaled-1.jpeg 2044w\" sizes=\"auto, (max-width: 1024px) 100vw, 1024px\" \/><\/figure><\/div>\n\n<div class=\"wp-block-column is-layout-flow wp-block-column-is-layout-flow\"><\/div><\/div><\/div>\n\n<div class=\"wp-block-column is-vertically-aligned-center is-layout-flow wp-block-column-is-layout-flow\"><h3 class=\"wp-block-heading\" style=\"font-style:normal;font-weight:400\">Tierra, clima y variedades de uva<\/h3>\n\n<p class=\"has-small-font-size\">Es un entorno espectacular y a la vez complejo. El Txakoli de Getaria es el terreno situado a mayor altura entre los vinos de la Denominaci\u00f3n de Origen Getariako Txakolina, con una altura de entre 350 y 450 m. <\/p><\/div><\/div>\n\n<div class=\"wp-block-columns alignwide are-vertically-aligned-center is-layout-flex wp-container-core-columns-is-layout-5 wp-block-columns-is-layout-flex\" style=\"padding-top:var(--wp--preset--spacing--50);padding-bottom:var(--wp--preset--spacing--50)\"><div class=\"wp-block-column is-vertically-aligned-center is-layout-flow wp-block-column-is-layout-flow\"><h3 class=\"wp-block-heading\">Viticultura<\/h3>\n\n<p class=\"has-small-font-size\">El txakoli ecol\u00f3gico Urkizahar se basa en el concepto de micro-vid y prioriza la calidad frente a la cantidad.<\/p><\/div>\n\n<div class=\"wp-block-column is-vertically-aligned-center is-layout-flow wp-block-column-is-layout-flow\"><figure class=\"wp-block-image size-large\"><img loading=\"lazy\" decoding=\"async\" width=\"1024\" height=\"683\" src=\"https:\/\/bibaardoak.eus\/app\/uploads\/2020\/12\/Urkizahar-mahasgintza-3-1024x683.jpg\" alt=\"\" class=\"wp-image-7201\" srcset=\"https:\/\/bibaardoak.eus\/app\/uploads\/2020\/12\/Urkizahar-mahasgintza-3-1024x683.jpg 1024w, https:\/\/bibaardoak.eus\/app\/uploads\/2020\/12\/Urkizahar-mahasgintza-3-300x200.jpg 300w, https:\/\/bibaardoak.eus\/app\/uploads\/2020\/12\/Urkizahar-mahasgintza-3-768x512.jpg 768w, https:\/\/bibaardoak.eus\/app\/uploads\/2020\/12\/Urkizahar-mahasgintza-3-1536x1024.jpg 1536w, https:\/\/bibaardoak.eus\/app\/uploads\/2020\/12\/Urkizahar-mahasgintza-3-2048x1365.jpg 2048w, https:\/\/bibaardoak.eus\/app\/uploads\/2020\/12\/Urkizahar-mahasgintza-3-900x600.jpg 900w, https:\/\/bibaardoak.eus\/app\/uploads\/2020\/12\/Urkizahar-mahasgintza-3-600x400.jpg 600w\" sizes=\"auto, (max-width: 1024px) 100vw, 1024px\" \/><\/figure>\n\n<div class=\"wp-block-columns is-layout-flex wp-container-core-columns-is-layout-4 wp-block-columns-is-layout-flex\"><div class=\"wp-block-column is-layout-flow wp-block-column-is-layout-flow\"><figure class=\"wp-block-image size-large\"><img loading=\"lazy\" decoding=\"async\" width=\"819\" height=\"1024\" src=\"https:\/\/bibaardoak.eus\/app\/uploads\/2020\/12\/Urkizahar-mahasgintza-2-819x1024.jpg\" alt=\"\" class=\"wp-image-7198\" srcset=\"https:\/\/bibaardoak.eus\/app\/uploads\/2020\/12\/Urkizahar-mahasgintza-2-819x1024.jpg 819w, https:\/\/bibaardoak.eus\/app\/uploads\/2020\/12\/Urkizahar-mahasgintza-2-240x300.jpg 240w, https:\/\/bibaardoak.eus\/app\/uploads\/2020\/12\/Urkizahar-mahasgintza-2-768x960.jpg 768w, https:\/\/bibaardoak.eus\/app\/uploads\/2020\/12\/Urkizahar-mahasgintza-2-1229x1536.jpg 1229w, https:\/\/bibaardoak.eus\/app\/uploads\/2020\/12\/Urkizahar-mahasgintza-2-1639x2048.jpg 1639w, https:\/\/bibaardoak.eus\/app\/uploads\/2020\/12\/Urkizahar-mahasgintza-2-600x750.jpg 600w, https:\/\/bibaardoak.eus\/app\/uploads\/2020\/12\/Urkizahar-mahasgintza-2-scaled.jpg 2048w\" sizes=\"auto, (max-width: 819px) 100vw, 819px\" \/><\/figure><\/div>\n\n<div class=\"wp-block-column is-layout-flow wp-block-column-is-layout-flow\"><figure class=\"wp-block-image size-large\"><img loading=\"lazy\" decoding=\"async\" width=\"819\" height=\"1024\" src=\"https:\/\/bibaardoak.eus\/app\/uploads\/2020\/12\/Urkizahar-mahasgintza-1-819x1024.jpg\" alt=\"\" class=\"wp-image-7195\" srcset=\"https:\/\/bibaardoak.eus\/app\/uploads\/2020\/12\/Urkizahar-mahasgintza-1-819x1024.jpg 819w, https:\/\/bibaardoak.eus\/app\/uploads\/2020\/12\/Urkizahar-mahasgintza-1-240x300.jpg 240w, https:\/\/bibaardoak.eus\/app\/uploads\/2020\/12\/Urkizahar-mahasgintza-1-768x960.jpg 768w, https:\/\/bibaardoak.eus\/app\/uploads\/2020\/12\/Urkizahar-mahasgintza-1-1229x1536.jpg 1229w, https:\/\/bibaardoak.eus\/app\/uploads\/2020\/12\/Urkizahar-mahasgintza-1-1638x2048.jpg 1638w, https:\/\/bibaardoak.eus\/app\/uploads\/2020\/12\/Urkizahar-mahasgintza-1-600x750.jpg 600w, https:\/\/bibaardoak.eus\/app\/uploads\/2020\/12\/Urkizahar-mahasgintza-1-scaled.jpg 2048w\" sizes=\"auto, (max-width: 819px) 100vw, 819px\" \/><\/figure><\/div><\/div><\/div><\/div>\n\n<div class=\"wp-block-columns alignwide are-vertically-aligned-center is-layout-flex wp-container-core-columns-is-layout-7 wp-block-columns-is-layout-flex\" style=\"padding-top:var(--wp--preset--spacing--50);padding-bottom:var(--wp--preset--spacing--50)\"><div class=\"wp-block-column is-vertically-aligned-center is-layout-flow wp-block-column-is-layout-flow\"><figure class=\"wp-block-image size-large\"><img loading=\"lazy\" decoding=\"async\" width=\"1024\" height=\"697\" src=\"https:\/\/bibaardoak.eus\/app\/uploads\/2021\/01\/Urkizahar-ardogintza-3-scaled-1-1024x697.jpeg\" alt=\"urkizahar ardogintza\" class=\"wp-image-8372\" srcset=\"https:\/\/bibaardoak.eus\/app\/uploads\/2021\/01\/Urkizahar-ardogintza-3-scaled-1-1024x697.jpeg 1024w, https:\/\/bibaardoak.eus\/app\/uploads\/2021\/01\/Urkizahar-ardogintza-3-scaled-1-300x204.jpeg 300w, https:\/\/bibaardoak.eus\/app\/uploads\/2021\/01\/Urkizahar-ardogintza-3-scaled-1-768x523.jpeg 768w, https:\/\/bibaardoak.eus\/app\/uploads\/2021\/01\/Urkizahar-ardogintza-3-scaled-1-1536x1046.jpeg 1536w, https:\/\/bibaardoak.eus\/app\/uploads\/2021\/01\/Urkizahar-ardogintza-3-scaled-1-600x408.jpeg 600w, https:\/\/bibaardoak.eus\/app\/uploads\/2021\/01\/Urkizahar-ardogintza-3-scaled-1.jpeg 2027w\" sizes=\"auto, (max-width: 1024px) 100vw, 1024px\" \/><\/figure>\n\n<div class=\"wp-block-columns is-layout-flex wp-container-core-columns-is-layout-6 wp-block-columns-is-layout-flex\"><div class=\"wp-block-column is-layout-flow wp-block-column-is-layout-flow\"><figure class=\"wp-block-image size-large\"><img loading=\"lazy\" decoding=\"async\" width=\"819\" height=\"1024\" src=\"https:\/\/bibaardoak.eus\/app\/uploads\/2020\/12\/Urkizahar-ardogintza-1-819x1024.jpg\" alt=\"\" class=\"wp-image-7180\" srcset=\"https:\/\/bibaardoak.eus\/app\/uploads\/2020\/12\/Urkizahar-ardogintza-1-819x1024.jpg 819w, https:\/\/bibaardoak.eus\/app\/uploads\/2020\/12\/Urkizahar-ardogintza-1-240x300.jpg 240w, https:\/\/bibaardoak.eus\/app\/uploads\/2020\/12\/Urkizahar-ardogintza-1-768x960.jpg 768w, https:\/\/bibaardoak.eus\/app\/uploads\/2020\/12\/Urkizahar-ardogintza-1-1229x1536.jpg 1229w, https:\/\/bibaardoak.eus\/app\/uploads\/2020\/12\/Urkizahar-ardogintza-1-1638x2048.jpg 1638w, https:\/\/bibaardoak.eus\/app\/uploads\/2020\/12\/Urkizahar-ardogintza-1-600x750.jpg 600w, https:\/\/bibaardoak.eus\/app\/uploads\/2020\/12\/Urkizahar-ardogintza-1-scaled.jpg 2048w\" sizes=\"auto, (max-width: 819px) 100vw, 819px\" \/><\/figure><\/div>\n\n<div class=\"wp-block-column is-layout-flow wp-block-column-is-layout-flow\"><figure class=\"wp-block-image size-large\"><img loading=\"lazy\" decoding=\"async\" width=\"819\" height=\"1024\" src=\"https:\/\/bibaardoak.eus\/app\/uploads\/2020\/12\/Urkizahar-ardogintza-2-819x1024.jpg\" alt=\"\" class=\"wp-image-7183\" srcset=\"https:\/\/bibaardoak.eus\/app\/uploads\/2020\/12\/Urkizahar-ardogintza-2-819x1024.jpg 819w, https:\/\/bibaardoak.eus\/app\/uploads\/2020\/12\/Urkizahar-ardogintza-2-240x300.jpg 240w, https:\/\/bibaardoak.eus\/app\/uploads\/2020\/12\/Urkizahar-ardogintza-2-768x960.jpg 768w, https:\/\/bibaardoak.eus\/app\/uploads\/2020\/12\/Urkizahar-ardogintza-2-1229x1536.jpg 1229w, https:\/\/bibaardoak.eus\/app\/uploads\/2020\/12\/Urkizahar-ardogintza-2-1638x2048.jpg 1638w, https:\/\/bibaardoak.eus\/app\/uploads\/2020\/12\/Urkizahar-ardogintza-2-600x750.jpg 600w, https:\/\/bibaardoak.eus\/app\/uploads\/2020\/12\/Urkizahar-ardogintza-2-scaled.jpg 2048w\" sizes=\"auto, (max-width: 819px) 100vw, 819px\" \/><\/figure><\/div><\/div><\/div>\n\n<div class=\"wp-block-column is-vertically-aligned-center is-layout-flow wp-block-column-is-layout-flow\"><h2 class=\"wp-block-heading\">Vinicultura<\/h2>\n\n<p class=\"has-small-font-size\">El objetivo principal es fomentar y recuperar la reactivaci\u00f3n de la agricultura popular guipuzcoana y el compromiso \u00e9tico con el ecosistema, produciendo txakoli de gran elegancia y sabor.<\/p><\/div><\/div><\/div><div class=\"wp-block-cover alignfull is-light has-parallax has-background-color has-text-color has-link-color wp-elements-53560ea96a3f98469ab5d4d771663e9a\" style=\"padding-right:var(--wp--preset--spacing--30);padding-left:var(--wp--preset--spacing--30);min-height:559px;aspect-ratio:unset;\"><span aria-hidden=\"true\" class=\"wp-block-cover__background has-background-dim-0 has-background-dim\"><\/span><div role=\"img\" class=\"wp-block-cover__image-background wp-image-7186 has-parallax\" style=\"background-position:50% 50%;background-image:url(https:\/\/bibaardoak.eus\/app\/uploads\/2020\/12\/Urkizahar-ardogintza-3-scaled.jpg)\"><\/div><div class=\"wp-block-cover__inner-container has-global-padding is-layout-constrained wp-container-core-cover-is-layout-1 wp-block-cover-is-layout-constrained\"><p class=\"has-text-align-center has-large-font-size\">Luisja Oregi, Urkizahar<\/p>\n\n<div class=\"wp-block-buttons is-content-justification-center is-layout-flex wp-container-core-buttons-is-layout-2 wp-block-buttons-is-layout-flex\"><div class=\"wp-block-button is-style-outline is-style-outline--2\"><a class=\"wp-block-button__link wp-element-button\" href=\"https:\/\/www.youtube.com\/watch?v=HRO8okfSS0c\" target=\"_blank\" rel=\"noreferrer noopener\">Ver v\u00eddeo<\/a><\/div><\/div><\/div><\/div><div class=\"wp-block-group alignfull has-background has-global-padding is-layout-constrained wp-container-core-group-is-layout-3 wp-block-group-is-layout-constrained\" style=\"background:linear-gradient(0deg,rgb(255,255,255) 58%,rgb(230,245,234) 58%);margin-top:0;margin-bottom:0;padding-top:var(--wp--preset--spacing--40);padding-right:var(--wp--preset--spacing--30);padding-bottom:var(--wp--preset--spacing--40);padding-left:var(--wp--preset--spacing--30)\"><h3 class=\"wp-block-heading has-text-align-center\" style=\"font-style:normal;font-weight:400\">Los vinos de Luisja<\/h3>\n\n<div class=\"wp-block-buttons is-content-justification-center is-layout-flex wp-container-core-buttons-is-layout-3 wp-block-buttons-is-layout-flex\"><div class=\"wp-block-button\"><a class=\"wp-block-button__link has-background-color has-secondary-background-color has-text-color has-background has-link-color wp-element-button\" href=\"\/tienda\" style=\"border-radius:3px\">Ver todos<\/a><\/div><\/div>\n\n<\/div>","protected":false},"excerpt":{"rendered":"<p>Urkizahar Luisja Oregi Beizama (Gipuzkoa) En 2008 Luisja Oregi recuper\u00f3 el antiguo caser\u00edo Urkizahar situado en Beizama y plant\u00f3 en su entorno 2,5 hect\u00e1reas de uva Hondarribi Zuria y Chardonnay repartidas en dos parcelas, una orientada al sur y otra sobre el embalse de Ibai Eder, en el municipio de Beizama. Saber m\u00e1s Tierra, clima [&hellip;]<\/p>\n","protected":false},"author":9,"featured_media":0,"parent":10185,"menu_order":0,"comment_status":"closed","ping_status":"closed","template":"","meta":{"footnotes":""},"class_list":["post-11053","page","type-page","status-publish","hentry"],"yoast_head":"<!-- This site is optimized with the Yoast SEO plugin v22.2 - https:\/\/yoast.com\/wordpress\/plugins\/seo\/ -->\n<title>Urkizahar - Biba Ardoak<\/title>\n<meta name=\"robots\" content=\"index, follow, max-snippet:-1, max-image-preview:large, max-video-preview:-1\" \/>\n<link rel=\"canonical\" href=\"https:\/\/bibaardoak.eus\/mahastizainak\/urkizahar\/\" \/>\n<meta property=\"og:locale\" content=\"es_ES\" \/>\n<meta property=\"og:type\" content=\"article\" \/>\n<meta property=\"og:title\" content=\"Urkizahar - Biba Ardoak\" \/>\n<meta property=\"og:description\" content=\"Urkizahar Luisja Oregi Beizama (Gipuzkoa) En 2008 Luisja Oregi recuper\u00f3 el antiguo caser\u00edo Urkizahar situado en Beizama y plant\u00f3 en su entorno 2,5 hect\u00e1reas de uva Hondarribi Zuria y Chardonnay repartidas en dos parcelas, una orientada al sur y otra sobre el embalse de Ibai Eder, en el municipio de Beizama. Saber m\u00e1s Tierra, clima [&hellip;]\" \/>\n<meta property=\"og:url\" content=\"https:\/\/bibaardoak.eus\/mahastizainak\/urkizahar\/\" \/>\n<meta property=\"og:site_name\" content=\"Biba Ardoak\" \/>\n<meta property=\"article:modified_time\" content=\"2023-12-18T16:43:56+00:00\" \/>\n<meta property=\"og:image\" content=\"https:\/\/bibaardoak.eus\/app\/uploads\/2022\/09\/urkizahar-1024x912.png\" \/>\n<meta name=\"twitter:card\" content=\"summary_large_image\" \/>\n<meta name=\"twitter:label1\" content=\"Est. reading time\" \/>\n\t<meta name=\"twitter:data1\" content=\"1 minute\" \/>\n<script type=\"application\/ld+json\" class=\"yoast-schema-graph\">{\"@context\":\"https:\/\/schema.org\",\"@graph\":[{\"@type\":\"WebPage\",\"@id\":\"https:\/\/bibaardoak.eus\/mahastizainak\/urkizahar\/\",\"url\":\"https:\/\/bibaardoak.eus\/mahastizainak\/urkizahar\/\",\"name\":\"Urkizahar - Biba Ardoak\",\"isPartOf\":{\"@id\":\"https:\/\/bibaardoak.eus\/es\/#website\"},\"primaryImageOfPage\":{\"@id\":\"https:\/\/bibaardoak.eus\/mahastizainak\/urkizahar\/#primaryimage\"},\"image\":{\"@id\":\"https:\/\/bibaardoak.eus\/mahastizainak\/urkizahar\/#primaryimage\"},\"thumbnailUrl\":\"https:\/\/bibaardoak.eus\/app\/uploads\/2022\/09\/urkizahar-1024x912.png\",\"datePublished\":\"2023-12-01T16:38:42+00:00\",\"dateModified\":\"2023-12-18T16:43:56+00:00\",\"breadcrumb\":{\"@id\":\"https:\/\/bibaardoak.eus\/mahastizainak\/urkizahar\/#breadcrumb\"},\"inLanguage\":\"es-ES\",\"potentialAction\":[{\"@type\":\"ReadAction\",\"target\":[\"https:\/\/bibaardoak.eus\/mahastizainak\/urkizahar\/\"]}]},{\"@type\":\"ImageObject\",\"inLanguage\":\"es-ES\",\"@id\":\"https:\/\/bibaardoak.eus\/mahastizainak\/urkizahar\/#primaryimage\",\"url\":\"https:\/\/bibaardoak.eus\/app\/uploads\/2022\/09\/urkizahar.png\",\"contentUrl\":\"https:\/\/bibaardoak.eus\/app\/uploads\/2022\/09\/urkizahar.png\",\"width\":1536,\"height\":1368,\"caption\":\"urkizahar\"},{\"@type\":\"BreadcrumbList\",\"@id\":\"https:\/\/bibaardoak.eus\/mahastizainak\/urkizahar\/#breadcrumb\",\"itemListElement\":[{\"@type\":\"ListItem\",\"position\":1,\"name\":\"Home\",\"item\":\"https:\/\/bibaardoak.eus\/es\/\"},{\"@type\":\"ListItem\",\"position\":2,\"name\":\"Vi\u00f1eronxs\",\"item\":\"https:\/\/bibaardoak.eus\/mahastizainak\/\"},{\"@type\":\"ListItem\",\"position\":3,\"name\":\"Urkizahar\"}]},{\"@type\":\"WebSite\",\"@id\":\"https:\/\/bibaardoak.eus\/es\/#website\",\"url\":\"https:\/\/bibaardoak.eus\/es\/\",\"name\":\"Biba Ardoak\",\"description\":\"Euskal Mahastizainen Ardo Ekologikoak eta Naturalak\",\"publisher\":{\"@id\":\"https:\/\/bibaardoak.eus\/es\/#organization\"},\"potentialAction\":[{\"@type\":\"SearchAction\",\"target\":{\"@type\":\"EntryPoint\",\"urlTemplate\":\"https:\/\/bibaardoak.eus\/es\/?s={search_term_string}\"},\"query-input\":\"required name=search_term_string\"}],\"inLanguage\":\"es-ES\"},{\"@type\":\"Organization\",\"@id\":\"https:\/\/bibaardoak.eus\/es\/#organization\",\"name\":\"Biba Ardoak\",\"url\":\"https:\/\/bibaardoak.eus\/es\/\",\"logo\":{\"@type\":\"ImageObject\",\"inLanguage\":\"es-ES\",\"@id\":\"https:\/\/bibaardoak.eus\/es\/#\/schema\/logo\/image\/\",\"url\":\"https:\/\/bibaardoak.eus\/app\/uploads\/2020\/10\/logo.png\",\"contentUrl\":\"https:\/\/bibaardoak.eus\/app\/uploads\/2020\/10\/logo.png\",\"width\":165,\"height\":89,\"caption\":\"Biba Ardoak\"},\"image\":{\"@id\":\"https:\/\/bibaardoak.eus\/es\/#\/schema\/logo\/image\/\"}}]}<\/script>\n<!-- \/ Yoast SEO plugin. -->","yoast_head_json":{"title":"Urkizahar - Biba Ardoak","robots":{"index":"index","follow":"follow","max-snippet":"max-snippet:-1","max-image-preview":"max-image-preview:large","max-video-preview":"max-video-preview:-1"},"canonical":"https:\/\/bibaardoak.eus\/mahastizainak\/urkizahar\/","og_locale":"es_ES","og_type":"article","og_title":"Urkizahar - Biba Ardoak","og_description":"Urkizahar Luisja Oregi Beizama (Gipuzkoa) En 2008 Luisja Oregi recuper\u00f3 el antiguo caser\u00edo Urkizahar situado en Beizama y plant\u00f3 en su entorno 2,5 hect\u00e1reas de uva Hondarribi Zuria y Chardonnay repartidas en dos parcelas, una orientada al sur y otra sobre el embalse de Ibai Eder, en el municipio de Beizama. Saber m\u00e1s Tierra, clima [&hellip;]","og_url":"https:\/\/bibaardoak.eus\/mahastizainak\/urkizahar\/","og_site_name":"Biba Ardoak","article_modified_time":"2023-12-18T16:43:56+00:00","og_image":[{"url":"https:\/\/bibaardoak.eus\/app\/uploads\/2022\/09\/urkizahar-1024x912.png"}],"twitter_card":"summary_large_image","twitter_misc":{"Est. reading time":"1 minute"},"schema":{"@context":"https:\/\/schema.org","@graph":[{"@type":"WebPage","@id":"https:\/\/bibaardoak.eus\/mahastizainak\/urkizahar\/","url":"https:\/\/bibaardoak.eus\/mahastizainak\/urkizahar\/","name":"Urkizahar - Biba Ardoak","isPartOf":{"@id":"https:\/\/bibaardoak.eus\/es\/#website"},"primaryImageOfPage":{"@id":"https:\/\/bibaardoak.eus\/mahastizainak\/urkizahar\/#primaryimage"},"image":{"@id":"https:\/\/bibaardoak.eus\/mahastizainak\/urkizahar\/#primaryimage"},"thumbnailUrl":"https:\/\/bibaardoak.eus\/app\/uploads\/2022\/09\/urkizahar-1024x912.png","datePublished":"2023-12-01T16:38:42+00:00","dateModified":"2023-12-18T16:43:56+00:00","breadcrumb":{"@id":"https:\/\/bibaardoak.eus\/mahastizainak\/urkizahar\/#breadcrumb"},"inLanguage":"es-ES","potentialAction":[{"@type":"ReadAction","target":["https:\/\/bibaardoak.eus\/mahastizainak\/urkizahar\/"]}]},{"@type":"ImageObject","inLanguage":"es-ES","@id":"https:\/\/bibaardoak.eus\/mahastizainak\/urkizahar\/#primaryimage","url":"https:\/\/bibaardoak.eus\/app\/uploads\/2022\/09\/urkizahar.png","contentUrl":"https:\/\/bibaardoak.eus\/app\/uploads\/2022\/09\/urkizahar.png","width":1536,"height":1368,"caption":"urkizahar"},{"@type":"BreadcrumbList","@id":"https:\/\/bibaardoak.eus\/mahastizainak\/urkizahar\/#breadcrumb","itemListElement":[{"@type":"ListItem","position":1,"name":"Home","item":"https:\/\/bibaardoak.eus\/es\/"},{"@type":"ListItem","position":2,"name":"Vi\u00f1eronxs","item":"https:\/\/bibaardoak.eus\/mahastizainak\/"},{"@type":"ListItem","position":3,"name":"Urkizahar"}]},{"@type":"WebSite","@id":"https:\/\/bibaardoak.eus\/es\/#website","url":"https:\/\/bibaardoak.eus\/es\/","name":"Biba Ardoak","description":"Euskal Mahastizainen Ardo Ekologikoak eta Naturalak","publisher":{"@id":"https:\/\/bibaardoak.eus\/es\/#organization"},"potentialAction":[{"@type":"SearchAction","target":{"@type":"EntryPoint","urlTemplate":"https:\/\/bibaardoak.eus\/es\/?s={search_term_string}"},"query-input":"required name=search_term_string"}],"inLanguage":"es-ES"},{"@type":"Organization","@id":"https:\/\/bibaardoak.eus\/es\/#organization","name":"Biba Ardoak","url":"https:\/\/bibaardoak.eus\/es\/","logo":{"@type":"ImageObject","inLanguage":"es-ES","@id":"https:\/\/bibaardoak.eus\/es\/#\/schema\/logo\/image\/","url":"https:\/\/bibaardoak.eus\/app\/uploads\/2020\/10\/logo.png","contentUrl":"https:\/\/bibaardoak.eus\/app\/uploads\/2020\/10\/logo.png","width":165,"height":89,"caption":"Biba Ardoak"},"image":{"@id":"https:\/\/bibaardoak.eus\/es\/#\/schema\/logo\/image\/"}}]}},"_links":{"self":[{"href":"https:\/\/bibaardoak.eus\/es\/wp-json\/wp\/v2\/pages\/11053","targetHints":{"allow":["GET"]}}],"collection":[{"href":"https:\/\/bibaardoak.eus\/es\/wp-json\/wp\/v2\/pages"}],"about":[{"href":"https:\/\/bibaardoak.eus\/es\/wp-json\/wp\/v2\/types\/page"}],"author":[{"embeddable":true,"href":"https:\/\/bibaardoak.eus\/es\/wp-json\/wp\/v2\/users\/9"}],"replies":[{"embeddable":true,"href":"https:\/\/bibaardoak.eus\/es\/wp-json\/wp\/v2\/comments?post=11053"}],"version-history":[{"count":2,"href":"https:\/\/bibaardoak.eus\/es\/wp-json\/wp\/v2\/pages\/11053\/revisions"}],"predecessor-version":[{"id":17404,"href":"https:\/\/bibaardoak.eus\/es\/wp-json\/wp\/v2\/pages\/11053\/revisions\/17404"}],"up":[{"embeddable":true,"href":"https:\/\/bibaardoak.eus\/es\/wp-json\/wp\/v2\/pages\/10185"}],"wp:attachment":[{"href":"https:\/\/bibaardoak.eus\/es\/wp-json\/wp\/v2\/media?parent=11053"}],"curies":[{"name":"wp","href":"https:\/\/api.w.org\/{rel}","templated":true}]}}