{"id":11051,"date":"2023-12-01T16:35:41","date_gmt":"2023-12-01T16:35:41","guid":{"rendered":"https:\/\/bibaardoak.eus\/vineronxs\/aristu\/"},"modified":"2023-12-01T16:35:43","modified_gmt":"2023-12-01T16:35:43","slug":"aristu","status":"publish","type":"page","link":"https:\/\/bibaardoak.eus\/es\/vineronxs\/aristu\/","title":{"rendered":"Aristu"},"content":{"rendered":"<div class=\"wp-block-group alignfull eplus-wrapper has-secondary-background-color has-background has-global-padding is-layout-constrained wp-container-core-group-is-layout-1 wp-block-group-is-layout-constrained\" style=\"padding-top:var(--wp--preset--spacing--50);padding-right:var(--wp--preset--spacing--30);padding-bottom:var(--wp--preset--spacing--50);padding-left:var(--wp--preset--spacing--30)\"><div class=\"wp-block-columns alignwide eplus-wrapper is-layout-flex wp-container-core-columns-is-layout-1 wp-block-columns-is-layout-flex\"><div class=\"wp-block-column eplus-wrapper is-layout-flow wp-block-column-is-layout-flow\"><figure class=\"wp-block-image size-large\"><img loading=\"lazy\" decoding=\"async\" width=\"1024\" height=\"912\" src=\"https:\/\/bibaardoak.eus\/app\/uploads\/2022\/09\/Aristu-1024x912.png\" alt=\"Aristu\" class=\"wp-image-9376\" srcset=\"https:\/\/bibaardoak.eus\/app\/uploads\/2022\/09\/Aristu-1024x912.png 1024w, https:\/\/bibaardoak.eus\/app\/uploads\/2022\/09\/Aristu-300x267.png 300w, https:\/\/bibaardoak.eus\/app\/uploads\/2022\/09\/Aristu-768x684.png 768w, https:\/\/bibaardoak.eus\/app\/uploads\/2022\/09\/Aristu-600x534.png 600w, https:\/\/bibaardoak.eus\/app\/uploads\/2022\/09\/Aristu.png 1536w\" sizes=\"auto, (max-width: 1024px) 100vw, 1024px\" \/><\/figure><\/div>\n\n<div class=\"wp-block-column eplus-wrapper is-layout-flow wp-block-column-is-layout-flow\" style=\"padding-top:var(--wp--preset--spacing--30);padding-bottom:var(--wp--preset--spacing--30)\"><h4 class=\"wp-block-heading has-open-sans-font-family has-small-font-size\" style=\"font-style:normal;font-weight:400\">Aristu<\/h4>\n\n<h3 class=\"wp-block-heading has-large-font-size\" style=\"margin-top:10px;margin-bottom:10px;font-style:normal;font-weight:400\">Juanra e Ibon Ollo y Agurtzane Jimenez<\/h3>\n\n<h4 class=\"wp-block-heading has-open-sans-font-family has-small-font-size\" style=\"margin-top:0;margin-bottom:0;font-style:normal;font-weight:400\">Lumbier (Navarra)<\/h4>\n\n<p class=\"has-small-font-size\">En 1995, Juanra Ollo y Agurtzane Jimenez fundaron una bodega en su pueblo, Irunberri\/Lumbier, convirti\u00e9ndose en uno de los pioneros de la vinificaci\u00f3n ecol\u00f3gica en Navarra.<\/p>\n\n<div class=\"wp-block-buttons is-layout-flex wp-block-buttons-is-layout-flex\"><div class=\"wp-block-button has-custom-font-size has-small-font-size\"><a class=\"wp-block-button__link has-foreground-color has-background-background-color has-text-color has-background has-link-color wp-element-button\" href=\"#gehiago\" style=\"border-radius:3px\">Saber m\u00e1s<\/a><\/div><\/div>\n\n<h6 class=\"wp-block-heading\"><a href=\"https:\/\/bibaardoak.eus\/es\/vineronxs\/espila\/#infolezaun\">Saber m\u00e1s<\/a><\/h6><\/div><\/div><\/div><div class=\"wp-block-group alignfull has-global-padding is-layout-constrained wp-container-core-group-is-layout-2 wp-block-group-is-layout-constrained\" id=\"gehiago\" style=\"padding-top:var(--wp--preset--spacing--60);padding-right:var(--wp--preset--spacing--30);padding-bottom:var(--wp--preset--spacing--60);padding-left:var(--wp--preset--spacing--30)\"><div class=\"wp-block-columns alignwide are-vertically-aligned-center is-layout-flex wp-container-core-columns-is-layout-3 wp-block-columns-is-layout-flex\"><div class=\"wp-block-column is-vertically-aligned-center is-layout-flow wp-block-column-is-layout-flow\"><figure class=\"wp-block-image size-large\"><img loading=\"lazy\" decoding=\"async\" width=\"1024\" height=\"683\" src=\"https:\/\/bibaardoak.eus\/app\/uploads\/2020\/12\/Aristu-lurra-1-1024x683.jpg\" alt=\"\" class=\"wp-image-7161\" srcset=\"https:\/\/bibaardoak.eus\/app\/uploads\/2020\/12\/Aristu-lurra-1-1024x683.jpg 1024w, https:\/\/bibaardoak.eus\/app\/uploads\/2020\/12\/Aristu-lurra-1-300x200.jpg 300w, https:\/\/bibaardoak.eus\/app\/uploads\/2020\/12\/Aristu-lurra-1-768x512.jpg 768w, https:\/\/bibaardoak.eus\/app\/uploads\/2020\/12\/Aristu-lurra-1-1536x1024.jpg 1536w, https:\/\/bibaardoak.eus\/app\/uploads\/2020\/12\/Aristu-lurra-1-2048x1365.jpg 2048w, https:\/\/bibaardoak.eus\/app\/uploads\/2020\/12\/Aristu-lurra-1-900x600.jpg 900w, https:\/\/bibaardoak.eus\/app\/uploads\/2020\/12\/Aristu-lurra-1-600x400.jpg 600w\" sizes=\"auto, (max-width: 1024px) 100vw, 1024px\" \/><\/figure>\n\n<div class=\"wp-block-columns is-layout-flex wp-container-core-columns-is-layout-2 wp-block-columns-is-layout-flex\"><div class=\"wp-block-column is-layout-flow wp-block-column-is-layout-flow\"><figure class=\"wp-block-image size-large\"><img loading=\"lazy\" decoding=\"async\" width=\"1024\" height=\"683\" src=\"https:\/\/bibaardoak.eus\/app\/uploads\/2020\/12\/Aristu-lurra-2-1024x683.jpg\" alt=\"aristu, ardo ekologikoak\" class=\"wp-image-7164\" srcset=\"https:\/\/bibaardoak.eus\/app\/uploads\/2020\/12\/Aristu-lurra-2-1024x683.jpg 1024w, https:\/\/bibaardoak.eus\/app\/uploads\/2020\/12\/Aristu-lurra-2-300x200.jpg 300w, https:\/\/bibaardoak.eus\/app\/uploads\/2020\/12\/Aristu-lurra-2-768x512.jpg 768w, https:\/\/bibaardoak.eus\/app\/uploads\/2020\/12\/Aristu-lurra-2-1536x1024.jpg 1536w, https:\/\/bibaardoak.eus\/app\/uploads\/2020\/12\/Aristu-lurra-2-2048x1365.jpg 2048w, https:\/\/bibaardoak.eus\/app\/uploads\/2020\/12\/Aristu-lurra-2-900x600.jpg 900w, https:\/\/bibaardoak.eus\/app\/uploads\/2020\/12\/Aristu-lurra-2-600x400.jpg 600w\" sizes=\"auto, (max-width: 1024px) 100vw, 1024px\" \/><\/figure><\/div>\n\n<div class=\"wp-block-column is-layout-flow wp-block-column-is-layout-flow\"><iframe src=\"https:\/\/www.google.com\/maps\/embed?pb=!1m14!1m8!1m3!1d11736.776593659142!2d-1.3049337!3d42.657241!3m2!1i1024!2i768!4f13.1!3m3!1m2!1s0xd50927ec3fffa93%3A0x592b4be9ef7523fd!2sBodegas%20Aristu%20S.L.!5e0!3m2!1ses!2ses!4v1693568150557!5m2!1ses!2ses\" width=\"100%\" height=\"225\" style=\"border:0;\" allowfullscreen=\"\" loading=\"lazy\" referrerpolicy=\"no-referrer-when-downgrade\"><\/iframe><\/div><\/div><\/div>\n\n<div class=\"wp-block-column is-vertically-aligned-center is-layout-flow wp-block-column-is-layout-flow\"><h3 class=\"wp-block-heading\" style=\"font-style:normal;font-weight:400\">Tierra, clima y variedades de uva<\/h3>\n\n<p class=\"has-small-font-size\">A lo largo de estos a\u00f1os producen vinos aut\u00f3ctonos en su parcela de 12 hect\u00e1reas prepirenaicas.<\/p><\/div><\/div><\/div><div class=\"wp-block-group alignfull has-global-padding is-layout-constrained wp-container-core-group-is-layout-3 wp-block-group-is-layout-constrained\" style=\"padding-right:var(--wp--preset--spacing--30);padding-left:var(--wp--preset--spacing--30)\"><div class=\"wp-block-columns alignwide are-vertically-aligned-center is-layout-flex wp-container-core-columns-is-layout-4 wp-block-columns-is-layout-flex\" style=\"padding-top:var(--wp--preset--spacing--50);padding-bottom:var(--wp--preset--spacing--50)\"><div class=\"wp-block-column is-vertically-aligned-center is-layout-flow wp-block-column-is-layout-flow\"><h3 class=\"wp-block-heading\">Viticultura<\/h3>\n\n<p class=\"has-small-font-size\">La tradici\u00f3n familiar y el deseo de trabajar con un sistema de producci\u00f3n acorde con sus ideas y valores a la hora de cultivar la tierra les empujaron a la viticultura.<\/p><\/div>\n\n<div class=\"wp-block-column is-vertically-aligned-center is-layout-flow wp-block-column-is-layout-flow\"><figure class=\"wp-block-image size-large\"><img loading=\"lazy\" decoding=\"async\" width=\"1024\" height=\"683\" src=\"https:\/\/bibaardoak.eus\/app\/uploads\/2020\/12\/Aristu-mahasgintza-1-1024x683.jpg\" alt=\"aristu, mahasgintza\" class=\"wp-image-7167\" srcset=\"https:\/\/bibaardoak.eus\/app\/uploads\/2020\/12\/Aristu-mahasgintza-1-1024x683.jpg 1024w, https:\/\/bibaardoak.eus\/app\/uploads\/2020\/12\/Aristu-mahasgintza-1-300x200.jpg 300w, https:\/\/bibaardoak.eus\/app\/uploads\/2020\/12\/Aristu-mahasgintza-1-768x512.jpg 768w, https:\/\/bibaardoak.eus\/app\/uploads\/2020\/12\/Aristu-mahasgintza-1-1536x1024.jpg 1536w, https:\/\/bibaardoak.eus\/app\/uploads\/2020\/12\/Aristu-mahasgintza-1-2048x1365.jpg 2048w, https:\/\/bibaardoak.eus\/app\/uploads\/2020\/12\/Aristu-mahasgintza-1-900x600.jpg 900w, https:\/\/bibaardoak.eus\/app\/uploads\/2020\/12\/Aristu-mahasgintza-1-600x400.jpg 600w\" sizes=\"auto, (max-width: 1024px) 100vw, 1024px\" \/><\/figure>\n\n<figure class=\"wp-block-gallery has-nested-images columns-2 is-cropped wp-block-gallery-2 is-layout-flex wp-block-gallery-is-layout-flex\"><figure class=\"wp-block-image size-large\"><img loading=\"lazy\" decoding=\"async\" width=\"1024\" height=\"683\" src=\"https:\/\/bibaardoak.eus\/app\/uploads\/2020\/12\/Aristu-mahasgintza-3-1024x683.jpg\" alt=\"aristu, vinos naturales\" class=\"wp-image-7173\" srcset=\"https:\/\/bibaardoak.eus\/app\/uploads\/2020\/12\/Aristu-mahasgintza-3-1024x683.jpg 1024w, https:\/\/bibaardoak.eus\/app\/uploads\/2020\/12\/Aristu-mahasgintza-3-300x200.jpg 300w, https:\/\/bibaardoak.eus\/app\/uploads\/2020\/12\/Aristu-mahasgintza-3-768x512.jpg 768w, https:\/\/bibaardoak.eus\/app\/uploads\/2020\/12\/Aristu-mahasgintza-3-1536x1024.jpg 1536w, https:\/\/bibaardoak.eus\/app\/uploads\/2020\/12\/Aristu-mahasgintza-3-2048x1365.jpg 2048w, https:\/\/bibaardoak.eus\/app\/uploads\/2020\/12\/Aristu-mahasgintza-3-900x600.jpg 900w, https:\/\/bibaardoak.eus\/app\/uploads\/2020\/12\/Aristu-mahasgintza-3-600x400.jpg 600w\" sizes=\"auto, (max-width: 1024px) 100vw, 1024px\" \/><\/figure>\n\n<figure class=\"wp-block-image size-large\"><img loading=\"lazy\" decoding=\"async\" width=\"1024\" height=\"683\" src=\"https:\/\/bibaardoak.eus\/app\/uploads\/2020\/12\/Aristu-mahasgintza-2-1024x683.jpg\" alt=\"aristu, vi&#xF1;edos\" class=\"wp-image-7170\" srcset=\"https:\/\/bibaardoak.eus\/app\/uploads\/2020\/12\/Aristu-mahasgintza-2-1024x683.jpg 1024w, https:\/\/bibaardoak.eus\/app\/uploads\/2020\/12\/Aristu-mahasgintza-2-300x200.jpg 300w, https:\/\/bibaardoak.eus\/app\/uploads\/2020\/12\/Aristu-mahasgintza-2-768x512.jpg 768w, https:\/\/bibaardoak.eus\/app\/uploads\/2020\/12\/Aristu-mahasgintza-2-1536x1024.jpg 1536w, https:\/\/bibaardoak.eus\/app\/uploads\/2020\/12\/Aristu-mahasgintza-2-2048x1365.jpg 2048w, https:\/\/bibaardoak.eus\/app\/uploads\/2020\/12\/Aristu-mahasgintza-2-900x600.jpg 900w, https:\/\/bibaardoak.eus\/app\/uploads\/2020\/12\/Aristu-mahasgintza-2-600x400.jpg 600w\" sizes=\"auto, (max-width: 1024px) 100vw, 1024px\" \/><\/figure><\/figure><\/div><\/div>\n\n<div class=\"wp-block-columns alignwide are-vertically-aligned-center is-layout-flex wp-container-core-columns-is-layout-5 wp-block-columns-is-layout-flex\" style=\"padding-top:var(--wp--preset--spacing--60);padding-bottom:var(--wp--preset--spacing--60)\"><div class=\"wp-block-column is-vertically-aligned-center is-layout-flow wp-block-column-is-layout-flow\"><figure class=\"wp-block-gallery has-nested-images columns-2 is-cropped wp-block-gallery-3 is-layout-flex wp-block-gallery-is-layout-flex\"><figure class=\"wp-block-image size-large\"><img loading=\"lazy\" decoding=\"async\" width=\"1024\" height=\"683\" src=\"https:\/\/bibaardoak.eus\/app\/uploads\/2020\/12\/Aristu-ardogintza-1-1024x683.jpg\" alt=\"aristu, vinos org&#xE1;nicos\" class=\"wp-image-7152\" srcset=\"https:\/\/bibaardoak.eus\/app\/uploads\/2020\/12\/Aristu-ardogintza-1-1024x683.jpg 1024w, https:\/\/bibaardoak.eus\/app\/uploads\/2020\/12\/Aristu-ardogintza-1-300x200.jpg 300w, https:\/\/bibaardoak.eus\/app\/uploads\/2020\/12\/Aristu-ardogintza-1-768x512.jpg 768w, https:\/\/bibaardoak.eus\/app\/uploads\/2020\/12\/Aristu-ardogintza-1-1536x1024.jpg 1536w, https:\/\/bibaardoak.eus\/app\/uploads\/2020\/12\/Aristu-ardogintza-1-2048x1365.jpg 2048w, https:\/\/bibaardoak.eus\/app\/uploads\/2020\/12\/Aristu-ardogintza-1-900x600.jpg 900w, https:\/\/bibaardoak.eus\/app\/uploads\/2020\/12\/Aristu-ardogintza-1-600x400.jpg 600w\" sizes=\"auto, (max-width: 1024px) 100vw, 1024px\" \/><\/figure>\n\n<figure class=\"wp-block-image size-large\"><img loading=\"lazy\" decoding=\"async\" width=\"1024\" height=\"683\" src=\"https:\/\/bibaardoak.eus\/app\/uploads\/2020\/12\/Aristu-ardogintza-3-1024x683.jpg\" alt=\"aristu, biba ardoak\" class=\"wp-image-7158\" srcset=\"https:\/\/bibaardoak.eus\/app\/uploads\/2020\/12\/Aristu-ardogintza-3-1024x683.jpg 1024w, https:\/\/bibaardoak.eus\/app\/uploads\/2020\/12\/Aristu-ardogintza-3-300x200.jpg 300w, https:\/\/bibaardoak.eus\/app\/uploads\/2020\/12\/Aristu-ardogintza-3-768x512.jpg 768w, https:\/\/bibaardoak.eus\/app\/uploads\/2020\/12\/Aristu-ardogintza-3-1536x1024.jpg 1536w, https:\/\/bibaardoak.eus\/app\/uploads\/2020\/12\/Aristu-ardogintza-3-2048x1365.jpg 2048w, https:\/\/bibaardoak.eus\/app\/uploads\/2020\/12\/Aristu-ardogintza-3-900x600.jpg 900w, https:\/\/bibaardoak.eus\/app\/uploads\/2020\/12\/Aristu-ardogintza-3-600x400.jpg 600w\" sizes=\"auto, (max-width: 1024px) 100vw, 1024px\" \/><\/figure><\/figure>\n\n<figure class=\"wp-block-image size-large\"><img loading=\"lazy\" decoding=\"async\" width=\"819\" height=\"1024\" src=\"https:\/\/bibaardoak.eus\/app\/uploads\/2020\/12\/Aristu-ardogintza-2-819x1024.jpg\" alt=\"aristu, vinos biodinamicos\" class=\"wp-image-7155\" style=\"aspect-ratio:4\/3;object-fit:cover\" srcset=\"https:\/\/bibaardoak.eus\/app\/uploads\/2020\/12\/Aristu-ardogintza-2-819x1024.jpg 819w, https:\/\/bibaardoak.eus\/app\/uploads\/2020\/12\/Aristu-ardogintza-2-240x300.jpg 240w, https:\/\/bibaardoak.eus\/app\/uploads\/2020\/12\/Aristu-ardogintza-2-768x960.jpg 768w, https:\/\/bibaardoak.eus\/app\/uploads\/2020\/12\/Aristu-ardogintza-2-1229x1536.jpg 1229w, https:\/\/bibaardoak.eus\/app\/uploads\/2020\/12\/Aristu-ardogintza-2-1638x2048.jpg 1638w, https:\/\/bibaardoak.eus\/app\/uploads\/2020\/12\/Aristu-ardogintza-2-600x750.jpg 600w, https:\/\/bibaardoak.eus\/app\/uploads\/2020\/12\/Aristu-ardogintza-2-scaled.jpg 2048w\" sizes=\"auto, (max-width: 819px) 100vw, 819px\" \/><\/figure><\/div>\n\n<div class=\"wp-block-column is-vertically-aligned-center is-layout-flow wp-block-column-is-layout-flow\"><h2 class=\"wp-block-heading\">Vinicultura<\/h2>\n\n<p class=\"has-small-font-size\">Hoy en d\u00eda es su hijo Ibon el que, tras finalizar sus estudios, se ha hecho cargo de la bodega, introduciendo nuevas ideas y profundizando y recuperando el camino emprendido por sus padres.<\/p><\/div><\/div><\/div><div class=\"wp-block-cover alignfull is-light has-parallax has-background-color has-text-color has-link-color wp-elements-aebe76bdb12cd6f12b82b97d4c1faecb\" style=\"padding-right:var(--wp--preset--spacing--30);padding-left:var(--wp--preset--spacing--30);min-height:559px;aspect-ratio:unset;\"><span aria-hidden=\"true\" class=\"wp-block-cover__background has-background-dim-0 has-background-dim\"><\/span><div role=\"img\" class=\"wp-block-cover__image-background wp-image-7167 has-parallax\" style=\"background-position:50% 50%;background-image:url(https:\/\/bibaardoak.eus\/app\/uploads\/2020\/12\/Aristu-mahasgintza-1-scaled.jpg)\"><\/div><div class=\"wp-block-cover__inner-container has-global-padding is-layout-constrained wp-container-core-cover-is-layout-1 wp-block-cover-is-layout-constrained\"><p class=\"has-text-align-center has-large-font-size\">Ibon &amp; Juanra Ollo, Bodegas Aristu<\/p>\n\n<div class=\"wp-block-buttons is-content-justification-center is-layout-flex wp-container-core-buttons-is-layout-2 wp-block-buttons-is-layout-flex\"><div class=\"wp-block-button is-style-outline is-style-outline--4\"><a class=\"wp-block-button__link wp-element-button\" href=\"https:\/\/www.youtube.com\/watch?v=-s0rZU2KoeU\" target=\"_blank\" rel=\"noreferrer noopener\">Ver v\u00eddeo<\/a><\/div><\/div><\/div><\/div><div class=\"wp-block-group alignfull has-background has-global-padding is-layout-constrained wp-container-core-group-is-layout-4 wp-block-group-is-layout-constrained\" style=\"background:linear-gradient(0deg,rgb(255,255,255) 58%,rgb(230,245,234) 58%);margin-top:0;margin-bottom:0;padding-top:var(--wp--preset--spacing--40);padding-right:var(--wp--preset--spacing--30);padding-bottom:var(--wp--preset--spacing--40);padding-left:var(--wp--preset--spacing--30)\"><h3 class=\"wp-block-heading has-text-align-center\" style=\"font-style:normal;font-weight:400\">Los vinos de Juanra, Ibon y Agurtzane<\/h3>\n\n<div class=\"wp-block-buttons is-content-justification-center is-layout-flex wp-container-core-buttons-is-layout-3 wp-block-buttons-is-layout-flex\"><div class=\"wp-block-button\"><a class=\"wp-block-button__link has-background-color has-secondary-background-color has-text-color has-background has-link-color wp-element-button\" href=\"\/tienda\" style=\"border-radius:3px\">Ver todos<\/a><\/div><\/div>\n\n<\/div>","protected":false},"excerpt":{"rendered":"<p>Aristu Juanra e Ibon Ollo y Agurtzane Jimenez Lumbier (Navarra) En 1995, Juanra Ollo y Agurtzane Jimenez fundaron una bodega en su pueblo, Irunberri\/Lumbier, convirti\u00e9ndose en uno de los pioneros de la vinificaci\u00f3n ecol\u00f3gica en Navarra. Saber m\u00e1s Tierra, clima y variedades de uva A lo largo de estos a\u00f1os producen vinos aut\u00f3ctonos en su [&hellip;]<\/p>\n","protected":false},"author":9,"featured_media":0,"parent":10185,"menu_order":0,"comment_status":"closed","ping_status":"closed","template":"","meta":{"footnotes":""},"class_list":["post-11051","page","type-page","status-publish","hentry"],"yoast_head":"<!-- This site is optimized with the Yoast SEO plugin v22.2 - https:\/\/yoast.com\/wordpress\/plugins\/seo\/ -->\n<title>Aristu - Biba Ardoak<\/title>\n<meta name=\"robots\" content=\"index, follow, max-snippet:-1, max-image-preview:large, max-video-preview:-1\" \/>\n<link rel=\"canonical\" href=\"https:\/\/bibaardoak.eus\/mahastizainak\/aristu\/\" \/>\n<meta property=\"og:locale\" content=\"es_ES\" \/>\n<meta property=\"og:type\" content=\"article\" \/>\n<meta property=\"og:title\" content=\"Aristu - Biba Ardoak\" \/>\n<meta property=\"og:description\" content=\"Aristu Juanra e Ibon Ollo y Agurtzane Jimenez Lumbier (Navarra) En 1995, Juanra Ollo y Agurtzane Jimenez fundaron una bodega en su pueblo, Irunberri\/Lumbier, convirti\u00e9ndose en uno de los pioneros de la vinificaci\u00f3n ecol\u00f3gica en Navarra. Saber m\u00e1s Tierra, clima y variedades de uva A lo largo de estos a\u00f1os producen vinos aut\u00f3ctonos en su [&hellip;]\" \/>\n<meta property=\"og:url\" content=\"https:\/\/bibaardoak.eus\/mahastizainak\/aristu\/\" \/>\n<meta property=\"og:site_name\" content=\"Biba Ardoak\" \/>\n<meta property=\"article:modified_time\" content=\"2023-12-01T16:35:43+00:00\" \/>\n<meta property=\"og:image\" content=\"https:\/\/bibaardoak.eus\/app\/uploads\/2022\/09\/Aristu-1024x912.png\" \/>\n<meta name=\"twitter:card\" content=\"summary_large_image\" \/>\n<meta name=\"twitter:label1\" content=\"Est. reading time\" \/>\n\t<meta name=\"twitter:data1\" content=\"1 minute\" \/>\n<script type=\"application\/ld+json\" class=\"yoast-schema-graph\">{\"@context\":\"https:\/\/schema.org\",\"@graph\":[{\"@type\":\"WebPage\",\"@id\":\"https:\/\/bibaardoak.eus\/mahastizainak\/aristu\/\",\"url\":\"https:\/\/bibaardoak.eus\/mahastizainak\/aristu\/\",\"name\":\"Aristu - Biba Ardoak\",\"isPartOf\":{\"@id\":\"https:\/\/bibaardoak.eus\/es\/#website\"},\"primaryImageOfPage\":{\"@id\":\"https:\/\/bibaardoak.eus\/mahastizainak\/aristu\/#primaryimage\"},\"image\":{\"@id\":\"https:\/\/bibaardoak.eus\/mahastizainak\/aristu\/#primaryimage\"},\"thumbnailUrl\":\"https:\/\/bibaardoak.eus\/app\/uploads\/2022\/09\/Aristu-1024x912.png\",\"datePublished\":\"2023-12-01T16:35:41+00:00\",\"dateModified\":\"2023-12-01T16:35:43+00:00\",\"breadcrumb\":{\"@id\":\"https:\/\/bibaardoak.eus\/mahastizainak\/aristu\/#breadcrumb\"},\"inLanguage\":\"es-ES\",\"potentialAction\":[{\"@type\":\"ReadAction\",\"target\":[\"https:\/\/bibaardoak.eus\/mahastizainak\/aristu\/\"]}]},{\"@type\":\"ImageObject\",\"inLanguage\":\"es-ES\",\"@id\":\"https:\/\/bibaardoak.eus\/mahastizainak\/aristu\/#primaryimage\",\"url\":\"https:\/\/bibaardoak.eus\/app\/uploads\/2022\/09\/Aristu.png\",\"contentUrl\":\"https:\/\/bibaardoak.eus\/app\/uploads\/2022\/09\/Aristu.png\",\"width\":1536,\"height\":1368,\"caption\":\"Aristu\"},{\"@type\":\"BreadcrumbList\",\"@id\":\"https:\/\/bibaardoak.eus\/mahastizainak\/aristu\/#breadcrumb\",\"itemListElement\":[{\"@type\":\"ListItem\",\"position\":1,\"name\":\"Home\",\"item\":\"https:\/\/bibaardoak.eus\/es\/\"},{\"@type\":\"ListItem\",\"position\":2,\"name\":\"Vi\u00f1eronxs\",\"item\":\"https:\/\/bibaardoak.eus\/mahastizainak\/\"},{\"@type\":\"ListItem\",\"position\":3,\"name\":\"Aristu\"}]},{\"@type\":\"WebSite\",\"@id\":\"https:\/\/bibaardoak.eus\/es\/#website\",\"url\":\"https:\/\/bibaardoak.eus\/es\/\",\"name\":\"Biba Ardoak\",\"description\":\"Euskal Mahastizainen Ardo Ekologikoak eta Naturalak\",\"publisher\":{\"@id\":\"https:\/\/bibaardoak.eus\/es\/#organization\"},\"potentialAction\":[{\"@type\":\"SearchAction\",\"target\":{\"@type\":\"EntryPoint\",\"urlTemplate\":\"https:\/\/bibaardoak.eus\/es\/?s={search_term_string}\"},\"query-input\":\"required name=search_term_string\"}],\"inLanguage\":\"es-ES\"},{\"@type\":\"Organization\",\"@id\":\"https:\/\/bibaardoak.eus\/es\/#organization\",\"name\":\"Biba Ardoak\",\"url\":\"https:\/\/bibaardoak.eus\/es\/\",\"logo\":{\"@type\":\"ImageObject\",\"inLanguage\":\"es-ES\",\"@id\":\"https:\/\/bibaardoak.eus\/es\/#\/schema\/logo\/image\/\",\"url\":\"https:\/\/bibaardoak.eus\/app\/uploads\/2020\/10\/logo.png\",\"contentUrl\":\"https:\/\/bibaardoak.eus\/app\/uploads\/2020\/10\/logo.png\",\"width\":165,\"height\":89,\"caption\":\"Biba Ardoak\"},\"image\":{\"@id\":\"https:\/\/bibaardoak.eus\/es\/#\/schema\/logo\/image\/\"}}]}<\/script>\n<!-- \/ Yoast SEO plugin. -->","yoast_head_json":{"title":"Aristu - Biba Ardoak","robots":{"index":"index","follow":"follow","max-snippet":"max-snippet:-1","max-image-preview":"max-image-preview:large","max-video-preview":"max-video-preview:-1"},"canonical":"https:\/\/bibaardoak.eus\/mahastizainak\/aristu\/","og_locale":"es_ES","og_type":"article","og_title":"Aristu - Biba Ardoak","og_description":"Aristu Juanra e Ibon Ollo y Agurtzane Jimenez Lumbier (Navarra) En 1995, Juanra Ollo y Agurtzane Jimenez fundaron una bodega en su pueblo, Irunberri\/Lumbier, convirti\u00e9ndose en uno de los pioneros de la vinificaci\u00f3n ecol\u00f3gica en Navarra. Saber m\u00e1s Tierra, clima y variedades de uva A lo largo de estos a\u00f1os producen vinos aut\u00f3ctonos en su [&hellip;]","og_url":"https:\/\/bibaardoak.eus\/mahastizainak\/aristu\/","og_site_name":"Biba Ardoak","article_modified_time":"2023-12-01T16:35:43+00:00","og_image":[{"url":"https:\/\/bibaardoak.eus\/app\/uploads\/2022\/09\/Aristu-1024x912.png"}],"twitter_card":"summary_large_image","twitter_misc":{"Est. reading time":"1 minute"},"schema":{"@context":"https:\/\/schema.org","@graph":[{"@type":"WebPage","@id":"https:\/\/bibaardoak.eus\/mahastizainak\/aristu\/","url":"https:\/\/bibaardoak.eus\/mahastizainak\/aristu\/","name":"Aristu - Biba Ardoak","isPartOf":{"@id":"https:\/\/bibaardoak.eus\/es\/#website"},"primaryImageOfPage":{"@id":"https:\/\/bibaardoak.eus\/mahastizainak\/aristu\/#primaryimage"},"image":{"@id":"https:\/\/bibaardoak.eus\/mahastizainak\/aristu\/#primaryimage"},"thumbnailUrl":"https:\/\/bibaardoak.eus\/app\/uploads\/2022\/09\/Aristu-1024x912.png","datePublished":"2023-12-01T16:35:41+00:00","dateModified":"2023-12-01T16:35:43+00:00","breadcrumb":{"@id":"https:\/\/bibaardoak.eus\/mahastizainak\/aristu\/#breadcrumb"},"inLanguage":"es-ES","potentialAction":[{"@type":"ReadAction","target":["https:\/\/bibaardoak.eus\/mahastizainak\/aristu\/"]}]},{"@type":"ImageObject","inLanguage":"es-ES","@id":"https:\/\/bibaardoak.eus\/mahastizainak\/aristu\/#primaryimage","url":"https:\/\/bibaardoak.eus\/app\/uploads\/2022\/09\/Aristu.png","contentUrl":"https:\/\/bibaardoak.eus\/app\/uploads\/2022\/09\/Aristu.png","width":1536,"height":1368,"caption":"Aristu"},{"@type":"BreadcrumbList","@id":"https:\/\/bibaardoak.eus\/mahastizainak\/aristu\/#breadcrumb","itemListElement":[{"@type":"ListItem","position":1,"name":"Home","item":"https:\/\/bibaardoak.eus\/es\/"},{"@type":"ListItem","position":2,"name":"Vi\u00f1eronxs","item":"https:\/\/bibaardoak.eus\/mahastizainak\/"},{"@type":"ListItem","position":3,"name":"Aristu"}]},{"@type":"WebSite","@id":"https:\/\/bibaardoak.eus\/es\/#website","url":"https:\/\/bibaardoak.eus\/es\/","name":"Biba Ardoak","description":"Euskal Mahastizainen Ardo Ekologikoak eta Naturalak","publisher":{"@id":"https:\/\/bibaardoak.eus\/es\/#organization"},"potentialAction":[{"@type":"SearchAction","target":{"@type":"EntryPoint","urlTemplate":"https:\/\/bibaardoak.eus\/es\/?s={search_term_string}"},"query-input":"required name=search_term_string"}],"inLanguage":"es-ES"},{"@type":"Organization","@id":"https:\/\/bibaardoak.eus\/es\/#organization","name":"Biba Ardoak","url":"https:\/\/bibaardoak.eus\/es\/","logo":{"@type":"ImageObject","inLanguage":"es-ES","@id":"https:\/\/bibaardoak.eus\/es\/#\/schema\/logo\/image\/","url":"https:\/\/bibaardoak.eus\/app\/uploads\/2020\/10\/logo.png","contentUrl":"https:\/\/bibaardoak.eus\/app\/uploads\/2020\/10\/logo.png","width":165,"height":89,"caption":"Biba Ardoak"},"image":{"@id":"https:\/\/bibaardoak.eus\/es\/#\/schema\/logo\/image\/"}}]}},"_links":{"self":[{"href":"https:\/\/bibaardoak.eus\/es\/wp-json\/wp\/v2\/pages\/11051","targetHints":{"allow":["GET"]}}],"collection":[{"href":"https:\/\/bibaardoak.eus\/es\/wp-json\/wp\/v2\/pages"}],"about":[{"href":"https:\/\/bibaardoak.eus\/es\/wp-json\/wp\/v2\/types\/page"}],"author":[{"embeddable":true,"href":"https:\/\/bibaardoak.eus\/es\/wp-json\/wp\/v2\/users\/9"}],"replies":[{"embeddable":true,"href":"https:\/\/bibaardoak.eus\/es\/wp-json\/wp\/v2\/comments?post=11051"}],"version-history":[{"count":1,"href":"https:\/\/bibaardoak.eus\/es\/wp-json\/wp\/v2\/pages\/11051\/revisions"}],"predecessor-version":[{"id":11052,"href":"https:\/\/bibaardoak.eus\/es\/wp-json\/wp\/v2\/pages\/11051\/revisions\/11052"}],"up":[{"embeddable":true,"href":"https:\/\/bibaardoak.eus\/es\/wp-json\/wp\/v2\/pages\/10185"}],"wp:attachment":[{"href":"https:\/\/bibaardoak.eus\/es\/wp-json\/wp\/v2\/media?parent=11051"}],"curies":[{"name":"wp","href":"https:\/\/api.w.org\/{rel}","templated":true}]}}