{"id":11047,"date":"2023-12-01T16:29:36","date_gmt":"2023-12-01T16:29:36","guid":{"rendered":"https:\/\/bibaardoak.eus\/vineronxs\/espila\/"},"modified":"2023-12-01T16:30:27","modified_gmt":"2023-12-01T16:30:27","slug":"espila","status":"publish","type":"page","link":"https:\/\/bibaardoak.eus\/es\/vineronxs\/espila\/","title":{"rendered":"Espila"},"content":{"rendered":"<div class=\"wp-block-group alignfull eplus-wrapper has-secondary-background-color has-background has-global-padding is-layout-constrained wp-container-core-group-is-layout-1 wp-block-group-is-layout-constrained\" style=\"padding-top:var(--wp--preset--spacing--50);padding-right:var(--wp--preset--spacing--30);padding-bottom:var(--wp--preset--spacing--50);padding-left:var(--wp--preset--spacing--30)\"><div class=\"wp-block-columns alignwide eplus-wrapper is-layout-flex wp-container-core-columns-is-layout-1 wp-block-columns-is-layout-flex\" style=\"padding-right:0;padding-left:0\"><div class=\"wp-block-column eplus-wrapper is-layout-flow wp-block-column-is-layout-flow\"><figure class=\"wp-block-image size-large\"><img loading=\"lazy\" decoding=\"async\" width=\"1024\" height=\"912\" src=\"https:\/\/bibaardoak.eus\/app\/uploads\/2022\/09\/Paul-1024x912.png\" alt=\"Paul\" class=\"wp-image-9403\" srcset=\"https:\/\/bibaardoak.eus\/app\/uploads\/2022\/09\/Paul-1024x912.png 1024w, https:\/\/bibaardoak.eus\/app\/uploads\/2022\/09\/Paul-300x267.png 300w, https:\/\/bibaardoak.eus\/app\/uploads\/2022\/09\/Paul-768x684.png 768w, https:\/\/bibaardoak.eus\/app\/uploads\/2022\/09\/Paul-600x534.png 600w, https:\/\/bibaardoak.eus\/app\/uploads\/2022\/09\/Paul.png 1536w\" sizes=\"auto, (max-width: 1024px) 100vw, 1024px\" \/><\/figure><\/div>\n\n<div class=\"wp-block-column eplus-wrapper is-layout-flow wp-block-column-is-layout-flow\" style=\"padding-top:var(--wp--preset--spacing--30);padding-bottom:var(--wp--preset--spacing--30)\"><h4 class=\"wp-block-heading has-open-sans-font-family has-small-font-size\" style=\"font-style:normal;font-weight:400\">Espila<\/h4>\n\n<h3 class=\"wp-block-heading has-large-font-size\" style=\"margin-top:10px;margin-bottom:10px;font-style:normal;font-weight:400\">Paul Karrikaburu<\/h3>\n\n<h4 class=\"wp-block-heading has-open-sans-font-family has-small-font-size\" style=\"margin-top:0;margin-bottom:0;font-style:normal;font-weight:400\">Azkarate (Baja Navarra)<\/h4>\n\n<p class=\"has-small-font-size\">Espila es un antiguo caser\u00edo de Baja Navarra, fundado en 1763 y ubicado en Azkarate. All\u00ed, en 2004, Paul Karrikaburu recuper\u00f3 la explotaci\u00f3n agraria familiar.<\/p>\n\n<div class=\"wp-block-buttons is-layout-flex wp-block-buttons-is-layout-flex\"><div class=\"wp-block-button has-custom-font-size has-small-font-size\"><a class=\"wp-block-button__link has-foreground-color has-background-background-color has-text-color has-background has-link-color wp-element-button\" style=\"border-radius:3px\">Saber m\u00e1s<\/a><\/div><\/div>\n\n<h6 class=\"wp-block-heading\"><a href=\"https:\/\/bibaardoak.eus\/es\/vineronxs\/espila\/#infolezaun\">Saber m\u00e1s<\/a><\/h6><\/div><\/div><\/div><div class=\"wp-block-group alignfull has-global-padding is-layout-constrained wp-container-core-group-is-layout-2 wp-block-group-is-layout-constrained\" id=\"gehiago\" style=\"padding-right:var(--wp--preset--spacing--30);padding-left:var(--wp--preset--spacing--30)\"><div class=\"wp-block-columns alignwide are-vertically-aligned-center is-layout-flex wp-container-core-columns-is-layout-2 wp-block-columns-is-layout-flex\" style=\"padding-right:0;padding-left:0\"><div class=\"wp-block-column is-vertically-aligned-center is-layout-flow wp-block-column-is-layout-flow\"><h3 class=\"wp-block-heading\" style=\"font-style:normal;font-weight:400\">Viticultura<\/h3>\n\n<p class=\"has-small-font-size\">Actualmente posee dos hect\u00e1reas de vi\u00f1edos esparcidos por cuatro parcelas entre Azkarate, Irulegi y Anhauz, con tres tipos diferentes de terreno: arenisca, caliza y serpentina.<\/p><\/div>\n\n<div class=\"wp-block-column is-vertically-aligned-center is-layout-flow wp-block-column-is-layout-flow\"><figure class=\"wp-block-image\"><img decoding=\"async\" src=\"https:\/\/bibaardoak.eus\/app\/uploads\/2020\/12\/Paul-2-scaled.jpg\" alt=\"espila, biba ardoak\"\/><\/figure><\/div><\/div><\/div><div class=\"wp-block-group alignfull has-global-padding is-layout-constrained wp-container-core-group-is-layout-3 wp-block-group-is-layout-constrained\" style=\"padding-right:var(--wp--preset--spacing--30);padding-left:var(--wp--preset--spacing--30)\"><div class=\"wp-block-columns alignwide are-vertically-aligned-center is-layout-flex wp-container-core-columns-is-layout-3 wp-block-columns-is-layout-flex\" style=\"padding-right:0;padding-left:0\"><div class=\"wp-block-column is-vertically-aligned-center is-layout-flow wp-block-column-is-layout-flow\"><figure class=\"wp-block-image\"><img decoding=\"async\" src=\"https:\/\/bibaardoak.eus\/app\/uploads\/2020\/12\/40_EspilakoXuria.jpg\" alt=\"Espilako Xuria, Espila. Biba Ardoak\"\/><\/figure><\/div>\n\n<div class=\"wp-block-column is-vertically-aligned-center is-layout-flow wp-block-column-is-layout-flow\"><h3 class=\"wp-block-heading\" style=\"font-style:normal;font-weight:400\">Vinicultura<\/h3>\n\n<p class=\"has-small-font-size\">Los vi\u00f1edos se producen en la agricultura ecol\u00f3gica desde 2016 y tras haber estado vendiendo uvas hasta 2019, Paul decidi\u00f3 elaborar su primer vino.<\/p><\/div><\/div><\/div><div class=\"wp-block-cover alignfull has-parallax\" style=\"padding-right:var(--wp--preset--spacing--30);padding-left:var(--wp--preset--spacing--30);min-height:559px;aspect-ratio:unset;\"><span aria-hidden=\"true\" class=\"wp-block-cover__background has-background-dim-0 has-background-dim\"><\/span><div role=\"img\" class=\"wp-block-cover__image-background wp-image-7226 has-parallax\" style=\"background-position:50% 50%;background-image:url(https:\/\/bibaardoak.eus\/app\/uploads\/2021\/01\/mahastizainak-home-espila.jpg)\"><\/div><div class=\"wp-block-cover__inner-container has-global-padding is-layout-constrained wp-container-core-cover-is-layout-1 wp-block-cover-is-layout-constrained\"><p class=\"has-text-align-center has-large-font-size\">Paul Karrikaburu, Espila<\/p>\n\n<div class=\"wp-block-buttons is-content-justification-center is-layout-flex wp-container-core-buttons-is-layout-2 wp-block-buttons-is-layout-flex\"><div class=\"wp-block-button is-style-outline is-style-outline--2\"><a class=\"wp-block-button__link wp-element-button\" href=\"https:\/\/www.youtube.com\/watch?v=zIE_VBAV-DM\" target=\"_blank\" rel=\"noreferrer noopener\">Ver v\u00eddeo<\/a><\/div><\/div><\/div><\/div><div class=\"wp-block-group alignfull has-background has-global-padding is-layout-constrained wp-container-core-group-is-layout-4 wp-block-group-is-layout-constrained\" style=\"background:linear-gradient(0deg,rgb(255,255,255) 58%,rgb(230,245,234) 58%);margin-top:0;margin-bottom:0;padding-top:var(--wp--preset--spacing--40);padding-right:var(--wp--preset--spacing--30);padding-bottom:var(--wp--preset--spacing--40);padding-left:var(--wp--preset--spacing--30)\"><h3 class=\"wp-block-heading has-text-align-center\" style=\"font-style:normal;font-weight:400\">Los vinos de Paul<\/h3>\n\n<div class=\"wp-block-buttons is-content-justification-center is-layout-flex wp-container-core-buttons-is-layout-3 wp-block-buttons-is-layout-flex\"><div class=\"wp-block-button\"><a class=\"wp-block-button__link has-background-color has-secondary-background-color has-text-color has-background has-link-color wp-element-button\" href=\"\/tienda\" style=\"border-radius:3px\">Ver todos<\/a><\/div><\/div>\n\n<\/div>","protected":false},"excerpt":{"rendered":"<p>Espila Paul Karrikaburu Azkarate (Baja Navarra) Espila es un antiguo caser\u00edo de Baja Navarra, fundado en 1763 y ubicado en Azkarate. All\u00ed, en 2004, Paul Karrikaburu recuper\u00f3 la explotaci\u00f3n agraria familiar. Saber m\u00e1s Viticultura Actualmente posee dos hect\u00e1reas de vi\u00f1edos esparcidos por cuatro parcelas entre Azkarate, Irulegi y Anhauz, con tres tipos diferentes de terreno: [&hellip;]<\/p>\n","protected":false},"author":9,"featured_media":0,"parent":10185,"menu_order":0,"comment_status":"closed","ping_status":"closed","template":"","meta":{"footnotes":""},"class_list":["post-11047","page","type-page","status-publish","hentry"],"yoast_head":"<!-- This site is optimized with the Yoast SEO plugin v22.2 - https:\/\/yoast.com\/wordpress\/plugins\/seo\/ -->\n<title>Espila - Biba Ardoak<\/title>\n<meta name=\"robots\" content=\"index, follow, max-snippet:-1, max-image-preview:large, max-video-preview:-1\" \/>\n<link rel=\"canonical\" href=\"https:\/\/bibaardoak.eus\/mahastizainak\/espila\/\" \/>\n<meta property=\"og:locale\" content=\"es_ES\" \/>\n<meta property=\"og:type\" content=\"article\" \/>\n<meta property=\"og:title\" content=\"Espila - Biba Ardoak\" \/>\n<meta property=\"og:description\" content=\"Espila Paul Karrikaburu Azkarate (Baja Navarra) Espila es un antiguo caser\u00edo de Baja Navarra, fundado en 1763 y ubicado en Azkarate. All\u00ed, en 2004, Paul Karrikaburu recuper\u00f3 la explotaci\u00f3n agraria familiar. Saber m\u00e1s Viticultura Actualmente posee dos hect\u00e1reas de vi\u00f1edos esparcidos por cuatro parcelas entre Azkarate, Irulegi y Anhauz, con tres tipos diferentes de terreno: [&hellip;]\" \/>\n<meta property=\"og:url\" content=\"https:\/\/bibaardoak.eus\/mahastizainak\/espila\/\" \/>\n<meta property=\"og:site_name\" content=\"Biba Ardoak\" \/>\n<meta property=\"article:modified_time\" content=\"2023-12-01T16:30:27+00:00\" \/>\n<meta property=\"og:image\" content=\"https:\/\/bibaardoak.eus\/app\/uploads\/2022\/09\/Paul-1024x912.png\" \/>\n<meta name=\"twitter:card\" content=\"summary_large_image\" \/>\n<meta name=\"twitter:label1\" content=\"Est. reading time\" \/>\n\t<meta name=\"twitter:data1\" content=\"1 minute\" \/>\n<script type=\"application\/ld+json\" class=\"yoast-schema-graph\">{\"@context\":\"https:\/\/schema.org\",\"@graph\":[{\"@type\":\"WebPage\",\"@id\":\"https:\/\/bibaardoak.eus\/mahastizainak\/espila\/\",\"url\":\"https:\/\/bibaardoak.eus\/mahastizainak\/espila\/\",\"name\":\"Espila - Biba Ardoak\",\"isPartOf\":{\"@id\":\"https:\/\/bibaardoak.eus\/es\/#website\"},\"primaryImageOfPage\":{\"@id\":\"https:\/\/bibaardoak.eus\/mahastizainak\/espila\/#primaryimage\"},\"image\":{\"@id\":\"https:\/\/bibaardoak.eus\/mahastizainak\/espila\/#primaryimage\"},\"thumbnailUrl\":\"https:\/\/bibaardoak.eus\/app\/uploads\/2022\/09\/Paul-1024x912.png\",\"datePublished\":\"2023-12-01T16:29:36+00:00\",\"dateModified\":\"2023-12-01T16:30:27+00:00\",\"breadcrumb\":{\"@id\":\"https:\/\/bibaardoak.eus\/mahastizainak\/espila\/#breadcrumb\"},\"inLanguage\":\"es-ES\",\"potentialAction\":[{\"@type\":\"ReadAction\",\"target\":[\"https:\/\/bibaardoak.eus\/mahastizainak\/espila\/\"]}]},{\"@type\":\"ImageObject\",\"inLanguage\":\"es-ES\",\"@id\":\"https:\/\/bibaardoak.eus\/mahastizainak\/espila\/#primaryimage\",\"url\":\"https:\/\/bibaardoak.eus\/app\/uploads\/2022\/09\/Paul.png\",\"contentUrl\":\"https:\/\/bibaardoak.eus\/app\/uploads\/2022\/09\/Paul.png\",\"width\":1536,\"height\":1368,\"caption\":\"Paul\"},{\"@type\":\"BreadcrumbList\",\"@id\":\"https:\/\/bibaardoak.eus\/mahastizainak\/espila\/#breadcrumb\",\"itemListElement\":[{\"@type\":\"ListItem\",\"position\":1,\"name\":\"Home\",\"item\":\"https:\/\/bibaardoak.eus\/es\/\"},{\"@type\":\"ListItem\",\"position\":2,\"name\":\"Vi\u00f1eronxs\",\"item\":\"https:\/\/bibaardoak.eus\/mahastizainak\/\"},{\"@type\":\"ListItem\",\"position\":3,\"name\":\"Espila\"}]},{\"@type\":\"WebSite\",\"@id\":\"https:\/\/bibaardoak.eus\/es\/#website\",\"url\":\"https:\/\/bibaardoak.eus\/es\/\",\"name\":\"Biba Ardoak\",\"description\":\"Euskal Mahastizainen Ardo Ekologikoak eta Naturalak\",\"publisher\":{\"@id\":\"https:\/\/bibaardoak.eus\/es\/#organization\"},\"potentialAction\":[{\"@type\":\"SearchAction\",\"target\":{\"@type\":\"EntryPoint\",\"urlTemplate\":\"https:\/\/bibaardoak.eus\/es\/?s={search_term_string}\"},\"query-input\":\"required name=search_term_string\"}],\"inLanguage\":\"es-ES\"},{\"@type\":\"Organization\",\"@id\":\"https:\/\/bibaardoak.eus\/es\/#organization\",\"name\":\"Biba Ardoak\",\"url\":\"https:\/\/bibaardoak.eus\/es\/\",\"logo\":{\"@type\":\"ImageObject\",\"inLanguage\":\"es-ES\",\"@id\":\"https:\/\/bibaardoak.eus\/es\/#\/schema\/logo\/image\/\",\"url\":\"https:\/\/bibaardoak.eus\/app\/uploads\/2020\/10\/logo.png\",\"contentUrl\":\"https:\/\/bibaardoak.eus\/app\/uploads\/2020\/10\/logo.png\",\"width\":165,\"height\":89,\"caption\":\"Biba Ardoak\"},\"image\":{\"@id\":\"https:\/\/bibaardoak.eus\/es\/#\/schema\/logo\/image\/\"}}]}<\/script>\n<!-- \/ Yoast SEO plugin. -->","yoast_head_json":{"title":"Espila - Biba Ardoak","robots":{"index":"index","follow":"follow","max-snippet":"max-snippet:-1","max-image-preview":"max-image-preview:large","max-video-preview":"max-video-preview:-1"},"canonical":"https:\/\/bibaardoak.eus\/mahastizainak\/espila\/","og_locale":"es_ES","og_type":"article","og_title":"Espila - Biba Ardoak","og_description":"Espila Paul Karrikaburu Azkarate (Baja Navarra) Espila es un antiguo caser\u00edo de Baja Navarra, fundado en 1763 y ubicado en Azkarate. All\u00ed, en 2004, Paul Karrikaburu recuper\u00f3 la explotaci\u00f3n agraria familiar. Saber m\u00e1s Viticultura Actualmente posee dos hect\u00e1reas de vi\u00f1edos esparcidos por cuatro parcelas entre Azkarate, Irulegi y Anhauz, con tres tipos diferentes de terreno: [&hellip;]","og_url":"https:\/\/bibaardoak.eus\/mahastizainak\/espila\/","og_site_name":"Biba Ardoak","article_modified_time":"2023-12-01T16:30:27+00:00","og_image":[{"url":"https:\/\/bibaardoak.eus\/app\/uploads\/2022\/09\/Paul-1024x912.png"}],"twitter_card":"summary_large_image","twitter_misc":{"Est. reading time":"1 minute"},"schema":{"@context":"https:\/\/schema.org","@graph":[{"@type":"WebPage","@id":"https:\/\/bibaardoak.eus\/mahastizainak\/espila\/","url":"https:\/\/bibaardoak.eus\/mahastizainak\/espila\/","name":"Espila - Biba Ardoak","isPartOf":{"@id":"https:\/\/bibaardoak.eus\/es\/#website"},"primaryImageOfPage":{"@id":"https:\/\/bibaardoak.eus\/mahastizainak\/espila\/#primaryimage"},"image":{"@id":"https:\/\/bibaardoak.eus\/mahastizainak\/espila\/#primaryimage"},"thumbnailUrl":"https:\/\/bibaardoak.eus\/app\/uploads\/2022\/09\/Paul-1024x912.png","datePublished":"2023-12-01T16:29:36+00:00","dateModified":"2023-12-01T16:30:27+00:00","breadcrumb":{"@id":"https:\/\/bibaardoak.eus\/mahastizainak\/espila\/#breadcrumb"},"inLanguage":"es-ES","potentialAction":[{"@type":"ReadAction","target":["https:\/\/bibaardoak.eus\/mahastizainak\/espila\/"]}]},{"@type":"ImageObject","inLanguage":"es-ES","@id":"https:\/\/bibaardoak.eus\/mahastizainak\/espila\/#primaryimage","url":"https:\/\/bibaardoak.eus\/app\/uploads\/2022\/09\/Paul.png","contentUrl":"https:\/\/bibaardoak.eus\/app\/uploads\/2022\/09\/Paul.png","width":1536,"height":1368,"caption":"Paul"},{"@type":"BreadcrumbList","@id":"https:\/\/bibaardoak.eus\/mahastizainak\/espila\/#breadcrumb","itemListElement":[{"@type":"ListItem","position":1,"name":"Home","item":"https:\/\/bibaardoak.eus\/es\/"},{"@type":"ListItem","position":2,"name":"Vi\u00f1eronxs","item":"https:\/\/bibaardoak.eus\/mahastizainak\/"},{"@type":"ListItem","position":3,"name":"Espila"}]},{"@type":"WebSite","@id":"https:\/\/bibaardoak.eus\/es\/#website","url":"https:\/\/bibaardoak.eus\/es\/","name":"Biba Ardoak","description":"Euskal Mahastizainen Ardo Ekologikoak eta Naturalak","publisher":{"@id":"https:\/\/bibaardoak.eus\/es\/#organization"},"potentialAction":[{"@type":"SearchAction","target":{"@type":"EntryPoint","urlTemplate":"https:\/\/bibaardoak.eus\/es\/?s={search_term_string}"},"query-input":"required name=search_term_string"}],"inLanguage":"es-ES"},{"@type":"Organization","@id":"https:\/\/bibaardoak.eus\/es\/#organization","name":"Biba Ardoak","url":"https:\/\/bibaardoak.eus\/es\/","logo":{"@type":"ImageObject","inLanguage":"es-ES","@id":"https:\/\/bibaardoak.eus\/es\/#\/schema\/logo\/image\/","url":"https:\/\/bibaardoak.eus\/app\/uploads\/2020\/10\/logo.png","contentUrl":"https:\/\/bibaardoak.eus\/app\/uploads\/2020\/10\/logo.png","width":165,"height":89,"caption":"Biba Ardoak"},"image":{"@id":"https:\/\/bibaardoak.eus\/es\/#\/schema\/logo\/image\/"}}]}},"_links":{"self":[{"href":"https:\/\/bibaardoak.eus\/es\/wp-json\/wp\/v2\/pages\/11047","targetHints":{"allow":["GET"]}}],"collection":[{"href":"https:\/\/bibaardoak.eus\/es\/wp-json\/wp\/v2\/pages"}],"about":[{"href":"https:\/\/bibaardoak.eus\/es\/wp-json\/wp\/v2\/types\/page"}],"author":[{"embeddable":true,"href":"https:\/\/bibaardoak.eus\/es\/wp-json\/wp\/v2\/users\/9"}],"replies":[{"embeddable":true,"href":"https:\/\/bibaardoak.eus\/es\/wp-json\/wp\/v2\/comments?post=11047"}],"version-history":[{"count":3,"href":"https:\/\/bibaardoak.eus\/es\/wp-json\/wp\/v2\/pages\/11047\/revisions"}],"predecessor-version":[{"id":11050,"href":"https:\/\/bibaardoak.eus\/es\/wp-json\/wp\/v2\/pages\/11047\/revisions\/11050"}],"up":[{"embeddable":true,"href":"https:\/\/bibaardoak.eus\/es\/wp-json\/wp\/v2\/pages\/10185"}],"wp:attachment":[{"href":"https:\/\/bibaardoak.eus\/es\/wp-json\/wp\/v2\/media?parent=11047"}],"curies":[{"name":"wp","href":"https:\/\/api.w.org\/{rel}","templated":true}]}}